{"id":3380,"date":"2026-04-28T23:21:59","date_gmt":"2026-04-28T21:21:59","guid":{"rendered":"https:\/\/repmancarretillas.es\/?post_type=product&#038;p=3380"},"modified":"2026-04-28T23:25:37","modified_gmt":"2026-04-28T21:25:37","slug":"bt-staxio-1-0-tonelada-2","status":"publish","type":"product","link":"https:\/\/repmancarretillas.es\/it\/product\/bt-staxio-1-0-tonelada-2\/","title":{"rendered":"BT Staxio 1.0 Tonelada"},"content":{"rendered":"<h2>Beneficios clave.<\/h2>\n<ul>\n<li data-pm-slice=\"1 1 []\">\n<p data-pm-slice=\"1 1 []\">Altura media de apilamiento para aplicaciones de baja intensidad.<\/p>\n<\/li>\n<li data-pm-slice=\"1 1 []\">\n<p data-pm-slice=\"1 1 []\">Chasis de 5 puntos de apoyo que proporciona gran estabilidad y control.<\/p>\n<\/li>\n<li data-pm-slice=\"1 1 []\">\n<p data-pm-slice=\"1 1 []\">Excelente visibilidad de las horquillas para mayor seguridad.<\/p>\n<\/li>\n<li data-pm-slice=\"1 1 []\">\n<p data-pm-slice=\"1 1 []\">Sistema Click-2-Creep para acceso r\u00e1pido al modo de marcha lenta.<\/p>\n<\/li>\n<li data-pm-slice=\"1 1 []\">\n<p data-pm-slice=\"1 1 []\">Carretilla inteligente de f\u00e1cil conexi\u00f3n, monitorizaci\u00f3n y optimizaci\u00f3n.<\/p>\n<\/li>\n<\/ul>\n<h2>Especificaciones.<\/h2>\n<p data-pm-slice=\"1 1 []\">Apilador BT Staxio con altura de elevaci\u00f3n hasta 3,3 m, velocidad 6 km\/h, BT Powerdrive, Click-2-Creep, controles ergon\u00f3micos, frenado electr\u00f3nico, seguridad del operador, desconexi\u00f3n autom\u00e1tica y telem\u00e1tica inteligente integrada.<\/p>","protected":false},"excerpt":{"rendered":"<p data-pm-slice=\"1 1 []\">\u00bfBusca una soluci\u00f3n de apilamiento para aplicaciones de baja a media intensidad? La BT Staxio serie W, con capacidad de 1000 kg, est\u00e1 dise\u00f1ada para ofrecer un manejo sencillo, seguro y eficiente. Su m\u00e1stil proporciona excelente visibilidad y sus controles intuitivos permiten operar con tim\u00f3n en posici\u00f3n vertical, facilitando la maniobrabilidad en espacios reducidos.<\/p>\n<p data-pm-slice=\"1 1 []\"><em><strong>1000 kg | 3300 mm | 6,0 km\/h | Carretilla inteligente<\/strong><\/em><\/p>\n<ul>\n<li data-pm-slice=\"1 1 []\">Entrega disponible en 24 horas.<\/li>\n<li data-pm-slice=\"1 1 []\">Cancelaci\u00f3n gratuita hasta 2 d\u00edas antes del inicio del alquiler.<\/li>\n<li data-pm-slice=\"1 1 []\">Amplia gama de equipos con servicio completo incluido.<\/li>\n<li data-pm-slice=\"1 1 []\">Alta flexibilidad adaptada a las necesidades del negocio.<\/li>\n<\/ul>","protected":false},"featured_media":3381,"template":"","meta":{"_joinchat":[]},"product_brand":[],"product_cat":[38,36],"product_tag":[],"class_list":{"0":"post-3380","1":"product","2":"type-product","3":"status-publish","4":"has-post-thumbnail","6":"product_cat-apiladores-electricos-alquiler","7":"product_cat-carretillas-elevadoras-para-alquiler","9":"first","10":"instock","11":"shipping-taxable","12":"product-type-simple"},"_links":{"self":[{"href":"https:\/\/repmancarretillas.es\/it\/wp-json\/wp\/v2\/product\/3380","targetHints":{"allow":["GET"]}}],"collection":[{"href":"https:\/\/repmancarretillas.es\/it\/wp-json\/wp\/v2\/product"}],"about":[{"href":"https:\/\/repmancarretillas.es\/it\/wp-json\/wp\/v2\/types\/product"}],"version-history":[{"count":1,"href":"https:\/\/repmancarretillas.es\/it\/wp-json\/wp\/v2\/product\/3380\/revisions"}],"predecessor-version":[{"id":3389,"href":"https:\/\/repmancarretillas.es\/it\/wp-json\/wp\/v2\/product\/3380\/revisions\/3389"}],"wp:featuredmedia":[{"embeddable":true,"href":"https:\/\/repmancarretillas.es\/it\/wp-json\/wp\/v2\/media\/3381"}],"wp:attachment":[{"href":"https:\/\/repmancarretillas.es\/it\/wp-json\/wp\/v2\/media?parent=3380"}],"wp:term":[{"taxonomy":"product_brand","embeddable":true,"href":"https:\/\/repmancarretillas.es\/it\/wp-json\/wp\/v2\/product_brand?post=3380"},{"taxonomy":"product_cat","embeddable":true,"href":"https:\/\/repmancarretillas.es\/it\/wp-json\/wp\/v2\/product_cat?post=3380"},{"taxonomy":"product_tag","embeddable":true,"href":"https:\/\/repmancarretillas.es\/it\/wp-json\/wp\/v2\/product_tag?post=3380"}],"curies":[{"name":"wp","href":"https:\/\/api.w.org\/{rel}","templated":true}]}}