{"id":3351,"date":"2026-04-28T23:08:37","date_gmt":"2026-04-28T21:08:37","guid":{"rendered":"https:\/\/repmancarretillas.es\/?post_type=product&#038;p=3351"},"modified":"2026-04-28T23:13:42","modified_gmt":"2026-04-28T21:13:42","slug":"bt-staxio-1t-compacto-2","status":"publish","type":"product","link":"https:\/\/repmancarretillas.es\/it\/product\/bt-staxio-1t-compacto-2\/","title":{"rendered":"BT Staxio 1t Compacto"},"content":{"rendered":"<h2>Beneficios clave.<\/h2>\n<ul>\n<li data-pm-slice=\"1 1 []\">\n<p data-pm-slice=\"1 1 []\">Dise\u00f1o ligero y compacto para mayor maniobrabilidad.<\/p>\n<\/li>\n<li data-pm-slice=\"1 1 []\">\n<p data-pm-slice=\"1 1 []\">Mantenimiento sencillo que reduce tiempos de inactividad.<\/p>\n<\/li>\n<li data-pm-slice=\"1 1 []\">\n<p data-pm-slice=\"1 1 []\">Bajo consumo energ\u00e9tico para mayor eficiencia operativa.<\/p>\n<\/li>\n<li data-pm-slice=\"1 1 []\">\n<p data-pm-slice=\"1 1 []\">Ajuste autom\u00e1tico de altura disponible como opci\u00f3n.<\/p>\n<\/li>\n<li data-pm-slice=\"1 1 []\">\n<p data-pm-slice=\"1 1 []\">Carretilla inteligente de f\u00e1cil conexi\u00f3n, monitorizaci\u00f3n y optimizaci\u00f3n.<\/p>\n<\/li>\n<\/ul>\n<h2>Especificaciones.<\/h2>\n<p data-pm-slice=\"1 1 []\">Apiladores BT Staxio HWE ligeros, silenciosos, ideales para baja intensidad, preparaci\u00f3n de pedidos y palets. Bater\u00edas sin mantenimiento, cargador integrado, motor AC, par\u00e1metros ajustables, alta visibilidad y telem\u00e1tica inteligente integrada.<\/p>","protected":false},"excerpt":{"rendered":"<p data-pm-slice=\"1 1 []\">\u00bfBusca un apilador compacto para aplicaciones de baja intensidad? El HWE100, con un peso de solo 467 kg, ofrece un dise\u00f1o extremadamente compacto y funcionamiento silencioso. Con capacidad de carga de 1000 kg, es ideal para m\u00faltiples aplicaciones. Su motor de corriente alterna garantiza alta eficiencia energ\u00e9tica, durabilidad y bajo mantenimiento.<\/p>\n<p data-pm-slice=\"1 1 []\"><em><strong>1000 kg | 2000 mm | 5,5 km\/h | Carretilla inteligente<\/strong><\/em><\/p>\n<ul>\n<li data-pm-slice=\"1 1 []\">Entrega disponible en 24 horas.<\/li>\n<li data-pm-slice=\"1 1 []\">Cancelaci\u00f3n gratuita hasta 2 d\u00edas antes del inicio del alquiler.<\/li>\n<li data-pm-slice=\"1 1 []\">Amplia gama de equipos con servicio completo incluido.<\/li>\n<li data-pm-slice=\"1 1 []\">Alta flexibilidad adaptada a las necesidades del negocio.<\/li>\n<\/ul>","protected":false},"featured_media":3352,"template":"","meta":{"_joinchat":[]},"product_brand":[],"product_cat":[38,36],"product_tag":[],"class_list":{"0":"post-3351","1":"product","2":"type-product","3":"status-publish","4":"has-post-thumbnail","6":"product_cat-apiladores-electricos-alquiler","7":"product_cat-carretillas-elevadoras-para-alquiler","9":"first","10":"instock","11":"shipping-taxable","12":"product-type-simple"},"_links":{"self":[{"href":"https:\/\/repmancarretillas.es\/it\/wp-json\/wp\/v2\/product\/3351","targetHints":{"allow":["GET"]}}],"collection":[{"href":"https:\/\/repmancarretillas.es\/it\/wp-json\/wp\/v2\/product"}],"about":[{"href":"https:\/\/repmancarretillas.es\/it\/wp-json\/wp\/v2\/types\/product"}],"version-history":[{"count":1,"href":"https:\/\/repmancarretillas.es\/it\/wp-json\/wp\/v2\/product\/3351\/revisions"}],"predecessor-version":[{"id":3360,"href":"https:\/\/repmancarretillas.es\/it\/wp-json\/wp\/v2\/product\/3351\/revisions\/3360"}],"wp:featuredmedia":[{"embeddable":true,"href":"https:\/\/repmancarretillas.es\/it\/wp-json\/wp\/v2\/media\/3352"}],"wp:attachment":[{"href":"https:\/\/repmancarretillas.es\/it\/wp-json\/wp\/v2\/media?parent=3351"}],"wp:term":[{"taxonomy":"product_brand","embeddable":true,"href":"https:\/\/repmancarretillas.es\/it\/wp-json\/wp\/v2\/product_brand?post=3351"},{"taxonomy":"product_cat","embeddable":true,"href":"https:\/\/repmancarretillas.es\/it\/wp-json\/wp\/v2\/product_cat?post=3351"},{"taxonomy":"product_tag","embeddable":true,"href":"https:\/\/repmancarretillas.es\/it\/wp-json\/wp\/v2\/product_tag?post=3351"}],"curies":[{"name":"wp","href":"https:\/\/api.w.org\/{rel}","templated":true}]}}