{"id":2876,"date":"2026-04-28T17:05:03","date_gmt":"2026-04-28T15:05:03","guid":{"rendered":"https:\/\/repmancarretillas.es\/?post_type=product&#038;p=2876"},"modified":"2026-04-28T17:08:58","modified_gmt":"2026-04-28T15:08:58","slug":"toyota-tonero-tc-glp-3-5t-600mm-lc","status":"publish","type":"product","link":"https:\/\/repmancarretillas.es\/it\/product\/toyota-tonero-tc-glp-3-5t-600mm-lc\/","title":{"rendered":"Toyota Tonero TC GLP 3.5t 600mm LC"},"content":{"rendered":"<h2>Principali vantaggi.<\/h2>\n<ul>\n<li data-pm-slice=\"1 1 []\">\n<p data-pm-slice=\"1 1 []\">Dise\u00f1ada para operaciones exigentes de manipulaci\u00f3n de materiales en exteriores con cargas m\u00faltiples.<\/p>\n<\/li>\n<li data-pm-slice=\"1 1 []\">\n<p data-pm-slice=\"1 1 []\">Transmisi\u00f3n con convertidor de par que proporciona una conducci\u00f3n suave y eficiente.<\/p>\n<\/li>\n<li data-pm-slice=\"1 1 []\">\n<p data-pm-slice=\"1 1 []\">Motor GLP industrial Toyota, potente y altamente confiable.<\/p>\n<\/li>\n<li data-pm-slice=\"1 1 []\">\n<p data-pm-slice=\"1 1 []\">Excelente visibilidad de las puntas de las horquillas en cualquier altura para mayor seguridad operativa.<\/p>\n<\/li>\n<li data-pm-slice=\"1 1 []\">\n<p data-pm-slice=\"1 1 []\">Sistema de Estabilidad Activa (SAS) que mejora el control y la estabilidad.<\/p>\n<\/li>\n<\/ul>\n<h2>Specifiche.<\/h2>\n<p data-pm-slice=\"1 1 []\">Carretilla elevadora con capacidad de 4500 kg o 4000 kg seg\u00fan centro de carga, transmisi\u00f3n hidrodin\u00e1mica, sistema SAS y OPS, frenos dobles, direcci\u00f3n hidr\u00e1ulica, m\u00e1stil de alta visibilidad, faros LED y motor eficiente.<\/p>","protected":false},"excerpt":{"rendered":"<p data-pm-slice=\"1 1 []\">\u00bfNecesita una carretilla elevadora de combusti\u00f3n interna confiable y eficiente? Las Toyota Tonero GLP est\u00e1n dise\u00f1adas para operaciones intensivas en exteriores, ofreciendo excelente maniobrabilidad, aceleraci\u00f3n r\u00e1pida y alto rendimiento productivo.<\/p>\n<p data-pm-slice=\"1 1 []\"><em><strong>4000 kg | 6000 mm | 24,0 km\/h<\/strong><\/em><\/p>\n<p data-pm-slice=\"1 1 []\">Funcionamiento c\u00f3modo: El asiento totalmente ajustable, con apoyo lateral y lumbar, amplio espacio para las piernas y la columna de direcci\u00f3n ajustable ofrecen al conductor una experiencia ergon\u00f3mica.<\/p>","protected":false},"featured_media":2877,"template":"","meta":{"_joinchat":[]},"product_brand":[],"product_cat":[26,33],"product_tag":[],"class_list":{"0":"post-2876","1":"product","2":"type-product","3":"status-publish","4":"has-post-thumbnail","6":"product_cat-carretillas-elevadoras","7":"product_cat-contrapesadas-ci","9":"first","10":"instock","11":"shipping-taxable","12":"product-type-simple"},"_links":{"self":[{"href":"https:\/\/repmancarretillas.es\/it\/wp-json\/wp\/v2\/product\/2876","targetHints":{"allow":["GET"]}}],"collection":[{"href":"https:\/\/repmancarretillas.es\/it\/wp-json\/wp\/v2\/product"}],"about":[{"href":"https:\/\/repmancarretillas.es\/it\/wp-json\/wp\/v2\/types\/product"}],"version-history":[{"count":1,"href":"https:\/\/repmancarretillas.es\/it\/wp-json\/wp\/v2\/product\/2876\/revisions"}],"predecessor-version":[{"id":2883,"href":"https:\/\/repmancarretillas.es\/it\/wp-json\/wp\/v2\/product\/2876\/revisions\/2883"}],"wp:featuredmedia":[{"embeddable":true,"href":"https:\/\/repmancarretillas.es\/it\/wp-json\/wp\/v2\/media\/2877"}],"wp:attachment":[{"href":"https:\/\/repmancarretillas.es\/it\/wp-json\/wp\/v2\/media?parent=2876"}],"wp:term":[{"taxonomy":"product_brand","embeddable":true,"href":"https:\/\/repmancarretillas.es\/it\/wp-json\/wp\/v2\/product_brand?post=2876"},{"taxonomy":"product_cat","embeddable":true,"href":"https:\/\/repmancarretillas.es\/it\/wp-json\/wp\/v2\/product_cat?post=2876"},{"taxonomy":"product_tag","embeddable":true,"href":"https:\/\/repmancarretillas.es\/it\/wp-json\/wp\/v2\/product_tag?post=2876"}],"curies":[{"name":"wp","href":"https:\/\/api.w.org\/{rel}","templated":true}]}}