{"id":2839,"date":"2026-04-28T16:46:27","date_gmt":"2026-04-28T14:46:27","guid":{"rendered":"https:\/\/repmancarretillas.es\/?post_type=product&#038;p=2839"},"modified":"2026-04-28T16:50:26","modified_gmt":"2026-04-28T14:50:26","slug":"toyota-tonero-tc-glp-3-5t-e217-600mm-lc","status":"publish","type":"product","link":"https:\/\/repmancarretillas.es\/it\/product\/toyota-tonero-tc-glp-3-5t-e217-600mm-lc\/","title":{"rendered":"Toyota Tonero TC GLP 3.5t E217 600mm LC"},"content":{"rendered":"<h2>Principali vantaggi.<\/h2>\n<ul>\n<li data-pm-slice=\"1 1 []\">\n<p data-pm-slice=\"1 1 []\">Ideal para trabajos exigentes en exteriores y cargas m\u00faltiples<\/p>\n<\/li>\n<li data-pm-slice=\"1 1 []\">\n<p data-pm-slice=\"1 1 []\">Transmisi\u00f3n por convertidor de par para conducci\u00f3n suave<\/p>\n<\/li>\n<li data-pm-slice=\"1 1 []\">\n<p data-pm-slice=\"1 1 []\">Motor GLP Toyota potente y fiable<\/p>\n<\/li>\n<li data-pm-slice=\"1 1 []\">\n<p data-pm-slice=\"1 1 []\">Excelente visibilidad en todas las alturas<\/p>\n<\/li>\n<li data-pm-slice=\"1 1 []\">\n<p data-pm-slice=\"1 1 []\">Sistema SAS para mayor seguridad<\/p>\n<\/li>\n<\/ul>\n<h2>Specifiche.<\/h2>\n<p data-pm-slice=\"1 1 []\">Toyota SAS y OPS, ORS, capacidad 4000\u20133500 kg, transmisi\u00f3n hidrodin\u00e1mica, m\u00e1stil 3000 mm, horquillas 1000 mm, freno doble, direcci\u00f3n hidr\u00e1ulica, luces LED, autodiagn\u00f3stico, elevaci\u00f3n 6000 mm y columna ajustable.<\/p>","protected":false},"excerpt":{"rendered":"<p data-pm-slice=\"1 1 []\">\u00bfBusca una carretilla GLP fiable y productiva? La Toyota Tonero es ideal para trabajos intensivos en exteriores, con excelente maniobrabilidad y alto rendimiento operativo.<\/p>\n<p data-pm-slice=\"1 1 []\"><em><strong>3500 kg | 6000 mm | 24,0 km\/h<\/strong><\/em><\/p>\n<p data-pm-slice=\"1 1 []\">All-in-one display: The dashboard display is easy and intuitive. The controls are all integrated in one place in one single display for enhanced productivity and comfort of operators.<\/p>","protected":false},"featured_media":2840,"template":"","meta":{"_joinchat":[]},"product_brand":[],"product_cat":[26,33],"product_tag":[],"class_list":{"0":"post-2839","1":"product","2":"type-product","3":"status-publish","4":"has-post-thumbnail","6":"product_cat-carretillas-elevadoras","7":"product_cat-contrapesadas-ci","9":"first","10":"instock","11":"shipping-taxable","12":"product-type-simple"},"_links":{"self":[{"href":"https:\/\/repmancarretillas.es\/it\/wp-json\/wp\/v2\/product\/2839","targetHints":{"allow":["GET"]}}],"collection":[{"href":"https:\/\/repmancarretillas.es\/it\/wp-json\/wp\/v2\/product"}],"about":[{"href":"https:\/\/repmancarretillas.es\/it\/wp-json\/wp\/v2\/types\/product"}],"version-history":[{"count":1,"href":"https:\/\/repmancarretillas.es\/it\/wp-json\/wp\/v2\/product\/2839\/revisions"}],"predecessor-version":[{"id":2846,"href":"https:\/\/repmancarretillas.es\/it\/wp-json\/wp\/v2\/product\/2839\/revisions\/2846"}],"wp:featuredmedia":[{"embeddable":true,"href":"https:\/\/repmancarretillas.es\/it\/wp-json\/wp\/v2\/media\/2840"}],"wp:attachment":[{"href":"https:\/\/repmancarretillas.es\/it\/wp-json\/wp\/v2\/media?parent=2839"}],"wp:term":[{"taxonomy":"product_brand","embeddable":true,"href":"https:\/\/repmancarretillas.es\/it\/wp-json\/wp\/v2\/product_brand?post=2839"},{"taxonomy":"product_cat","embeddable":true,"href":"https:\/\/repmancarretillas.es\/it\/wp-json\/wp\/v2\/product_cat?post=2839"},{"taxonomy":"product_tag","embeddable":true,"href":"https:\/\/repmancarretillas.es\/it\/wp-json\/wp\/v2\/product_tag?post=2839"}],"curies":[{"name":"wp","href":"https:\/\/api.w.org\/{rel}","templated":true}]}}