{"id":2810,"date":"2026-04-28T16:31:48","date_gmt":"2026-04-28T14:31:48","guid":{"rendered":"https:\/\/repmancarretillas.es\/?post_type=product&#038;p=2810"},"modified":"2026-04-28T16:35:19","modified_gmt":"2026-04-28T14:35:19","slug":"toyota-tonero-tc-diesel-5t-600mm-lc","status":"publish","type":"product","link":"https:\/\/repmancarretillas.es\/it\/product\/toyota-tonero-tc-diesel-5t-600mm-lc\/","title":{"rendered":"Toyota Tonero TC Diesel 5t 600mm LC"},"content":{"rendered":"<h2>Principali vantaggi.<\/h2>\n<ul>\n<li data-pm-slice=\"1 1 []\">\n<p data-pm-slice=\"1 1 []\">Ideal para trabajos exigentes en exteriores y cargas m\u00faltiples<\/p>\n<\/li>\n<li data-pm-slice=\"1 1 []\">\n<p data-pm-slice=\"1 1 []\">Transmisi\u00f3n por convertidor de par para conducci\u00f3n suave<\/p>\n<\/li>\n<li data-pm-slice=\"1 1 []\">\n<p data-pm-slice=\"1 1 []\">Motor di\u00e9sel Toyota potente y fiable<\/p>\n<\/li>\n<li data-pm-slice=\"1 1 []\">\n<p data-pm-slice=\"1 1 []\">Excelente visibilidad en todas las alturas<\/p>\n<\/li>\n<li data-pm-slice=\"1 1 []\">\n<p data-pm-slice=\"1 1 []\">Sistema SAS para mayor segurida<\/p>\n<\/li>\n<\/ul>\n<h2>Specifiche.<\/h2>\n<p data-pm-slice=\"1 1 []\">Capacidad de carga 5000 kg con centro de carga 600 mm. Transmisi\u00f3n hidrodin\u00e1mica, sistema SAS y OPS, asiento ORS, m\u00e1stil 3000 mm, elevaci\u00f3n 6000 mm y alta estabilidad operativa.<\/p>","protected":false},"excerpt":{"rendered":"<p data-pm-slice=\"1 1 []\">\u00bfBusca una carretilla elevadora potente para operaciones intensivas en exteriores? Esta vers\u00e1til carretilla di\u00e9sel es fiable y duradera. Su maniobrabilidad segura y su r\u00e1pida aceleraci\u00f3n hacen que la Toyota Tonero sea altamente productiva, ideal para aplicaciones exigentes.<\/p>\n<p data-pm-slice=\"1 1 []\"><em><strong>5000 kg | 6000 mm | 24,0 km\/h<\/strong><\/em><\/p>\n<p data-pm-slice=\"1 1 []\">Funcionamiento c\u00f3modo: El asiento totalmente ajustable, con apoyo lateral y lumbar, amplio espacio para las piernas y la columna de direcci\u00f3n ajustable ofrecen al conductor una experiencia ergon\u00f3mica.<\/p>","protected":false},"featured_media":2811,"template":"","meta":{"_joinchat":[]},"product_brand":[],"product_cat":[26,33],"product_tag":[],"class_list":{"0":"post-2810","1":"product","2":"type-product","3":"status-publish","4":"has-post-thumbnail","6":"product_cat-carretillas-elevadoras","7":"product_cat-contrapesadas-ci","9":"first","10":"instock","11":"shipping-taxable","12":"product-type-simple"},"_links":{"self":[{"href":"https:\/\/repmancarretillas.es\/it\/wp-json\/wp\/v2\/product\/2810","targetHints":{"allow":["GET"]}}],"collection":[{"href":"https:\/\/repmancarretillas.es\/it\/wp-json\/wp\/v2\/product"}],"about":[{"href":"https:\/\/repmancarretillas.es\/it\/wp-json\/wp\/v2\/types\/product"}],"version-history":[{"count":1,"href":"https:\/\/repmancarretillas.es\/it\/wp-json\/wp\/v2\/product\/2810\/revisions"}],"predecessor-version":[{"id":2817,"href":"https:\/\/repmancarretillas.es\/it\/wp-json\/wp\/v2\/product\/2810\/revisions\/2817"}],"wp:featuredmedia":[{"embeddable":true,"href":"https:\/\/repmancarretillas.es\/it\/wp-json\/wp\/v2\/media\/2811"}],"wp:attachment":[{"href":"https:\/\/repmancarretillas.es\/it\/wp-json\/wp\/v2\/media?parent=2810"}],"wp:term":[{"taxonomy":"product_brand","embeddable":true,"href":"https:\/\/repmancarretillas.es\/it\/wp-json\/wp\/v2\/product_brand?post=2810"},{"taxonomy":"product_cat","embeddable":true,"href":"https:\/\/repmancarretillas.es\/it\/wp-json\/wp\/v2\/product_cat?post=2810"},{"taxonomy":"product_tag","embeddable":true,"href":"https:\/\/repmancarretillas.es\/it\/wp-json\/wp\/v2\/product_tag?post=2810"}],"curies":[{"name":"wp","href":"https:\/\/api.w.org\/{rel}","templated":true}]}}