{"id":2479,"date":"2026-04-28T01:12:18","date_gmt":"2026-04-27T23:12:18","guid":{"rendered":"https:\/\/repmancarretillas.es\/?post_type=product&#038;p=2479"},"modified":"2026-04-28T01:19:03","modified_gmt":"2026-04-27T23:19:03","slug":"toyota-traigo48-3-ruedas-18t-compacta-2025","status":"publish","type":"product","link":"https:\/\/repmancarretillas.es\/it\/product\/toyota-traigo48-3-ruedas-18t-compacta-2025\/","title":{"rendered":"Toyota Traigo48, 3 ruedas 1,8t Compacta (2025)"},"content":{"rendered":"<h2>Principali vantaggi.<\/h2>\n<ul>\n<li data-pm-slice=\"1 1 []\">\n<p data-pm-slice=\"1 1 []\">Dise\u00f1o compacto para una maniobrabilidad superior en espacios reducidos<\/p>\n<\/li>\n<li data-pm-slice=\"1 1 []\">\n<p data-pm-slice=\"1 1 []\">Gran versatilidad para uso en interiores y exteriores<\/p>\n<\/li>\n<li data-pm-slice=\"1 1 []\">\n<p data-pm-slice=\"1 1 []\">Cabina amplia que mejora la comodidad y el rendimiento del operador<\/p>\n<\/li>\n<li data-pm-slice=\"1 1 []\">\n<p data-pm-slice=\"1 1 []\">Opciones energ\u00e9ticas adaptadas a cada necesidad<\/p>\n<\/li>\n<li data-pm-slice=\"1 1 []\">\n<p data-pm-slice=\"1 1 []\">Sistema SAS que incrementa la seguridad en cada operaci\u00f3n<\/p>\n<\/li>\n<\/ul>\n<h2>Specifiche.<\/h2>\n<p data-pm-slice=\"1 1 []\">Toyota SAS para estabilidad, motor IPM tracci\u00f3n y CA elevaci\u00f3n, asiento ORS, controles ergon\u00f3micos, m\u00e1stil 3300 mm, horquillas 1000 mm, frenos h\u00famedos, direcci\u00f3n el\u00e9ctrica, pantalla digital y bater\u00eda intercambiable.<\/p>","protected":false},"excerpt":{"rendered":"<p data-pm-slice=\"1 1 []\">\u00bfNecesita una carretilla el\u00e9ctrica \u00e1gil y f\u00e1cil de manejar en espacios reducidos? La Traigo48 de 3 ruedas combina productividad, confort y eficiencia energ\u00e9tica para interiores y exteriores.<\/p>\n<p data-pm-slice=\"1 1 []\"><em><strong>1800 kg | 7500 mm | 48 volt | 16,0 km\/h<\/strong><\/em><\/p>\n<p data-pm-slice=\"1 1 []\">Cabina del operario ergon\u00f3mica: Volante, pantalla t\u00e1ctil, opciones de palanca: todo se ha dise\u00f1ado pensando en el operador para ofrecerle un confort y una productividad \u00f3ptimos.<\/p>","protected":false},"featured_media":2480,"template":"","meta":{"_joinchat":[]},"product_brand":[],"product_cat":[26,32],"product_tag":[],"class_list":{"0":"post-2479","1":"product","2":"type-product","3":"status-publish","4":"has-post-thumbnail","6":"product_cat-carretillas-elevadoras","7":"product_cat-contrapesadas-electricas","9":"first","10":"instock","11":"shipping-taxable","12":"product-type-simple"},"_links":{"self":[{"href":"https:\/\/repmancarretillas.es\/it\/wp-json\/wp\/v2\/product\/2479","targetHints":{"allow":["GET"]}}],"collection":[{"href":"https:\/\/repmancarretillas.es\/it\/wp-json\/wp\/v2\/product"}],"about":[{"href":"https:\/\/repmancarretillas.es\/it\/wp-json\/wp\/v2\/types\/product"}],"version-history":[{"count":1,"href":"https:\/\/repmancarretillas.es\/it\/wp-json\/wp\/v2\/product\/2479\/revisions"}],"predecessor-version":[{"id":2488,"href":"https:\/\/repmancarretillas.es\/it\/wp-json\/wp\/v2\/product\/2479\/revisions\/2488"}],"wp:featuredmedia":[{"embeddable":true,"href":"https:\/\/repmancarretillas.es\/it\/wp-json\/wp\/v2\/media\/2480"}],"wp:attachment":[{"href":"https:\/\/repmancarretillas.es\/it\/wp-json\/wp\/v2\/media?parent=2479"}],"wp:term":[{"taxonomy":"product_brand","embeddable":true,"href":"https:\/\/repmancarretillas.es\/it\/wp-json\/wp\/v2\/product_brand?post=2479"},{"taxonomy":"product_cat","embeddable":true,"href":"https:\/\/repmancarretillas.es\/it\/wp-json\/wp\/v2\/product_cat?post=2479"},{"taxonomy":"product_tag","embeddable":true,"href":"https:\/\/repmancarretillas.es\/it\/wp-json\/wp\/v2\/product_tag?post=2479"}],"curies":[{"name":"wp","href":"https:\/\/api.w.org\/{rel}","templated":true}]}}