{"id":2204,"date":"2026-04-27T01:29:53","date_gmt":"2026-04-26T23:29:53","guid":{"rendered":"https:\/\/repmancarretillas.es\/?post_type=product&#038;p=2204"},"modified":"2026-04-27T01:33:59","modified_gmt":"2026-04-26T23:33:59","slug":"toyota-optio-2-0t-con-horquillas-elevables-de-tijera","status":"publish","type":"product","link":"https:\/\/repmancarretillas.es\/it\/product\/toyota-optio-2-0t-con-horquillas-elevables-de-tijera\/","title":{"rendered":"Toyota Optio 2.0t con horquillas elevables de tijera"},"content":{"rendered":"<h2>Principali vantaggi.<\/h2>\n<ul>\n<li data-section-id=\"1pdpuhq\" data-start=\"137\" data-end=\"194\">\n<p data-pm-slice=\"1 1 []\">Picking en primer nivel con horquillas elevables para mejor ergonom\u00eda<\/p>\n<\/li>\n<li data-section-id=\"1pdpuhq\" data-start=\"137\" data-end=\"194\">\n<p data-pm-slice=\"1 1 []\">Alta aceleraci\u00f3n y velocidad con bajo consumo energ\u00e9tico<\/p>\n<\/li>\n<li data-section-id=\"1pdpuhq\" data-start=\"137\" data-end=\"194\">\n<p data-pm-slice=\"1 1 []\">Chasis estrecho para maniobrabilidad en espacios reducidos<\/p>\n<\/li>\n<li data-section-id=\"1pdpuhq\" data-start=\"137\" data-end=\"194\">\n<p data-pm-slice=\"1 1 []\">Acceso bajo y amplio para el operario<\/p>\n<\/li>\n<li data-section-id=\"1pdpuhq\" data-start=\"137\" data-end=\"194\">\n<p data-pm-slice=\"1 1 []\">Bater\u00edas disponibles en plomo-\u00e1cido y litio<\/p>\n<\/li>\n<\/ul>\n<h2>Specifiche.<\/h2>\n<p data-pm-slice=\"1 1 []\">OSE200X con capacidad 2000 kg, elevaci\u00f3n 800 mm, 24 V, velocidad 10,5 km\/h, estabilidad optimizada, direcci\u00f3n E-man, acceso bajo, elevaci\u00f3n de tijera, amplio espacio operario y bater\u00edas Li-ion o plomo-\u00e1cido.<\/p>\n<p>&nbsp;<\/p>","protected":false},"excerpt":{"rendered":"<p data-pm-slice=\"1 1 []\">El Toyota BT Optio OSE200X es un recogepedidos de bajo nivel con capacidad de 2000 kg, dise\u00f1ado para picking intensivo en primer nivel, ofreciendo alto rendimiento y excelente ergonom\u00eda.<\/p>\n<p data-pm-slice=\"1 1 []\"><em><strong>1800 kg | 800 mm | 10,5 km\/h | Carretilla inteligente<\/strong><\/em><\/p>\n<p data-pm-slice=\"1 1 []\">Horquillas de tijera: Para que el picking a nivel del suelo resulte m\u00e1s c\u00f3modo para el operario, las horquillas pueden elevar los palets o jaulas hasta la altura de trabajo ideal. La elevaci\u00f3n por tijera es una buena opci\u00f3n para la manipulaci\u00f3n estable de varios palets o jaulas m\u00f3viles.<\/p>","protected":false},"featured_media":2205,"template":"","meta":{"_joinchat":[]},"product_brand":[],"product_cat":[26,30],"product_tag":[],"class_list":{"0":"post-2204","1":"product","2":"type-product","3":"status-publish","4":"has-post-thumbnail","6":"product_cat-carretillas-elevadoras","7":"product_cat-recogepedidos","9":"first","10":"instock","11":"shipping-taxable","12":"product-type-simple"},"_links":{"self":[{"href":"https:\/\/repmancarretillas.es\/it\/wp-json\/wp\/v2\/product\/2204","targetHints":{"allow":["GET"]}}],"collection":[{"href":"https:\/\/repmancarretillas.es\/it\/wp-json\/wp\/v2\/product"}],"about":[{"href":"https:\/\/repmancarretillas.es\/it\/wp-json\/wp\/v2\/types\/product"}],"version-history":[{"count":1,"href":"https:\/\/repmancarretillas.es\/it\/wp-json\/wp\/v2\/product\/2204\/revisions"}],"predecessor-version":[{"id":2213,"href":"https:\/\/repmancarretillas.es\/it\/wp-json\/wp\/v2\/product\/2204\/revisions\/2213"}],"wp:featuredmedia":[{"embeddable":true,"href":"https:\/\/repmancarretillas.es\/it\/wp-json\/wp\/v2\/media\/2205"}],"wp:attachment":[{"href":"https:\/\/repmancarretillas.es\/it\/wp-json\/wp\/v2\/media?parent=2204"}],"wp:term":[{"taxonomy":"product_brand","embeddable":true,"href":"https:\/\/repmancarretillas.es\/it\/wp-json\/wp\/v2\/product_brand?post=2204"},{"taxonomy":"product_cat","embeddable":true,"href":"https:\/\/repmancarretillas.es\/it\/wp-json\/wp\/v2\/product_cat?post=2204"},{"taxonomy":"product_tag","embeddable":true,"href":"https:\/\/repmancarretillas.es\/it\/wp-json\/wp\/v2\/product_tag?post=2204"}],"curies":[{"name":"wp","href":"https:\/\/api.w.org\/{rel}","templated":true}]}}