{"id":2170,"date":"2026-04-27T01:09:10","date_gmt":"2026-04-26T23:09:10","guid":{"rendered":"https:\/\/repmancarretillas.es\/?post_type=product&#038;p=2170"},"modified":"2026-04-27T01:14:13","modified_gmt":"2026-04-26T23:14:13","slug":"toyota-optio-2-5t","status":"publish","type":"product","link":"https:\/\/repmancarretillas.es\/it\/product\/toyota-optio-2-5t\/","title":{"rendered":"Toyota Optio 2.5t"},"content":{"rendered":"<h2>Beneficios clave.<\/h2>\n<ul>\n<li data-section-id=\"1pdpuhq\" data-start=\"137\" data-end=\"194\">\n<p data-pm-slice=\"1 1 []\">Picking en primer nivel y transporte eficiente a larga distancia<\/p>\n<\/li>\n<li data-section-id=\"1pdpuhq\" data-start=\"137\" data-end=\"194\">\n<p data-pm-slice=\"1 1 []\">Alta aceleraci\u00f3n y velocidad con bajo consumo energ\u00e9tico<\/p>\n<\/li>\n<li data-section-id=\"1pdpuhq\" data-start=\"137\" data-end=\"194\">\n<p data-pm-slice=\"1 1 []\">Chasis estrecho para maniobrabilidad en espacios reducidos<\/p>\n<\/li>\n<li data-section-id=\"1pdpuhq\" data-start=\"137\" data-end=\"194\">\n<p data-pm-slice=\"1 1 []\">Acceso bajo y amplio para el operario<\/p>\n<\/li>\n<li data-section-id=\"1pdpuhq\" data-start=\"137\" data-end=\"194\">\n<p data-pm-slice=\"1 1 []\">Bater\u00edas disponibles en plomo-\u00e1cido y litio<\/p>\n<\/li>\n<\/ul>\n<h2>Especificaciones.<\/h2>\n<p data-pm-slice=\"1 1 []\">OSE250 con capacidad 2500 kg, elevaci\u00f3n 225 mm, 24 V, velocidad 12 km\/h, direcci\u00f3n E-man, acceso bajo, amplio espacio operario, almacenamiento, opciones de iluminaci\u00f3n, bater\u00edas plomo-\u00e1cido o Li-ion.<\/p>\n<p>&nbsp;<\/p>","protected":false},"excerpt":{"rendered":"<p data-pm-slice=\"0 0 []\">El Toyota BT Optio OSE250 es un recogepedidos de bajo nivel con capacidad de 2500 kg, dise\u00f1ado para operaciones intensivas de primer nivel, ofreciendo alto rendimiento y ergonom\u00eda optimizada en entornos exigentes.<\/p>\n<p data-pm-slice=\"1 1 []\"><em><strong>2500 kg | 225 mm | 12,0 km\/h | Carretilla inteligente<\/strong><\/em><\/p>\n<p data-pm-slice=\"1 1 []\">Desplazamientos confortables: Las recogepedidos Toyota OSE250 se ven a menudo en empresas de bienes de consumo de alta rotaci\u00f3n, recorriendo largas distancias y realizando tareas de recogida de primer nivel. Para que la conducci\u00f3n sea c\u00f3moda, los veh\u00edculos cuentan con suelos de baja vibraci\u00f3n, lo que reduce la fatiga del operario.<\/p>","protected":false},"featured_media":2171,"template":"","meta":{"_joinchat":[]},"product_brand":[],"product_cat":[26,30],"product_tag":[],"class_list":{"0":"post-2170","1":"product","2":"type-product","3":"status-publish","4":"has-post-thumbnail","6":"product_cat-carretillas-elevadoras","7":"product_cat-recogepedidos","9":"first","10":"instock","11":"shipping-taxable","12":"product-type-simple"},"_links":{"self":[{"href":"https:\/\/repmancarretillas.es\/it\/wp-json\/wp\/v2\/product\/2170","targetHints":{"allow":["GET"]}}],"collection":[{"href":"https:\/\/repmancarretillas.es\/it\/wp-json\/wp\/v2\/product"}],"about":[{"href":"https:\/\/repmancarretillas.es\/it\/wp-json\/wp\/v2\/types\/product"}],"version-history":[{"count":1,"href":"https:\/\/repmancarretillas.es\/it\/wp-json\/wp\/v2\/product\/2170\/revisions"}],"predecessor-version":[{"id":2180,"href":"https:\/\/repmancarretillas.es\/it\/wp-json\/wp\/v2\/product\/2170\/revisions\/2180"}],"wp:featuredmedia":[{"embeddable":true,"href":"https:\/\/repmancarretillas.es\/it\/wp-json\/wp\/v2\/media\/2171"}],"wp:attachment":[{"href":"https:\/\/repmancarretillas.es\/it\/wp-json\/wp\/v2\/media?parent=2170"}],"wp:term":[{"taxonomy":"product_brand","embeddable":true,"href":"https:\/\/repmancarretillas.es\/it\/wp-json\/wp\/v2\/product_brand?post=2170"},{"taxonomy":"product_cat","embeddable":true,"href":"https:\/\/repmancarretillas.es\/it\/wp-json\/wp\/v2\/product_cat?post=2170"},{"taxonomy":"product_tag","embeddable":true,"href":"https:\/\/repmancarretillas.es\/it\/wp-json\/wp\/v2\/product_tag?post=2170"}],"curies":[{"name":"wp","href":"https:\/\/api.w.org\/{rel}","templated":true}]}}