{"id":2150,"date":"2026-04-27T00:59:46","date_gmt":"2026-04-26T22:59:46","guid":{"rendered":"https:\/\/repmancarretillas.es\/?post_type=product&#038;p=2150"},"modified":"2026-04-27T01:04:09","modified_gmt":"2026-04-26T23:04:09","slug":"toyota-optio-1-2t-con-horquillas-elevables","status":"publish","type":"product","link":"https:\/\/repmancarretillas.es\/it\/product\/toyota-optio-1-2t-con-horquillas-elevables\/","title":{"rendered":"Toyota Optio 1.2t con horquillas elevables"},"content":{"rendered":"<h2>Beneficios clave.<\/h2>\n<ul>\n<li data-section-id=\"1pdpuhq\" data-start=\"137\" data-end=\"194\">\n<p data-pm-slice=\"1 1 []\">Preparaci\u00f3n de pedidos en primer nivel con horquillas elevables para mayor ergonom\u00eda<\/p>\n<\/li>\n<li data-section-id=\"1pdpuhq\" data-start=\"137\" data-end=\"194\">\n<p data-pm-slice=\"1 1 []\">Alta aceleraci\u00f3n y velocidad con bajo consumo energ\u00e9tico<\/p>\n<\/li>\n<li data-section-id=\"1pdpuhq\" data-start=\"137\" data-end=\"194\">\n<p data-pm-slice=\"1 1 []\">Chasis estrecho para mejor maniobrabilidad en espacios reducidos<\/p>\n<\/li>\n<li data-section-id=\"1pdpuhq\" data-start=\"137\" data-end=\"194\">\n<p data-pm-slice=\"1 1 []\">Acceso bajo y amplio para el operario<\/p>\n<\/li>\n<li data-section-id=\"1pdpuhq\" data-start=\"137\" data-end=\"194\">\n<p data-pm-slice=\"1 1 []\">Opciones de bater\u00eda plomo-\u00e1cido y litio<\/p>\n<\/li>\n<\/ul>\n<h2>Especificaciones.<\/h2>\n<p data-pm-slice=\"1 1 []\">OSE120 con capacidad 1200 kg, elevaci\u00f3n 800 mm, 24 V, velocidad 12 km\/h, acceso bajo, horquillas elevables ergon\u00f3micas, direcci\u00f3n E-man, amplio espacio operario, bater\u00eda plomo-\u00e1cido o Li-ion.<\/p>\n<p>&nbsp;<\/p>","protected":false},"excerpt":{"rendered":"<p data-pm-slice=\"1 1 []\">El Toyota BT Optio OSE120 es un recogepedidos de bajo nivel con capacidad de 1200 kg, dise\u00f1ado para operaciones intensivas de picking, ofreciendo alto rendimiento y excelente ergonom\u00eda.<\/p>\n<p data-pm-slice=\"1 1 []\"><em><strong>1200 kg | 800 mm | 12,0 km\/h | Carretilla inteligente<\/strong><\/em><\/p>\n<p data-pm-slice=\"1 1 []\">Horquillas elevables: Eleve el palet a una altura ergon\u00f3mica para la recogida con solo pulsar un bot\u00f3n. F\u00e1cil transferencia de cargas gracias a las horquillas elevables de Toyota Optio. Las horquillas tambi\u00e9n se pueden manejar desde el lateral de la carretilla con los botones walkie opcionales.<\/p>","protected":false},"featured_media":2151,"template":"","meta":{"_joinchat":[]},"product_brand":[],"product_cat":[26,30],"product_tag":[],"class_list":{"0":"post-2150","1":"product","2":"type-product","3":"status-publish","4":"has-post-thumbnail","6":"product_cat-carretillas-elevadoras","7":"product_cat-recogepedidos","9":"first","10":"instock","11":"shipping-taxable","12":"product-type-simple"},"_links":{"self":[{"href":"https:\/\/repmancarretillas.es\/it\/wp-json\/wp\/v2\/product\/2150","targetHints":{"allow":["GET"]}}],"collection":[{"href":"https:\/\/repmancarretillas.es\/it\/wp-json\/wp\/v2\/product"}],"about":[{"href":"https:\/\/repmancarretillas.es\/it\/wp-json\/wp\/v2\/types\/product"}],"version-history":[{"count":1,"href":"https:\/\/repmancarretillas.es\/it\/wp-json\/wp\/v2\/product\/2150\/revisions"}],"predecessor-version":[{"id":2159,"href":"https:\/\/repmancarretillas.es\/it\/wp-json\/wp\/v2\/product\/2150\/revisions\/2159"}],"wp:featuredmedia":[{"embeddable":true,"href":"https:\/\/repmancarretillas.es\/it\/wp-json\/wp\/v2\/media\/2151"}],"wp:attachment":[{"href":"https:\/\/repmancarretillas.es\/it\/wp-json\/wp\/v2\/media?parent=2150"}],"wp:term":[{"taxonomy":"product_brand","embeddable":true,"href":"https:\/\/repmancarretillas.es\/it\/wp-json\/wp\/v2\/product_brand?post=2150"},{"taxonomy":"product_cat","embeddable":true,"href":"https:\/\/repmancarretillas.es\/it\/wp-json\/wp\/v2\/product_cat?post=2150"},{"taxonomy":"product_tag","embeddable":true,"href":"https:\/\/repmancarretillas.es\/it\/wp-json\/wp\/v2\/product_tag?post=2150"}],"curies":[{"name":"wp","href":"https:\/\/api.w.org\/{rel}","templated":true}]}}