{"id":2146,"date":"2026-04-27T00:55:41","date_gmt":"2026-04-26T22:55:41","guid":{"rendered":"https:\/\/repmancarretillas.es\/?post_type=product&#038;p=2146"},"modified":"2026-04-27T00:59:28","modified_gmt":"2026-04-26T22:59:28","slug":"bt-optio-12-t-de-nivel-alto-con-jaula","status":"publish","type":"product","link":"https:\/\/repmancarretillas.es\/it\/product\/bt-optio-12-t-de-nivel-alto-con-jaula\/","title":{"rendered":"BT Optio 1,2 t de nivel alto con jaula"},"content":{"rendered":"<h2>Principali vantaggi.<\/h2>\n<ul>\n<li data-section-id=\"1pdpuhq\" data-start=\"137\" data-end=\"194\">\n<p data-pm-slice=\"1 1 []\">Recogida de pedidos hasta 12,1 m con manejo de cargas voluminosas<\/p>\n<\/li>\n<li data-section-id=\"1pdpuhq\" data-start=\"137\" data-end=\"194\">\n<p data-pm-slice=\"1 1 []\">Opci\u00f3n de jaula para mercanc\u00edas de gran tama\u00f1o<\/p>\n<\/li>\n<li data-section-id=\"1pdpuhq\" data-start=\"137\" data-end=\"194\">\n<p data-pm-slice=\"1 1 []\">Excelente visibilidad panor\u00e1mica<\/p>\n<\/li>\n<li data-section-id=\"1pdpuhq\" data-start=\"137\" data-end=\"194\">\n<p data-pm-slice=\"1 1 []\">Cabina confortable con mandos ajustables<\/p>\n<\/li>\n<li data-section-id=\"1pdpuhq\" data-start=\"137\" data-end=\"194\">\n<p data-pm-slice=\"1 1 []\">Disponible con bater\u00eda Li-ion<\/p>\n<\/li>\n<\/ul>\n<h2>Specifiche.<\/h2>\n<p data-pm-slice=\"1 1 []\">BT Optio con gran altura de recogida, motor CA potente, frenado regenerativo, cabina espaciosa, panel ajustable, pantalla informativa, BT Optipace, guiado por cable o ra\u00edl y telem\u00e1tica integrada.<\/p>\n<p>&nbsp;<\/p>","protected":false},"excerpt":{"rendered":"<p data-pm-slice=\"1 1 []\">El BT Optio serie H de alto nivel marca un nuevo est\u00e1ndar en picking en altura, combinando un dise\u00f1o compacto con m\u00e1xima flexibilidad operativa.<\/p>\n<p data-pm-slice=\"1 1 []\"><em><strong>1200 kg | 10266 mm | 12,0 km\/h | Carretilla inteligente<\/strong><\/em><\/p>\n<p data-pm-slice=\"1 1 []\">Cabina adaptable y confortable: Los mandos ajustables en altura, la pantalla con informaci\u00f3n clara, el bajo escal\u00f3n y la suavidad de la direcci\u00f3n aumentan el confort del operario.<\/p>","protected":false},"featured_media":2147,"template":"","meta":{"_joinchat":[]},"product_brand":[],"product_cat":[26,30],"product_tag":[],"class_list":{"0":"post-2146","1":"product","2":"type-product","3":"status-publish","4":"has-post-thumbnail","6":"product_cat-carretillas-elevadoras","7":"product_cat-recogepedidos","9":"first","10":"instock","11":"shipping-taxable","12":"product-type-simple"},"_links":{"self":[{"href":"https:\/\/repmancarretillas.es\/it\/wp-json\/wp\/v2\/product\/2146","targetHints":{"allow":["GET"]}}],"collection":[{"href":"https:\/\/repmancarretillas.es\/it\/wp-json\/wp\/v2\/product"}],"about":[{"href":"https:\/\/repmancarretillas.es\/it\/wp-json\/wp\/v2\/types\/product"}],"version-history":[{"count":1,"href":"https:\/\/repmancarretillas.es\/it\/wp-json\/wp\/v2\/product\/2146\/revisions"}],"predecessor-version":[{"id":2149,"href":"https:\/\/repmancarretillas.es\/it\/wp-json\/wp\/v2\/product\/2146\/revisions\/2149"}],"wp:featuredmedia":[{"embeddable":true,"href":"https:\/\/repmancarretillas.es\/it\/wp-json\/wp\/v2\/media\/2147"}],"wp:attachment":[{"href":"https:\/\/repmancarretillas.es\/it\/wp-json\/wp\/v2\/media?parent=2146"}],"wp:term":[{"taxonomy":"product_brand","embeddable":true,"href":"https:\/\/repmancarretillas.es\/it\/wp-json\/wp\/v2\/product_brand?post=2146"},{"taxonomy":"product_cat","embeddable":true,"href":"https:\/\/repmancarretillas.es\/it\/wp-json\/wp\/v2\/product_cat?post=2146"},{"taxonomy":"product_tag","embeddable":true,"href":"https:\/\/repmancarretillas.es\/it\/wp-json\/wp\/v2\/product_tag?post=2146"}],"curies":[{"name":"wp","href":"https:\/\/api.w.org\/{rel}","templated":true}]}}