{"id":2139,"date":"2026-04-27T00:51:23","date_gmt":"2026-04-26T22:51:23","guid":{"rendered":"https:\/\/repmancarretillas.es\/?post_type=product&#038;p=2139"},"modified":"2026-04-27T00:55:17","modified_gmt":"2026-04-26T22:55:17","slug":"bt-optio-10-t-de-nivel-alto-con-horquillas-elevables","status":"publish","type":"product","link":"https:\/\/repmancarretillas.es\/it\/product\/bt-optio-10-t-de-nivel-alto-con-horquillas-elevables\/","title":{"rendered":"BT Optio 1,0 t de nivel alto con horquillas elevables"},"content":{"rendered":"<h2>Principali vantaggi.<\/h2>\n<ul>\n<li data-section-id=\"1pdpuhq\" data-start=\"137\" data-end=\"194\">\n<p data-pm-slice=\"1 1 []\">Recogida de pedidos hasta 12,1 m con horquillas elevables para mayor ergonom\u00eda<\/p>\n<\/li>\n<li data-section-id=\"1pdpuhq\" data-start=\"137\" data-end=\"194\">\n<p data-pm-slice=\"1 1 []\">Elevador inicial que optimiza la altura de trabajo<\/p>\n<\/li>\n<li data-section-id=\"1pdpuhq\" data-start=\"137\" data-end=\"194\">\n<p data-pm-slice=\"1 1 []\">Excelente visibilidad panor\u00e1mica<\/p>\n<\/li>\n<li data-section-id=\"1pdpuhq\" data-start=\"137\" data-end=\"194\">\n<p data-pm-slice=\"1 1 []\">Cabina confortable con mandos ajustables<\/p>\n<\/li>\n<li data-section-id=\"1pdpuhq\" data-start=\"137\" data-end=\"194\">\n<p data-pm-slice=\"1 1 []\">Disponible con bater\u00eda Li-ion<\/p>\n<\/li>\n<\/ul>\n<h2>Specifiche.<\/h2>\n<p data-pm-slice=\"1 1 []\">BT Optio con gran altura de recogida, motor CA potente, frenado regenerativo, cabina espaciosa, controles ajustables, Optipace, guiado por cable o ra\u00edl, rendimiento programable y telem\u00e1tica integrada.<\/p>\n<p>&nbsp;<\/p>","protected":false},"excerpt":{"rendered":"<p data-pm-slice=\"1 1 []\">El recogepedidos BT Optio serie H de alto nivel destaca por su dise\u00f1o compacto y ofrece m\u00e1xima flexibilidad para operaciones de picking en altura.<\/p>\n<p data-pm-slice=\"1 1 []\"><em><strong>1000 kg | 11137 mm | 12,0 km\/h | Carretilla inteligente<\/strong><\/em><\/p>\n<p data-pm-slice=\"1 1 []\">Cabina adaptable y confortable: Los mandos ajustables en altura, la pantalla con informaci\u00f3n clara, el bajo escal\u00f3n y la suavidad de la direcci\u00f3n aumentan el confort del operario.<\/p>","protected":false},"featured_media":2140,"template":"","meta":{"_joinchat":[]},"product_brand":[],"product_cat":[26,30],"product_tag":[],"class_list":{"0":"post-2139","1":"product","2":"type-product","3":"status-publish","4":"has-post-thumbnail","6":"product_cat-carretillas-elevadoras","7":"product_cat-recogepedidos","9":"first","10":"instock","11":"shipping-taxable","12":"product-type-simple"},"_links":{"self":[{"href":"https:\/\/repmancarretillas.es\/it\/wp-json\/wp\/v2\/product\/2139","targetHints":{"allow":["GET"]}}],"collection":[{"href":"https:\/\/repmancarretillas.es\/it\/wp-json\/wp\/v2\/product"}],"about":[{"href":"https:\/\/repmancarretillas.es\/it\/wp-json\/wp\/v2\/types\/product"}],"version-history":[{"count":1,"href":"https:\/\/repmancarretillas.es\/it\/wp-json\/wp\/v2\/product\/2139\/revisions"}],"predecessor-version":[{"id":2145,"href":"https:\/\/repmancarretillas.es\/it\/wp-json\/wp\/v2\/product\/2139\/revisions\/2145"}],"wp:featuredmedia":[{"embeddable":true,"href":"https:\/\/repmancarretillas.es\/it\/wp-json\/wp\/v2\/media\/2140"}],"wp:attachment":[{"href":"https:\/\/repmancarretillas.es\/it\/wp-json\/wp\/v2\/media?parent=2139"}],"wp:term":[{"taxonomy":"product_brand","embeddable":true,"href":"https:\/\/repmancarretillas.es\/it\/wp-json\/wp\/v2\/product_brand?post=2139"},{"taxonomy":"product_cat","embeddable":true,"href":"https:\/\/repmancarretillas.es\/it\/wp-json\/wp\/v2\/product_cat?post=2139"},{"taxonomy":"product_tag","embeddable":true,"href":"https:\/\/repmancarretillas.es\/it\/wp-json\/wp\/v2\/product_tag?post=2139"}],"curies":[{"name":"wp","href":"https:\/\/api.w.org\/{rel}","templated":true}]}}