{"id":2034,"date":"2026-04-26T23:39:21","date_gmt":"2026-04-26T21:39:21","guid":{"rendered":"https:\/\/repmancarretillas.es\/?post_type=product&#038;p=2034"},"modified":"2026-04-26T23:43:59","modified_gmt":"2026-04-26T21:43:59","slug":"bt-staxio-2t","status":"publish","type":"product","link":"https:\/\/repmancarretillas.es\/it\/product\/bt-staxio-2t\/","title":{"rendered":"BT Staxio 2t"},"content":{"rendered":"<h2>Beneficios clave.<\/h2>\n<ul>\n<li data-pm-slice=\"1 1 []\">\n<p data-pm-slice=\"1 1 []\">Apilador robusto para uso intensivo<\/p>\n<\/li>\n<li data-pm-slice=\"1 1 []\">\n<p data-pm-slice=\"1 1 []\">Chasis de 5 puntos para m\u00e1xima estabilidad y control<\/p>\n<\/li>\n<li data-pm-slice=\"1 1 []\">\n<p data-pm-slice=\"1 1 []\">Excelente visibilidad de las horquillas<\/p>\n<\/li>\n<li data-pm-slice=\"1 1 []\">\n<p data-pm-slice=\"1 1 []\">Alta elevaci\u00f3n y gran capacidad energ\u00e9tica de bater\u00eda<\/p>\n<\/li>\n<li data-pm-slice=\"1 1 []\">\n<p data-pm-slice=\"1 1 []\">Sistema inteligente f\u00e1cil de conectar, monitorizar y optimizar<\/p>\n<\/li>\n<\/ul>\n<h2>Especificaciones.<\/h2>\n<p data-pm-slice=\"1 1 []\">BT Staxio con elevaci\u00f3n 4,4 m, velocidad 6 km\/h, BT Powertrak, controles ergon\u00f3micos, frenado electr\u00f3nico, seguridad operario, rendimiento programable, excelente visibilidad, telem\u00e1tica integrada y calidad Toyota de alta fiabilidad.<\/p>","protected":false},"excerpt":{"rendered":"<p data-pm-slice=\"1 1 []\">\u00bfBusca una soluci\u00f3n de apilamiento de alto rendimiento? El BT Staxio SWE200, con 2000 kg de capacidad y gran altura de elevaci\u00f3n, ofrece control preciso y alta productividad en cualquier entorno.<\/p>\n<p><em><strong>2000 kg | 4400 mm | 6,0 km\/h | Carretilla inteligente<\/strong><\/em><\/p>\n<p>Click-2-Creep: La exclusiva funci\u00f3n Click-2-creep permite que, con solo hacer doble clic en la palanca de control, la carretilla se sit\u00faa en marcha lenta, para un control seguro en espacios reducidos.<\/p>","protected":false},"featured_media":2035,"template":"","meta":{"_joinchat":[]},"product_brand":[],"product_cat":[29,26],"product_tag":[],"class_list":{"0":"post-2034","1":"product","2":"type-product","3":"status-publish","4":"has-post-thumbnail","6":"product_cat-apiladores-electricos","7":"product_cat-carretillas-elevadoras","9":"first","10":"instock","11":"shipping-taxable","12":"product-type-simple"},"_links":{"self":[{"href":"https:\/\/repmancarretillas.es\/it\/wp-json\/wp\/v2\/product\/2034","targetHints":{"allow":["GET"]}}],"collection":[{"href":"https:\/\/repmancarretillas.es\/it\/wp-json\/wp\/v2\/product"}],"about":[{"href":"https:\/\/repmancarretillas.es\/it\/wp-json\/wp\/v2\/types\/product"}],"version-history":[{"count":1,"href":"https:\/\/repmancarretillas.es\/it\/wp-json\/wp\/v2\/product\/2034\/revisions"}],"predecessor-version":[{"id":2040,"href":"https:\/\/repmancarretillas.es\/it\/wp-json\/wp\/v2\/product\/2034\/revisions\/2040"}],"wp:featuredmedia":[{"embeddable":true,"href":"https:\/\/repmancarretillas.es\/it\/wp-json\/wp\/v2\/media\/2035"}],"wp:attachment":[{"href":"https:\/\/repmancarretillas.es\/it\/wp-json\/wp\/v2\/media?parent=2034"}],"wp:term":[{"taxonomy":"product_brand","embeddable":true,"href":"https:\/\/repmancarretillas.es\/it\/wp-json\/wp\/v2\/product_brand?post=2034"},{"taxonomy":"product_cat","embeddable":true,"href":"https:\/\/repmancarretillas.es\/it\/wp-json\/wp\/v2\/product_cat?post=2034"},{"taxonomy":"product_tag","embeddable":true,"href":"https:\/\/repmancarretillas.es\/it\/wp-json\/wp\/v2\/product_tag?post=2034"}],"curies":[{"name":"wp","href":"https:\/\/api.w.org\/{rel}","templated":true}]}}