{"id":2013,"date":"2026-04-26T23:30:03","date_gmt":"2026-04-26T21:30:03","guid":{"rendered":"https:\/\/repmancarretillas.es\/?post_type=product&#038;p=2013"},"modified":"2026-04-26T23:34:25","modified_gmt":"2026-04-26T21:34:25","slug":"bt-staxio-2-0-toneladas-doble-apilador","status":"publish","type":"product","link":"https:\/\/repmancarretillas.es\/it\/product\/bt-staxio-2-0-toneladas-doble-apilador\/","title":{"rendered":"BT Staxio 2.0 Toneladas doble apilador"},"content":{"rendered":"<h2>Principali vantaggi.<\/h2>\n<ul>\n<li data-pm-slice=\"1 1 []\">\n<p data-pm-slice=\"1 1 []\">Dise\u00f1ado para manipulaci\u00f3n de doble pallet<\/p>\n<\/li>\n<li data-pm-slice=\"1 1 []\">\n<p data-pm-slice=\"1 1 []\">Chasis de 5 puntos para m\u00e1xima estabilidad y control<\/p>\n<\/li>\n<li data-pm-slice=\"1 1 []\">\n<p data-pm-slice=\"1 1 []\">Ottima visibilit\u00e0 delle forchette<\/p>\n<\/li>\n<li data-pm-slice=\"1 1 []\">\n<p data-pm-slice=\"1 1 []\">Funci\u00f3n Click-2-Creep para maniobras precisas<\/p>\n<\/li>\n<li data-pm-slice=\"1 1 []\">\n<p data-pm-slice=\"1 1 []\">Sistema inteligente f\u00e1cil de conectar, monitorizar y optimizar<\/p>\n<\/li>\n<\/ul>\n<h2>Specifiche.<\/h2>\n<p data-pm-slice=\"1 1 []\">BT Staxio con elevaci\u00f3n 2,1 m, velocidad 6 km\/h, BT Powerdrive, controles ergon\u00f3micos, frenado electr\u00f3nico, seguridad operario, Click-2-Creep, rendimiento programable, telem\u00e1tica integrada y calidad Toyota con alta durabilidad.<\/p>","protected":false},"excerpt":{"rendered":"<p data-pm-slice=\"1 1 []\">\u00bfBusca una soluci\u00f3n de apilado doble de alto rendimiento? El BT Staxio SWE200D manipula hasta 2000 kg, permitiendo trabajar con dos pallets simult\u00e1neamente y aumentando la velocidad en la carga de camiones.<\/p>\n<p><em><strong>2000 kg | 2100 mm| 6,0 km\/h | Carretilla inteligente<\/strong><\/em><\/p>\n<p>Manipulaci\u00f3n de pallets dobles: Como estos modelos est\u00e1n dise\u00f1ados para manipular dos pallets al mismo tiempo, puede mover el doble de cargas. Tambi\u00e9n son herramientas eficaces para cargar o descargar camiones gracias a su chasis compacto y sus m\u00e1stiles bajos.<\/p>","protected":false},"featured_media":2014,"template":"","meta":{"_joinchat":[]},"product_brand":[],"product_cat":[29,26],"product_tag":[],"class_list":{"0":"post-2013","1":"product","2":"type-product","3":"status-publish","4":"has-post-thumbnail","6":"product_cat-apiladores-electricos","7":"product_cat-carretillas-elevadoras","9":"first","10":"instock","11":"shipping-taxable","12":"product-type-simple"},"_links":{"self":[{"href":"https:\/\/repmancarretillas.es\/it\/wp-json\/wp\/v2\/product\/2013","targetHints":{"allow":["GET"]}}],"collection":[{"href":"https:\/\/repmancarretillas.es\/it\/wp-json\/wp\/v2\/product"}],"about":[{"href":"https:\/\/repmancarretillas.es\/it\/wp-json\/wp\/v2\/types\/product"}],"version-history":[{"count":1,"href":"https:\/\/repmancarretillas.es\/it\/wp-json\/wp\/v2\/product\/2013\/revisions"}],"predecessor-version":[{"id":2023,"href":"https:\/\/repmancarretillas.es\/it\/wp-json\/wp\/v2\/product\/2013\/revisions\/2023"}],"wp:featuredmedia":[{"embeddable":true,"href":"https:\/\/repmancarretillas.es\/it\/wp-json\/wp\/v2\/media\/2014"}],"wp:attachment":[{"href":"https:\/\/repmancarretillas.es\/it\/wp-json\/wp\/v2\/media?parent=2013"}],"wp:term":[{"taxonomy":"product_brand","embeddable":true,"href":"https:\/\/repmancarretillas.es\/it\/wp-json\/wp\/v2\/product_brand?post=2013"},{"taxonomy":"product_cat","embeddable":true,"href":"https:\/\/repmancarretillas.es\/it\/wp-json\/wp\/v2\/product_cat?post=2013"},{"taxonomy":"product_tag","embeddable":true,"href":"https:\/\/repmancarretillas.es\/it\/wp-json\/wp\/v2\/product_tag?post=2013"}],"curies":[{"name":"wp","href":"https:\/\/api.w.org\/{rel}","templated":true}]}}