{"id":1957,"date":"2026-04-26T22:57:32","date_gmt":"2026-04-26T20:57:32","guid":{"rendered":"https:\/\/repmancarretillas.es\/?post_type=product&#038;p=1957"},"modified":"2026-04-26T23:01:14","modified_gmt":"2026-04-26T21:01:14","slug":"bt-staxio-1-4-toneladas-con-brazos-soporte","status":"publish","type":"product","link":"https:\/\/repmancarretillas.es\/it\/product\/bt-staxio-1-4-toneladas-con-brazos-soporte\/","title":{"rendered":"BT Staxio 1.4 Toneladas con brazos soporte"},"content":{"rendered":"<h2>Principali vantaggi.<\/h2>\n<ul>\n<li data-pm-slice=\"1 1 []\">\n<p data-pm-slice=\"1 1 []\">Brazos de soporte elevables para operar en suelos irregulares<\/p>\n<\/li>\n<li data-pm-slice=\"1 1 []\">\n<p data-pm-slice=\"1 1 []\">Chasis de 5 puntos de apoyo para m\u00e1xima estabilidad y control<\/p>\n<\/li>\n<li data-pm-slice=\"1 1 []\">\n<p data-pm-slice=\"1 1 []\">Excelente visibilidad de las horquillas para mayor seguridad<\/p>\n<\/li>\n<li data-pm-slice=\"1 1 []\">\n<p data-pm-slice=\"1 1 []\">Funci\u00f3n Click-2-Creep para acceso r\u00e1pido a marcha lenta<\/p>\n<\/li>\n<li data-pm-slice=\"1 1 []\">\n<p data-pm-slice=\"1 1 []\">Sistema inteligente f\u00e1cil de conectar, monitorizar y optimizar<\/p>\n<\/li>\n<\/ul>\n<h2>Specifiche.<\/h2>\n<p data-pm-slice=\"1 1 []\">BT Staxio SWE140L con brazos elevables, 4,75 m altura, 6 km\/h, BT Powerdrive, frenado electr\u00f3nico, seguridad del operario, Click-2-Creep, rendimiento programable, telem\u00e1tica inteligente y fabricaci\u00f3n Toyota de alta fiabilidad.<\/p>","protected":false},"excerpt":{"rendered":"<p>\u00bfBusca una soluci\u00f3n de apilamiento de alto rendimiento para suelos irregulares? El BT Staxio SWE140L, con 1400 kg de capacidad y brazos elevables, ofrece seguridad, estabilidad y excelente maniobrabilidad en cualquier entorno.<\/p>\n<p><em><strong>1400kg | 4755mm | 6,0km\/h | Carretilla inteligente<\/strong><\/em><\/p>\n<p>Brazos de soporte elevables: La carretilla tambi\u00e9n puede utilizarse en suelos irregulares o en pendientes elevando los brazos de soporte. Este modelo puede llevar un pallet en las horquillas y otro en los brazos de soporte.<\/p>","protected":false},"featured_media":1958,"template":"","meta":{"_joinchat":[]},"product_brand":[],"product_cat":[29,26],"product_tag":[],"class_list":{"0":"post-1957","1":"product","2":"type-product","3":"status-publish","4":"has-post-thumbnail","6":"product_cat-apiladores-electricos","7":"product_cat-carretillas-elevadoras","9":"first","10":"instock","11":"shipping-taxable","12":"product-type-simple"},"_links":{"self":[{"href":"https:\/\/repmancarretillas.es\/it\/wp-json\/wp\/v2\/product\/1957","targetHints":{"allow":["GET"]}}],"collection":[{"href":"https:\/\/repmancarretillas.es\/it\/wp-json\/wp\/v2\/product"}],"about":[{"href":"https:\/\/repmancarretillas.es\/it\/wp-json\/wp\/v2\/types\/product"}],"version-history":[{"count":1,"href":"https:\/\/repmancarretillas.es\/it\/wp-json\/wp\/v2\/product\/1957\/revisions"}],"predecessor-version":[{"id":1964,"href":"https:\/\/repmancarretillas.es\/it\/wp-json\/wp\/v2\/product\/1957\/revisions\/1964"}],"wp:featuredmedia":[{"embeddable":true,"href":"https:\/\/repmancarretillas.es\/it\/wp-json\/wp\/v2\/media\/1958"}],"wp:attachment":[{"href":"https:\/\/repmancarretillas.es\/it\/wp-json\/wp\/v2\/media?parent=1957"}],"wp:term":[{"taxonomy":"product_brand","embeddable":true,"href":"https:\/\/repmancarretillas.es\/it\/wp-json\/wp\/v2\/product_brand?post=1957"},{"taxonomy":"product_cat","embeddable":true,"href":"https:\/\/repmancarretillas.es\/it\/wp-json\/wp\/v2\/product_cat?post=1957"},{"taxonomy":"product_tag","embeddable":true,"href":"https:\/\/repmancarretillas.es\/it\/wp-json\/wp\/v2\/product_tag?post=1957"}],"curies":[{"name":"wp","href":"https:\/\/api.w.org\/{rel}","templated":true}]}}