{"id":1886,"date":"2026-04-26T22:14:56","date_gmt":"2026-04-26T20:14:56","guid":{"rendered":"https:\/\/repmancarretillas.es\/?post_type=product&#038;p=1886"},"modified":"2026-04-26T22:19:54","modified_gmt":"2026-04-26T20:19:54","slug":"bt-levio-2-toneladas","status":"publish","type":"product","link":"https:\/\/repmancarretillas.es\/it\/product\/bt-levio-2-toneladas\/","title":{"rendered":"BT Levio 2 Ton"},"content":{"rendered":"<h2>Principali vantaggi.<\/h2>\n<ul>\n<li data-pm-slice=\"1 1 []\">\n<p data-pm-slice=\"1 1 []\">Dise\u00f1ada para uso intensivo con cargas pesadas<\/p>\n<\/li>\n<li data-pm-slice=\"1 1 []\">\n<p data-pm-slice=\"1 1 []\">Control fingertip para conducci\u00f3n, elevaci\u00f3n y descenso con funci\u00f3n Click-2-Creep<\/p>\n<\/li>\n<li data-pm-slice=\"1 1 []\">\n<p data-pm-slice=\"1 1 []\">Excelente visibilidad de las horquillas para mayor seguridad<\/p>\n<\/li>\n<li data-pm-slice=\"1 1 []\">\n<p data-pm-slice=\"1 1 []\">Operaci\u00f3n precisa y segura en todo momento<\/p>\n<\/li>\n<li data-pm-slice=\"1 1 []\">\n<p data-pm-slice=\"1 1 []\">Sistema inteligente f\u00e1cil de conectar, monitorizar y optimizar<\/p>\n<\/li>\n<\/ul>\n<h2>Specifiche.<\/h2>\n<p data-pm-slice=\"1 1 []\">Transpaleta LWE200 con 2000 kg de capacidad, elevaci\u00f3n 205 mm, bater\u00eda 24V hasta 300 Ah, velocidad 6 km\/h. Sistema BT Powerdrive, seguridad avanzada, control electr\u00f3nico y telem\u00e1tica inteligente.<\/p>","protected":false},"excerpt":{"rendered":"<p data-pm-slice=\"1 1 []\">\u00bfBusca una soluci\u00f3n vers\u00e1til y f\u00e1cil de usar? Las transpaletas el\u00e9ctricas BT Levio est\u00e1n dise\u00f1adas con enfoque en la seguridad y ergonom\u00eda, con tim\u00f3n intuitivo y maniobrabilidad precisa incluso en espacios reducidos.<\/p>\n<p data-start=\"100\" data-end=\"364\"><em><strong>2000 kg | 6,0 km\/h | Carretilla inteligente<\/strong><\/em><\/p>\n<p data-start=\"100\" data-end=\"364\">Tim\u00f3n con Click-2-Creep: La empu\u00f1adura ergon\u00f3mica con botones de control intuitivos puede utilizarse con cualquier mano, lo que proporciona un excelente control y productividad. La funci\u00f3n Click-2-Creep permite desplazarse con fluidez y tambi\u00e9n conducir con el brazo de direcci\u00f3n en posici\u00f3n vertical.<\/p>","protected":false},"featured_media":1887,"template":"","meta":{"_joinchat":[]},"product_brand":[],"product_cat":[26,28],"product_tag":[],"class_list":{"0":"post-1886","1":"product","2":"type-product","3":"status-publish","4":"has-post-thumbnail","6":"product_cat-carretillas-elevadoras","7":"product_cat-transpaletas-electricas","9":"first","10":"instock","11":"shipping-taxable","12":"product-type-simple"},"_links":{"self":[{"href":"https:\/\/repmancarretillas.es\/it\/wp-json\/wp\/v2\/product\/1886","targetHints":{"allow":["GET"]}}],"collection":[{"href":"https:\/\/repmancarretillas.es\/it\/wp-json\/wp\/v2\/product"}],"about":[{"href":"https:\/\/repmancarretillas.es\/it\/wp-json\/wp\/v2\/types\/product"}],"version-history":[{"count":1,"href":"https:\/\/repmancarretillas.es\/it\/wp-json\/wp\/v2\/product\/1886\/revisions"}],"predecessor-version":[{"id":1896,"href":"https:\/\/repmancarretillas.es\/it\/wp-json\/wp\/v2\/product\/1886\/revisions\/1896"}],"wp:featuredmedia":[{"embeddable":true,"href":"https:\/\/repmancarretillas.es\/it\/wp-json\/wp\/v2\/media\/1887"}],"wp:attachment":[{"href":"https:\/\/repmancarretillas.es\/it\/wp-json\/wp\/v2\/media?parent=1886"}],"wp:term":[{"taxonomy":"product_brand","embeddable":true,"href":"https:\/\/repmancarretillas.es\/it\/wp-json\/wp\/v2\/product_brand?post=1886"},{"taxonomy":"product_cat","embeddable":true,"href":"https:\/\/repmancarretillas.es\/it\/wp-json\/wp\/v2\/product_cat?post=1886"},{"taxonomy":"product_tag","embeddable":true,"href":"https:\/\/repmancarretillas.es\/it\/wp-json\/wp\/v2\/product_tag?post=1886"}],"curies":[{"name":"wp","href":"https:\/\/api.w.org\/{rel}","templated":true}]}}