{"id":1852,"date":"2026-04-26T21:58:04","date_gmt":"2026-04-26T19:58:04","guid":{"rendered":"https:\/\/repmancarretillas.es\/?post_type=product&#038;p=1852"},"modified":"2026-04-26T22:02:26","modified_gmt":"2026-04-26T20:02:26","slug":"bt-levio-2-2-toneladas-con-plataforma","status":"publish","type":"product","link":"https:\/\/repmancarretillas.es\/it\/product\/bt-levio-2-2-toneladas-con-plataforma\/","title":{"rendered":"BT Levio 2.2 Toneladas con Plataforma"},"content":{"rendered":"<h2>Beneficios clave.<\/h2>\n<ul>\n<li data-pm-slice=\"1 1 []\">\n<p data-pm-slice=\"1 1 []\">Alta velocidad y gran capacidad para uso intensivo<\/p>\n<\/li>\n<li data-pm-slice=\"1 1 []\">\n<p data-pm-slice=\"1 1 []\">Puertas laterales de seguridad plegables para mayor protecci\u00f3n<\/p>\n<\/li>\n<li data-pm-slice=\"1 1 []\">\n<p data-pm-slice=\"1 1 []\">Control de velocidad en curvas para una operaci\u00f3n m\u00e1s segura<\/p>\n<\/li>\n<li data-pm-slice=\"1 1 []\">\n<p data-pm-slice=\"1 1 []\">Sistema de un solo toque para plegar protectores laterales<\/p>\n<\/li>\n<li data-pm-slice=\"1 1 []\">\n<p data-pm-slice=\"1 1 []\">Carretilla inteligente f\u00e1cil de conectar, monitorizar y optimizar<\/p>\n<\/li>\n<\/ul>\n<h2>Especificaciones.<\/h2>\n<p data-pm-slice=\"1 1 []\">Modelo LPE220 con capacidad de carga de 2200 kg, elevaci\u00f3n de 205 mm, bater\u00eda hasta 600 Ah, voltaje 24V, velocidad m\u00e1xima 10 km\/h y opciones de bater\u00eda 400Ah o 600Ah.<\/p>","protected":false},"excerpt":{"rendered":"<p data-pm-slice=\"1 1 []\">La BT Levio es una transpaleta el\u00e9ctrica con plataforma de operador, alta capacidad de carga y dise\u00f1o compacto. Ofrece gran maniobrabilidad, radio de giro reducido y velocidad de hasta 10 km\/h para m\u00e1xima productividad.<\/p>\n<p data-start=\"100\" data-end=\"364\"><em><strong>2200 kg | 10,0 km\/h | Carretilla inteligente<\/strong><\/em><\/p>\n<p data-start=\"100\" data-end=\"364\">Concepto Totalview: La gama BT Levio serie P cumple \u00edntegramente la norma ISO 13564-1:2012 que garantiza una clara visibilidad de las horquillas desde la posici\u00f3n de conducci\u00f3n.<\/p>","protected":false},"featured_media":1853,"template":"","meta":{"_joinchat":[]},"product_brand":[],"product_cat":[26,28],"product_tag":[],"class_list":{"0":"post-1852","1":"product","2":"type-product","3":"status-publish","4":"has-post-thumbnail","6":"product_cat-carretillas-elevadoras","7":"product_cat-transpaletas-electricas","9":"first","10":"instock","11":"shipping-taxable","12":"product-type-simple"},"_links":{"self":[{"href":"https:\/\/repmancarretillas.es\/it\/wp-json\/wp\/v2\/product\/1852","targetHints":{"allow":["GET"]}}],"collection":[{"href":"https:\/\/repmancarretillas.es\/it\/wp-json\/wp\/v2\/product"}],"about":[{"href":"https:\/\/repmancarretillas.es\/it\/wp-json\/wp\/v2\/types\/product"}],"version-history":[{"count":1,"href":"https:\/\/repmancarretillas.es\/it\/wp-json\/wp\/v2\/product\/1852\/revisions"}],"predecessor-version":[{"id":1862,"href":"https:\/\/repmancarretillas.es\/it\/wp-json\/wp\/v2\/product\/1852\/revisions\/1862"}],"wp:featuredmedia":[{"embeddable":true,"href":"https:\/\/repmancarretillas.es\/it\/wp-json\/wp\/v2\/media\/1853"}],"wp:attachment":[{"href":"https:\/\/repmancarretillas.es\/it\/wp-json\/wp\/v2\/media?parent=1852"}],"wp:term":[{"taxonomy":"product_brand","embeddable":true,"href":"https:\/\/repmancarretillas.es\/it\/wp-json\/wp\/v2\/product_brand?post=1852"},{"taxonomy":"product_cat","embeddable":true,"href":"https:\/\/repmancarretillas.es\/it\/wp-json\/wp\/v2\/product_cat?post=1852"},{"taxonomy":"product_tag","embeddable":true,"href":"https:\/\/repmancarretillas.es\/it\/wp-json\/wp\/v2\/product_tag?post=1852"}],"curies":[{"name":"wp","href":"https:\/\/api.w.org\/{rel}","templated":true}]}}