{"id":1664,"date":"2026-04-21T16:07:15","date_gmt":"2026-04-21T14:07:15","guid":{"rendered":"https:\/\/repmancarretillas.es\/?post_type=product&#038;p=1664"},"modified":"2026-04-21T16:24:07","modified_gmt":"2026-04-21T14:24:07","slug":"toyota-quick-pro-lifter","status":"publish","type":"product","link":"https:\/\/repmancarretillas.es\/it\/product\/toyota-quick-pro-lifter\/","title":{"rendered":"Toyota Quick Pro Lifter"},"content":{"rendered":"<div class=\"beneficios-producto\">\n<h2>Principali vantaggi.<\/h2>\n<ul class=\"beneficios-lista\">\n<li>\n<p data-pm-slice=\"1 1 []\">Hasta 67% menos fuerza de arranque con elevaci\u00f3n r\u00e1pida<\/p>\n<\/li>\n<li>\n<p data-pm-slice=\"1 1 []\">Menos bombeos para elevar cargas, mejor ergonom\u00eda<\/p>\n<\/li>\n<li>\n<p data-pm-slice=\"1 1 []\">Reduce la fatiga y mejora la productividad diaria<\/p>\n<\/li>\n<li>\n<p data-pm-slice=\"1 1 []\">Hasta 5 veces m\u00e1s duradera<\/p>\n<\/li>\n<li>\n<p data-pm-slice=\"1 1 []\">99 a\u00f1os de garant\u00eda en horquillas<\/p>\n<\/li>\n<\/ul>\n<h2>Specifiche.<\/h2>\n<p data-pm-slice=\"1 1 []\">Modelo <strong>LHM230QP<\/strong> con sistema Quick Pro-lifter. Capacidad de carga 2300 kg, altura de elevaci\u00f3n 200 mm. Dise\u00f1o optimizado para elevaci\u00f3n r\u00e1pida, mayor eficiencia operativa y menor esfuerzo en aplicaciones intensivas diarias.<\/p>\n<\/div>","protected":false},"excerpt":{"rendered":"<p data-pm-slice=\"0 0 []\">\u00bfLa manipulaci\u00f3n de cargas pesadas afecta su productividad? La Toyota Pro Lifter, con elevaci\u00f3n r\u00e1pida, requiere hasta un 67% menos de esfuerzo inicial, ideal para aplicaciones intensivas<span style=\"font-size: 16px;\">.<\/span><\/p>\n<p><em><strong>2300 kg | 200 mm<\/strong><\/em><\/p>\n<p>F\u00e1cil maniobrabilidad: El brazo tim\u00f3n act\u00faa como palanca sobre las ruedas para ayudar a poner en movimiento la transpaleta. La tracci\u00f3n de la barra de remolque transmite inercia a la rueda.<\/p>","protected":false},"featured_media":1676,"template":"","meta":{"_joinchat":[]},"product_brand":[],"product_cat":[26,27],"product_tag":[],"class_list":{"0":"post-1664","1":"product","2":"type-product","3":"status-publish","4":"has-post-thumbnail","6":"product_cat-carretillas-elevadoras","7":"product_cat-transpaletas-manuales","9":"first","10":"instock","11":"shipping-taxable","12":"product-type-simple"},"_links":{"self":[{"href":"https:\/\/repmancarretillas.es\/it\/wp-json\/wp\/v2\/product\/1664","targetHints":{"allow":["GET"]}}],"collection":[{"href":"https:\/\/repmancarretillas.es\/it\/wp-json\/wp\/v2\/product"}],"about":[{"href":"https:\/\/repmancarretillas.es\/it\/wp-json\/wp\/v2\/types\/product"}],"version-history":[{"count":1,"href":"https:\/\/repmancarretillas.es\/it\/wp-json\/wp\/v2\/product\/1664\/revisions"}],"predecessor-version":[{"id":1682,"href":"https:\/\/repmancarretillas.es\/it\/wp-json\/wp\/v2\/product\/1664\/revisions\/1682"}],"wp:featuredmedia":[{"embeddable":true,"href":"https:\/\/repmancarretillas.es\/it\/wp-json\/wp\/v2\/media\/1676"}],"wp:attachment":[{"href":"https:\/\/repmancarretillas.es\/it\/wp-json\/wp\/v2\/media?parent=1664"}],"wp:term":[{"taxonomy":"product_brand","embeddable":true,"href":"https:\/\/repmancarretillas.es\/it\/wp-json\/wp\/v2\/product_brand?post=1664"},{"taxonomy":"product_cat","embeddable":true,"href":"https:\/\/repmancarretillas.es\/it\/wp-json\/wp\/v2\/product_cat?post=1664"},{"taxonomy":"product_tag","embeddable":true,"href":"https:\/\/repmancarretillas.es\/it\/wp-json\/wp\/v2\/product_tag?post=1664"}],"curies":[{"name":"wp","href":"https:\/\/api.w.org\/{rel}","templated":true}]}}