{"id":255,"date":"2026-04-11T23:53:43","date_gmt":"2026-04-11T21:53:43","guid":{"rendered":"https:\/\/repmancarretillas.es\/?page_id=255"},"modified":"2026-04-19T19:09:32","modified_gmt":"2026-04-19T17:09:32","slug":"aviso-legal","status":"publish","type":"page","link":"https:\/\/repmancarretillas.es\/it\/aviso-legal\/","title":{"rendered":"Avviso legale"},"content":{"rendered":"<div data-elementor-type=\"wp-page\" data-elementor-id=\"255\" class=\"elementor elementor-255\" data-elementor-post-type=\"page\">\n\t\t\t\t<div class=\"elementor-element elementor-element-100b65b9 e-flex e-con-boxed e-con e-parent\" data-id=\"100b65b9\" data-element_type=\"container\" data-e-type=\"container\" data-settings=\"{&quot;background_background&quot;:&quot;classic&quot;}\">\n\t\t\t\t\t<div class=\"e-con-inner\">\n\t\t\t\t<div class=\"elementor-element elementor-element-42bf1cc3 elementor-widget elementor-widget-heading\" data-id=\"42bf1cc3\" data-element_type=\"widget\" data-e-type=\"widget\" data-widget_type=\"heading.default\">\n\t\t\t\t\t<h2 class=\"elementor-heading-title elementor-size-default\">Avviso legale<\/h2>\t\t\t\t<\/div>\n\t\t\t\t<div class=\"elementor-element elementor-element-49219089 elementor-widget elementor-widget-text-editor\" data-id=\"49219089\" data-element_type=\"widget\" data-e-type=\"widget\" data-widget_type=\"text-editor.default\">\n\t\t\t\t\t\t\t\t\t<a href=\"https:\/\/repmancarretillas.es\/it\/\"><strong>Inizio<\/strong><\/a> &#8211; Aviso Legal\t\t\t\t\t\t\t\t<\/div>\n\t\t\t\t\t<\/div>\n\t\t\t\t<\/div>\n\t\t<div class=\"elementor-element elementor-element-11bddcb e-flex e-con-boxed e-con e-parent\" data-id=\"11bddcb\" data-element_type=\"container\" data-e-type=\"container\">\n\t\t\t\t\t<div class=\"e-con-inner\">\n\t\t\t\t<div class=\"elementor-element elementor-element-044d830 elementor-widget elementor-widget-text-editor\" data-id=\"044d830\" data-element_type=\"widget\" data-e-type=\"widget\" data-widget_type=\"text-editor.default\">\n\t\t\t\t\t\t\t\t\t<p data-start=\"168\" data-end=\"330\">En cumplimiento con el deber de informaci\u00f3n recogido en la normativa vigente, se facilitan a continuaci\u00f3n los datos identificativos del titular de este sitio web:<\/p><h3 data-section-id=\"trokxh\" data-start=\"337\" data-end=\"369\"><span role=\"text\"><strong data-start=\"341\" data-end=\"369\">1. Datos identificativos<\/strong><\/span><\/h3><p data-start=\"371\" data-end=\"549\"><strong data-start=\"371\" data-end=\"383\">Titolare:<\/strong> Carriole REPMAN<br data-start=\"402\" data-end=\"405\" \/><strong data-start=\"405\" data-end=\"428\">E-mail:<\/strong> <a class=\"decorated-link cursor-pointer\" rel=\"noopener\" data-start=\"429\" data-end=\"465\">administracion@repmancarretillas.com<\/a><br data-start=\"465\" data-end=\"468\" \/><strong data-start=\"468\" data-end=\"490\">Email de contacto:<\/strong> <a class=\"decorated-link cursor-pointer\" rel=\"noopener\" data-start=\"491\" data-end=\"518\">repmancarretillas@gmail.com<\/a><br data-start=\"518\" data-end=\"521\" \/><strong data-start=\"521\" data-end=\"534\">Telefono:<\/strong> 928 71 80 25<\/p><h3 data-section-id=\"1cqkhib\" data-start=\"556\" data-end=\"573\"><span role=\"text\"><strong data-start=\"560\" data-end=\"573\">2. Objeto<\/strong><\/span><\/h3><p data-start=\"575\" data-end=\"711\">El presente sitio web tiene como finalidad ofrecer informaci\u00f3n sobre los productos y servicios de REPMAN Carretillas, especializados en:<\/p><ul data-start=\"713\" data-end=\"883\"><li data-section-id=\"70ev5c\" data-start=\"713\" data-end=\"739\">Carretillas elevadoras<\/li><li data-section-id=\"16p7is9\" data-start=\"740\" data-end=\"764\">Maquinaria log\u00edstica<\/li><li data-section-id=\"1fzcmo6\" data-start=\"765\" data-end=\"791\">Noleggio macchinari<\/li><li data-section-id=\"jw0cuy\" data-start=\"792\" data-end=\"828\">Servicio t\u00e9cnico y mantenimiento<\/li><li data-section-id=\"1kgbdi1\" data-start=\"829\" data-end=\"856\">Suministro de recambios<\/li><li data-section-id=\"1fhj5d3\" data-start=\"857\" data-end=\"883\">Formazione degli operatori<\/li><\/ul><h3 data-section-id=\"15xwzkx\" data-start=\"890\" data-end=\"919\"><span role=\"text\"><strong data-start=\"894\" data-end=\"919\">3. Condiciones de uso<\/strong><\/span><\/h3><p data-start=\"921\" data-end=\"1050\">El acceso y uso de este sitio web atribuye la condici\u00f3n de usuario, implicando la aceptaci\u00f3n de las presentes condiciones de uso.<\/p><p data-start=\"1052\" data-end=\"1166\">El usuario se compromete a hacer un uso adecuado de los contenidos y servicios, absteni\u00e9ndose de utilizarlos para:<\/p><ul data-start=\"1168\" data-end=\"1326\"><li data-section-id=\"mbedu8\" data-start=\"1168\" data-end=\"1228\">Realizar actividades il\u00edcitas o contrarias a la buena fe<\/li><li data-section-id=\"13p0br0\" data-start=\"1229\" data-end=\"1277\">Difundir contenidos ilegales o perjudiciales<\/li><li data-section-id=\"16jn4zx\" data-start=\"1278\" data-end=\"1326\">Provocar da\u00f1os en los sistemas del sitio web<\/li><\/ul><h3 data-section-id=\"1uoey0u\" data-start=\"1333\" data-end=\"1378\"><span role=\"text\"><strong data-start=\"1337\" data-end=\"1378\">4. Propiedad intelectual e industrial<\/strong><\/span><\/h3><p data-start=\"1380\" data-end=\"1608\">Todos los contenidos del sitio web (textos, im\u00e1genes, dise\u00f1o, estructura, logotipos, etc.) son propiedad de REPMAN Carretillas o de terceros autorizados, y est\u00e1n protegidos por la normativa de propiedad intelectual e industrial.<\/p><p data-start=\"1610\" data-end=\"1708\">Queda prohibida su reproducci\u00f3n, distribuci\u00f3n o modificaci\u00f3n sin autorizaci\u00f3n expresa del titular.<\/p><h3 data-section-id=\"154osl1\" data-start=\"1715\" data-end=\"1741\"><span role=\"text\"><strong data-start=\"1719\" data-end=\"1741\">5. Responsabilidad<\/strong><\/span><\/h3><p data-start=\"1743\" data-end=\"1786\">REPMAN Carretillas no se responsabiliza de:<\/p><ul data-start=\"1788\" data-end=\"1924\"><li data-section-id=\"4hy5mq\" data-start=\"1788\" data-end=\"1829\">Errores u omisiones en los contenidos<\/li><li data-section-id=\"juuztw\" data-start=\"1830\" data-end=\"1871\">Da\u00f1os derivados del uso del sitio web<\/li><li data-section-id=\"44f2ma\" data-start=\"1872\" data-end=\"1924\">Problemas t\u00e9cnicos o fallos en el funcionamiento<\/li><\/ul><p data-start=\"1926\" data-end=\"2043\">Asimismo, no se garantiza la ausencia de virus u otros elementos que puedan causar da\u00f1os en los sistemas del usuario.<\/p><h3 data-section-id=\"1yqlx0h\" data-start=\"2050\" data-end=\"2077\"><span role=\"text\"><strong data-start=\"2054\" data-end=\"2077\">6. Enlaces externos<\/strong><\/span><\/h3><p data-start=\"2079\" data-end=\"2244\">Este sitio web puede incluir enlaces a p\u00e1ginas de terceros. REPMAN Carretillas no se responsabiliza del contenido ni de las pol\u00edticas de privacidad de dichos sitios.<\/p><h3 data-section-id=\"xfhg0r\" data-start=\"2251\" data-end=\"2281\"><span role=\"text\"><strong data-start=\"2255\" data-end=\"2281\">7. Protecci\u00f3n de datos<\/strong><\/span><\/h3><p data-start=\"2283\" data-end=\"2396\">El tratamiento de los datos personales se rige por lo establecido en la <strong data-start=\"2355\" data-end=\"2381\">Pol\u00edtica de Privacidad<\/strong> del sitio web.<\/p><h3 data-section-id=\"3uuk2r\" data-start=\"2403\" data-end=\"2435\"><span role=\"text\"><strong data-start=\"2407\" data-end=\"2435\">8. Legislaci\u00f3n aplicable<\/strong><\/span><\/h3><p data-start=\"2437\" data-end=\"2613\">La relaci\u00f3n entre el usuario y REPMAN Carretillas se regir\u00e1 por la normativa vigente en Espa\u00f1a. Cualquier controversia se someter\u00e1 a los juzgados y tribunales correspondientes.<\/p><h3 data-section-id=\"1pkt2e6\" data-start=\"2620\" data-end=\"2639\"><span role=\"text\"><strong data-start=\"2624\" data-end=\"2639\">9. Contacto<\/strong><\/span><\/h3><p data-start=\"2641\" data-end=\"2728\">Para cualquier consulta relacionada con este Aviso Legal, puede contactar con nosotros:<\/p><p data-start=\"2730\" data-end=\"2808\"><strong data-start=\"2730\" data-end=\"2740\">E-mail:<\/strong> <a class=\"decorated-link cursor-pointer\" rel=\"noopener\" data-start=\"2741\" data-end=\"2777\">administracion@repmancarretillas.com<\/a><br data-start=\"2777\" data-end=\"2780\" \/><strong data-start=\"2780\" data-end=\"2793\">Telefono:<\/strong> 928 71 80 25<\/p>\t\t\t\t\t\t\t\t<\/div>\n\t\t\t\t\t<\/div>\n\t\t\t\t<\/div>\n\t\t\t\t<\/div>","protected":false},"excerpt":{"rendered":"<p>Aviso Legal Inicio &#8211; Aviso Legal En cumplimiento con el deber de informaci\u00f3n recogido en la normativa vigente, se facilitan a continuaci\u00f3n los datos identificativos del titular de este sitio web: 1. Datos identificativos Titular: REPMAN CarretillasCorreo electr\u00f3nico: administracion@repmancarretillas.comEmail de contacto: repmancarretillas@gmail.comTel\u00e9fono: 928 71 80 25 2. Objeto El presente sitio web tiene como finalidad [&hellip;]<\/p>\n","protected":false},"author":1,"featured_media":0,"parent":0,"menu_order":0,"comment_status":"closed","ping_status":"closed","template":"elementor_header_footer","meta":{"_joinchat":[],"footnotes":""},"class_list":["post-255","page","type-page","status-publish","hentry"],"_links":{"self":[{"href":"https:\/\/repmancarretillas.es\/it\/wp-json\/wp\/v2\/pages\/255","targetHints":{"allow":["GET"]}}],"collection":[{"href":"https:\/\/repmancarretillas.es\/it\/wp-json\/wp\/v2\/pages"}],"about":[{"href":"https:\/\/repmancarretillas.es\/it\/wp-json\/wp\/v2\/types\/page"}],"author":[{"embeddable":true,"href":"https:\/\/repmancarretillas.es\/it\/wp-json\/wp\/v2\/users\/1"}],"replies":[{"embeddable":true,"href":"https:\/\/repmancarretillas.es\/it\/wp-json\/wp\/v2\/comments?post=255"}],"version-history":[{"count":13,"href":"https:\/\/repmancarretillas.es\/it\/wp-json\/wp\/v2\/pages\/255\/revisions"}],"predecessor-version":[{"id":1527,"href":"https:\/\/repmancarretillas.es\/it\/wp-json\/wp\/v2\/pages\/255\/revisions\/1527"}],"wp:attachment":[{"href":"https:\/\/repmancarretillas.es\/it\/wp-json\/wp\/v2\/media?parent=255"}],"curies":[{"name":"wp","href":"https:\/\/api.w.org\/{rel}","templated":true}]}}