{"id":247,"date":"2026-04-11T23:50:54","date_gmt":"2026-04-11T21:50:54","guid":{"rendered":"https:\/\/repmancarretillas.es\/?page_id=247"},"modified":"2026-04-19T19:10:41","modified_gmt":"2026-04-19T17:10:41","slug":"politicas-de-cookies","status":"publish","type":"page","link":"https:\/\/repmancarretillas.es\/it\/politicas-de-cookies\/","title":{"rendered":"Pol\u00edticas de Cookies"},"content":{"rendered":"<div data-elementor-type=\"wp-page\" data-elementor-id=\"247\" class=\"elementor elementor-247\" data-elementor-post-type=\"page\">\n\t\t\t\t<div class=\"elementor-element elementor-element-100b65b9 e-flex e-con-boxed e-con e-parent\" data-id=\"100b65b9\" data-element_type=\"container\" data-e-type=\"container\" data-settings=\"{&quot;background_background&quot;:&quot;classic&quot;}\">\n\t\t\t\t\t<div class=\"e-con-inner\">\n\t\t\t\t<div class=\"elementor-element elementor-element-42bf1cc3 elementor-widget elementor-widget-heading\" data-id=\"42bf1cc3\" data-element_type=\"widget\" data-e-type=\"widget\" data-widget_type=\"heading.default\">\n\t\t\t\t\t<h2 class=\"elementor-heading-title elementor-size-default\">Pol\u00edticas de Cookies<\/h2>\t\t\t\t<\/div>\n\t\t\t\t<div class=\"elementor-element elementor-element-49219089 elementor-widget elementor-widget-text-editor\" data-id=\"49219089\" data-element_type=\"widget\" data-e-type=\"widget\" data-widget_type=\"text-editor.default\">\n\t\t\t\t\t\t\t\t\t<a href=\"https:\/\/repmancarretillas.es\/it\/\"><strong>Inizio<\/strong><\/a> &#8211; Pol\u00edticas de Cookies\t\t\t\t\t\t\t\t<\/div>\n\t\t\t\t\t<\/div>\n\t\t\t\t<\/div>\n\t\t<div class=\"elementor-element elementor-element-11bddcb e-flex e-con-boxed e-con e-parent\" data-id=\"11bddcb\" data-element_type=\"container\" data-e-type=\"container\">\n\t\t\t\t\t<div class=\"e-con-inner\">\n\t\t\t\t<div class=\"elementor-element elementor-element-044d830 elementor-widget elementor-widget-text-editor\" data-id=\"044d830\" data-element_type=\"widget\" data-e-type=\"widget\" data-widget_type=\"text-editor.default\">\n\t\t\t\t\t\t\t\t\t<p data-start=\"156\" data-end=\"347\">In <strong data-start=\"159\" data-end=\"181\">Carriole REPMAN<\/strong> utilizamos cookies con el objetivo de mejorar la experiencia de navegaci\u00f3n del usuario, analizar el uso del sitio web y ofrecer contenidos adaptados a sus intereses.<\/p><h3 data-section-id=\"1krzd1r\" data-start=\"354\" data-end=\"386\"><span role=\"text\"><strong data-start=\"358\" data-end=\"386\">1. \u00bfQu\u00e9 son las cookies?<\/strong><\/span><\/h3><p data-start=\"388\" data-end=\"595\">Las cookies son peque\u00f1os archivos de texto que se almacenan en su dispositivo (ordenador, m\u00f3vil o tablet) cuando visita una p\u00e1gina web. Permiten reconocer su navegador y recordar informaci\u00f3n sobre su visita.<\/p><h3 data-section-id=\"abkkfx\" data-start=\"602\" data-end=\"640\"><span role=\"text\"><strong data-start=\"606\" data-end=\"640\">2. Tipos de cookies utilizadas<\/strong><\/span><\/h3><p data-start=\"642\" data-end=\"709\">Este sitio web puede utilizar las siguientes categor\u00edas de cookies:<\/p><p data-start=\"711\" data-end=\"846\"><strong data-start=\"711\" data-end=\"731\">Cookies t\u00e9cnicas<\/strong><br data-start=\"731\" data-end=\"734\" \/>Son necesarias para el funcionamiento b\u00e1sico de la web y permiten la navegaci\u00f3n y el uso de sus funcionalidades.<\/p><p data-start=\"848\" data-end=\"962\"><strong data-start=\"848\" data-end=\"878\">Cookies de personalizaci\u00f3n<\/strong><br data-start=\"878\" data-end=\"881\" \/>Permiten recordar preferencias del usuario, como idioma o configuraci\u00f3n regional.<\/p><p data-start=\"964\" data-end=\"1097\"><strong data-start=\"964\" data-end=\"987\">Cookies de an\u00e1lisis<\/strong><br data-start=\"987\" data-end=\"990\" \/>Recogen informaci\u00f3n sobre c\u00f3mo los usuarios utilizan el sitio web, con el fin de mejorar su funcionamiento.<\/p><p data-start=\"1099\" data-end=\"1251\"><strong data-start=\"1099\" data-end=\"1122\">Cookies de terceros<\/strong><br data-start=\"1122\" data-end=\"1125\" \/>Algunos servicios pueden utilizar cookies gestionadas por terceros, como herramientas de an\u00e1lisis o integraci\u00f3n de contenidos.<\/p><h3 data-section-id=\"14xv30\" data-start=\"1258\" data-end=\"1287\"><span role=\"text\"><strong data-start=\"1262\" data-end=\"1287\">3. Gesti\u00f3n de cookies<\/strong><\/span><\/h3><p data-start=\"1289\" data-end=\"1370\">Al acceder a este sitio web, se le mostrar\u00e1 un aviso de cookies que le permitir\u00e1:<\/p><ul data-start=\"1372\" data-end=\"1472\"><li data-section-id=\"1yks8fw\" data-start=\"1372\" data-end=\"1401\">Aceptar todas las cookies<\/li><li data-section-id=\"1xp8vw8\" data-start=\"1402\" data-end=\"1440\">Rechazar las cookies no esenciales<\/li><li data-section-id=\"1y0yvye\" data-start=\"1441\" data-end=\"1472\">Configurar sus preferencias<\/li><\/ul><p data-start=\"1474\" data-end=\"1554\">Puede modificar su configuraci\u00f3n en cualquier momento desde el panel de cookies.<\/p><h3 data-section-id=\"pxxk07\" data-start=\"1561\" data-end=\"1606\"><span role=\"text\"><strong data-start=\"1565\" data-end=\"1606\">4. C\u00f3mo desactivar o eliminar cookies<\/strong><\/span><\/h3><p data-start=\"1608\" data-end=\"1804\">El usuario puede permitir, bloquear o eliminar las cookies instaladas en su dispositivo mediante la configuraci\u00f3n de su navegador. A continuaci\u00f3n, se indican enlaces a los principales navegadores:<\/p><ul data-start=\"1806\" data-end=\"1873\"><li data-section-id=\"zjiu4f\" data-start=\"1806\" data-end=\"1823\">Google Chrome<\/li><li data-section-id=\"4mrvch\" data-start=\"1824\" data-end=\"1843\">Mozilla Firefox<\/li><li data-section-id=\"1wlcinz\" data-start=\"1844\" data-end=\"1862\">Microsoft Edge<\/li><li data-section-id=\"bcdque\" data-start=\"1863\" data-end=\"1873\">Safari<\/li><\/ul><h3 data-section-id=\"2lze4g\" data-start=\"1880\" data-end=\"1910\"><span role=\"text\"><strong data-start=\"1884\" data-end=\"1910\">5. Cookies de terceros<\/strong><\/span><\/h3><p data-start=\"1912\" data-end=\"2101\">Este sitio web puede utilizar servicios de terceros que recopilan informaci\u00f3n con fines estad\u00edsticos o de uso del sitio web. Estos terceros pueden tener sus propias pol\u00edticas de privacidad.<\/p><h3 data-section-id=\"1n3ql1g\" data-start=\"2108\" data-end=\"2144\"><span role=\"text\"><strong data-start=\"2112\" data-end=\"2144\">6. Conservaci\u00f3n de los datos<\/strong><\/span><\/h3><p data-start=\"2146\" data-end=\"2261\">Las cookies se almacenan durante el tiempo necesario para cumplir su finalidad y seg\u00fan el tipo de cookie utilizada.<\/p><h3 data-section-id=\"1t4osan\" data-start=\"2268\" data-end=\"2304\"><span role=\"text\"><strong data-start=\"2272\" data-end=\"2304\">7. Actualizaciones y cambios<\/strong><\/span><\/h3><p data-start=\"2306\" data-end=\"2471\">REPMAN Carretillas se reserva el derecho de modificar esta Pol\u00edtica de Cookies en funci\u00f3n de cambios legislativos o t\u00e9cnicos. Se recomienda revisarla peri\u00f3dicamente.<\/p><h3 data-section-id=\"bgkba7\" data-start=\"2478\" data-end=\"2497\"><span role=\"text\"><strong data-start=\"2482\" data-end=\"2497\">8. Contacto<\/strong><\/span><\/h3><p data-start=\"2499\" data-end=\"2583\">Para cualquier duda relacionada con el uso de cookies, puede contactar con nosotros:<\/p><p data-start=\"2585\" data-end=\"2663\"><strong data-start=\"2585\" data-end=\"2595\">E-mail:<\/strong> <a class=\"decorated-link cursor-pointer\" rel=\"noopener\" data-start=\"2596\" data-end=\"2632\">administracion@repmancarretillas.com<\/a><br data-start=\"2632\" data-end=\"2635\" \/><strong data-start=\"2635\" data-end=\"2648\">Telefono:<\/strong> 928 71 80 25<\/p>\t\t\t\t\t\t\t\t<\/div>\n\t\t\t\t\t<\/div>\n\t\t\t\t<\/div>\n\t\t\t\t<\/div>","protected":false},"excerpt":{"rendered":"<p>Pol\u00edticas de Cookies Inicio &#8211; Pol\u00edticas de Cookies En REPMAN Carretillas utilizamos cookies con el objetivo de mejorar la experiencia de navegaci\u00f3n del usuario, analizar el uso del sitio web y ofrecer contenidos adaptados a sus intereses. 1. \u00bfQu\u00e9 son las cookies? Las cookies son peque\u00f1os archivos de texto que se almacenan en su dispositivo [&hellip;]<\/p>\n","protected":false},"author":1,"featured_media":0,"parent":0,"menu_order":0,"comment_status":"closed","ping_status":"closed","template":"elementor_header_footer","meta":{"_joinchat":[],"footnotes":""},"class_list":["post-247","page","type-page","status-publish","hentry"],"_links":{"self":[{"href":"https:\/\/repmancarretillas.es\/it\/wp-json\/wp\/v2\/pages\/247","targetHints":{"allow":["GET"]}}],"collection":[{"href":"https:\/\/repmancarretillas.es\/it\/wp-json\/wp\/v2\/pages"}],"about":[{"href":"https:\/\/repmancarretillas.es\/it\/wp-json\/wp\/v2\/types\/page"}],"author":[{"embeddable":true,"href":"https:\/\/repmancarretillas.es\/it\/wp-json\/wp\/v2\/users\/1"}],"replies":[{"embeddable":true,"href":"https:\/\/repmancarretillas.es\/it\/wp-json\/wp\/v2\/comments?post=247"}],"version-history":[{"count":13,"href":"https:\/\/repmancarretillas.es\/it\/wp-json\/wp\/v2\/pages\/247\/revisions"}],"predecessor-version":[{"id":1533,"href":"https:\/\/repmancarretillas.es\/it\/wp-json\/wp\/v2\/pages\/247\/revisions\/1533"}],"wp:attachment":[{"href":"https:\/\/repmancarretillas.es\/it\/wp-json\/wp\/v2\/media?parent=247"}],"curies":[{"name":"wp","href":"https:\/\/api.w.org\/{rel}","templated":true}]}}