{"id":127,"date":"2026-04-11T18:21:39","date_gmt":"2026-04-11T16:21:39","guid":{"rendered":"https:\/\/repmancarretillas.es\/?page_id=127"},"modified":"2026-04-19T19:19:29","modified_gmt":"2026-04-19T17:19:29","slug":"por-que-alquilar","status":"publish","type":"page","link":"https:\/\/repmancarretillas.es\/it\/por-que-alquilar\/","title":{"rendered":"Perch\u00e9 affittare"},"content":{"rendered":"<div data-elementor-type=\"wp-page\" data-elementor-id=\"127\" class=\"elementor elementor-127\" data-elementor-post-type=\"page\">\n\t\t\t\t<div class=\"elementor-element elementor-element-8a5180a e-flex e-con-boxed e-con e-parent\" data-id=\"8a5180a\" data-element_type=\"container\" data-e-type=\"container\" data-settings=\"{&quot;background_background&quot;:&quot;classic&quot;}\">\n\t\t\t\t\t<div class=\"e-con-inner\">\n\t\t\t\t<div class=\"elementor-element elementor-element-737ab42b elementor-widget elementor-widget-heading\" data-id=\"737ab42b\" data-element_type=\"widget\" data-e-type=\"widget\" data-widget_type=\"heading.default\">\n\t\t\t\t\t<h2 class=\"elementor-heading-title elementor-size-default\">Perch\u00e9 affittare<\/h2>\t\t\t\t<\/div>\n\t\t\t\t<div class=\"elementor-element elementor-element-19aa91d4 elementor-widget elementor-widget-text-editor\" data-id=\"19aa91d4\" data-element_type=\"widget\" data-e-type=\"widget\" data-widget_type=\"text-editor.default\">\n\t\t\t\t\t\t\t\t\t<a href=\"https:\/\/repmancarretillas.es\/it\/\"><strong>Inizio<\/strong><\/a> &#8211; Por Qu\u00e9 Alquilar\t\t\t\t\t\t\t\t<\/div>\n\t\t\t\t\t<\/div>\n\t\t\t\t<\/div>\n\t\t<div class=\"elementor-element elementor-element-5a63243d e-flex e-con-boxed e-con e-parent\" data-id=\"5a63243d\" data-element_type=\"container\" data-e-type=\"container\" data-settings=\"{&quot;background_background&quot;:&quot;classic&quot;}\">\n\t\t\t\t\t<div class=\"e-con-inner\">\n\t\t<div class=\"elementor-element elementor-element-78b1b16a e-con-full e-flex e-con e-child\" data-id=\"78b1b16a\" data-element_type=\"container\" data-e-type=\"container\">\n\t\t<div class=\"elementor-element elementor-element-fcc5359 e-con-full e-flex e-con e-child\" data-id=\"fcc5359\" data-element_type=\"container\" data-e-type=\"container\">\n\t\t\t\t<div class=\"elementor-element elementor-element-79397bc8 elementor-align-center elementor-icon-list--layout-traditional elementor-list-item-link-full_width elementor-widget elementor-widget-icon-list\" data-id=\"79397bc8\" data-element_type=\"widget\" data-e-type=\"widget\" data-widget_type=\"icon-list.default\">\n\t\t\t\t\t\t\t<ul class=\"elementor-icon-list-items\">\n\t\t\t\t\t\t\t<li class=\"elementor-icon-list-item\">\n\t\t\t\t\t\t\t\t\t\t<span class=\"elementor-icon-list-text\">8 razones para alquilar<\/span>\n\t\t\t\t\t\t\t\t\t<\/li>\n\t\t\t\t\t\t<\/ul>\n\t\t\t\t\t\t<\/div>\n\t\t\t\t<div class=\"elementor-element elementor-element-7587e179 elementor-invisible elementor-widget elementor-widget-heading\" data-id=\"7587e179\" data-element_type=\"widget\" data-e-type=\"widget\" data-settings=\"{&quot;_animation&quot;:&quot;fadeInUp&quot;}\" data-widget_type=\"heading.default\">\n\t\t\t\t\t<h2 class=\"elementor-heading-title elementor-size-default\">La soluci\u00f3n ideal para tu negocio<\/h2>\t\t\t\t<\/div>\n\t\t\t\t<div class=\"elementor-element elementor-element-fbb184c elementor-widget elementor-widget-text-editor\" data-id=\"fbb184c\" data-element_type=\"widget\" data-e-type=\"widget\" data-widget_type=\"text-editor.default\">\n\t\t\t\t\t\t\t\t\tIncluso si tu operaci\u00f3n funciona correctamente, pueden surgir momentos de mayor demanda donde necesitas apoyo adicional. El alquiler de carretillas te permite responder de forma r\u00e1pida, eficiente y sin compromisos a largo plazo.\t\t\t\t\t\t\t\t<\/div>\n\t\t\t\t<\/div>\n\t\t\t\t<\/div>\n\t\t<div class=\"elementor-element elementor-element-229ae96b e-con-full e-flex e-con e-child\" data-id=\"229ae96b\" data-element_type=\"container\" data-e-type=\"container\">\n\t\t<div class=\"elementor-element elementor-element-2c8605eb e-con-full e-flex e-con e-child\" data-id=\"2c8605eb\" data-element_type=\"container\" data-e-type=\"container\">\n\t\t<div class=\"elementor-element elementor-element-4a807094 e-con-full animated-fast e-flex elementor-invisible e-con e-child\" data-id=\"4a807094\" data-element_type=\"container\" data-e-type=\"container\" data-settings=\"{&quot;animation&quot;:&quot;fadeInUp&quot;}\">\n\t\t\t\t<div class=\"elementor-element elementor-element-5c92bfec elementor-widget elementor-widget-heading\" data-id=\"5c92bfec\" data-element_type=\"widget\" data-e-type=\"widget\" data-widget_type=\"heading.default\">\n\t\t\t\t\t<h3 class=\"elementor-heading-title elementor-size-default\">01.<\/h3>\t\t\t\t<\/div>\n\t\t\t\t<div class=\"elementor-element elementor-element-377c120a ekit-equal-height-disable elementor-widget elementor-widget-elementskit-image-box\" data-id=\"377c120a\" data-element_type=\"widget\" data-e-type=\"widget\" data-widget_type=\"elementskit-image-box.default\">\n\t\t\t\t\t<div class=\"ekit-wid-con\" >\n            <div class=\"elementskit-info-image-box ekit-image-box text-left simple-card\" >\n\n                \n                <div class=\"elementskit-box-header image-box-img-left\">\n\n                    \n                <\/div>\n                \n                <div class=\"elementskit-box-body ekit-image-box-body\">\n                    <div class=\"elementskit-box-content ekit-image-box-body-inner\">\n                                                <h4 class=\"elementskit-info-box-title\">\n\n                        No inmovilizas capital\n                        \n                    <\/h4>\n                                                            <div class=\"elementskit-box-style-content\">\n                        Al alquilar, evitas grandes inversiones iniciales y puedes destinar tus recursos a otras \u00e1reas estrat\u00e9gicas del negocio.                    <\/div>\n                                    <\/div>\n\n                            <\/div>\n            <\/div>\n    <\/div>\t\t\t\t<\/div>\n\t\t\t\t<\/div>\n\t\t<div class=\"elementor-element elementor-element-797d59c0 e-con-full animated-fast e-flex elementor-invisible e-con e-child\" data-id=\"797d59c0\" data-element_type=\"container\" data-e-type=\"container\" data-settings=\"{&quot;animation&quot;:&quot;fadeInUp&quot;}\">\n\t\t\t\t<div class=\"elementor-element elementor-element-3e0901bf elementor-widget elementor-widget-heading\" data-id=\"3e0901bf\" data-element_type=\"widget\" data-e-type=\"widget\" data-widget_type=\"heading.default\">\n\t\t\t\t\t<h3 class=\"elementor-heading-title elementor-size-default\">02.<\/h3>\t\t\t\t<\/div>\n\t\t\t\t<div class=\"elementor-element elementor-element-47c7df7 ekit-equal-height-disable elementor-widget elementor-widget-elementskit-image-box\" data-id=\"47c7df7\" data-element_type=\"widget\" data-e-type=\"widget\" data-widget_type=\"elementskit-image-box.default\">\n\t\t\t\t\t<div class=\"ekit-wid-con\" >\n            <div class=\"elementskit-info-image-box ekit-image-box text-left simple-card\" >\n\n                \n                <div class=\"elementskit-box-header image-box-img-left\">\n\n                    \n                <\/div>\n                \n                <div class=\"elementskit-box-body ekit-image-box-body\">\n                    <div class=\"elementskit-box-content ekit-image-box-body-inner\">\n                                                <h4 class=\"elementskit-info-box-title\">\n\n                        Prueba antes de comprar\n                        \n                    <\/h4>\n                                                            <div class=\"elementskit-box-style-content\">\n                        Puedes evaluar diferentes equipos antes de tomar una decisi\u00f3n de compra, asegurando que eliges la opci\u00f3n correcta.                    <\/div>\n                                    <\/div>\n\n                            <\/div>\n            <\/div>\n    <\/div>\t\t\t\t<\/div>\n\t\t\t\t<\/div>\n\t\t\t\t<\/div>\n\t\t<div class=\"elementor-element elementor-element-3e362570 e-con-full e-flex e-con e-child\" data-id=\"3e362570\" data-element_type=\"container\" data-e-type=\"container\">\n\t\t<div class=\"elementor-element elementor-element-d80b9e5 e-con-full animated-fast e-flex elementor-invisible e-con e-child\" data-id=\"d80b9e5\" data-element_type=\"container\" data-e-type=\"container\" data-settings=\"{&quot;animation&quot;:&quot;fadeInUp&quot;}\">\n\t\t\t\t<div class=\"elementor-element elementor-element-4ee1db75 elementor-widget elementor-widget-heading\" data-id=\"4ee1db75\" data-element_type=\"widget\" data-e-type=\"widget\" data-widget_type=\"heading.default\">\n\t\t\t\t\t<h3 class=\"elementor-heading-title elementor-size-default\">03.<\/h3>\t\t\t\t<\/div>\n\t\t\t\t<div class=\"elementor-element elementor-element-69877a21 ekit-equal-height-disable elementor-widget elementor-widget-elementskit-image-box\" data-id=\"69877a21\" data-element_type=\"widget\" data-e-type=\"widget\" data-widget_type=\"elementskit-image-box.default\">\n\t\t\t\t\t<div class=\"ekit-wid-con\" >\n            <div class=\"elementskit-info-image-box ekit-image-box text-left simple-card\" >\n\n                \n                <div class=\"elementskit-box-header image-box-img-left\">\n\n                    \n                <\/div>\n                \n                <div class=\"elementskit-box-body ekit-image-box-body\">\n                    <div class=\"elementskit-box-content ekit-image-box-body-inner\">\n                                                <h4 class=\"elementskit-info-box-title\">\n\n                        Costes claros desde el inicio\n                        \n                    <\/h4>\n                                                            <div class=\"elementskit-box-style-content\">\n                        Conoces el coste del servicio desde el principio, evitando gastos imprevistos y facilitando la planificaci\u00f3n financiera.                    <\/div>\n                                    <\/div>\n\n                            <\/div>\n            <\/div>\n    <\/div>\t\t\t\t<\/div>\n\t\t\t\t<\/div>\n\t\t<div class=\"elementor-element elementor-element-728213a e-con-full animated-fast e-flex elementor-invisible e-con e-child\" data-id=\"728213a\" data-element_type=\"container\" data-e-type=\"container\" data-settings=\"{&quot;animation&quot;:&quot;fadeInUp&quot;}\">\n\t\t\t\t<div class=\"elementor-element elementor-element-799ad04d elementor-widget elementor-widget-heading\" data-id=\"799ad04d\" data-element_type=\"widget\" data-e-type=\"widget\" data-widget_type=\"heading.default\">\n\t\t\t\t\t<h3 class=\"elementor-heading-title elementor-size-default\">04.<\/h3>\t\t\t\t<\/div>\n\t\t\t\t<div class=\"elementor-element elementor-element-7a942644 ekit-equal-height-disable elementor-widget elementor-widget-elementskit-image-box\" data-id=\"7a942644\" data-element_type=\"widget\" data-e-type=\"widget\" data-widget_type=\"elementskit-image-box.default\">\n\t\t\t\t\t<div class=\"ekit-wid-con\" >\n            <div class=\"elementskit-info-image-box ekit-image-box text-left simple-card\" >\n\n                \n                <div class=\"elementskit-box-header image-box-img-left\">\n\n                    \n                <\/div>\n                \n                <div class=\"elementskit-box-body ekit-image-box-body\">\n                    <div class=\"elementskit-box-content ekit-image-box-body-inner\">\n                                                <h4 class=\"elementskit-info-box-title\">\n\n                        Disponibilit\u00e0 immediata\n                        \n                    <\/h4>\n                                                            <div class=\"elementskit-box-style-content\">\n                        Obt\u00e9n equipos en poco tiempo, sin largas esperas de fabricaci\u00f3n o entrega.                    <\/div>\n                                    <\/div>\n\n                            <\/div>\n            <\/div>\n    <\/div>\t\t\t\t<\/div>\n\t\t\t\t<\/div>\n\t\t\t\t<\/div>\n\t\t\t\t<\/div>\n\t\t<div class=\"elementor-element elementor-element-4e771e9a e-con-full e-flex e-con e-child\" data-id=\"4e771e9a\" data-element_type=\"container\" data-e-type=\"container\">\n\t\t<div class=\"elementor-element elementor-element-73e27c10 e-con-full e-flex e-con e-child\" data-id=\"73e27c10\" data-element_type=\"container\" data-e-type=\"container\">\n\t\t<div class=\"elementor-element elementor-element-7e19ce41 e-con-full animated-fast e-flex elementor-invisible e-con e-child\" data-id=\"7e19ce41\" data-element_type=\"container\" data-e-type=\"container\" data-settings=\"{&quot;animation&quot;:&quot;fadeInUp&quot;}\">\n\t\t\t\t<div class=\"elementor-element elementor-element-5642da88 elementor-widget elementor-widget-heading\" data-id=\"5642da88\" data-element_type=\"widget\" data-e-type=\"widget\" data-widget_type=\"heading.default\">\n\t\t\t\t\t<h3 class=\"elementor-heading-title elementor-size-default\">05.<\/h3>\t\t\t\t<\/div>\n\t\t\t\t<div class=\"elementor-element elementor-element-5b84f2db ekit-equal-height-disable elementor-widget elementor-widget-elementskit-image-box\" data-id=\"5b84f2db\" data-element_type=\"widget\" data-e-type=\"widget\" data-widget_type=\"elementskit-image-box.default\">\n\t\t\t\t\t<div class=\"ekit-wid-con\" >\n            <div class=\"elementskit-info-image-box ekit-image-box text-left simple-card\" >\n\n                \n                <div class=\"elementskit-box-header image-box-img-left\">\n\n                    \n                <\/div>\n                \n                <div class=\"elementskit-box-body ekit-image-box-body\">\n                    <div class=\"elementskit-box-content ekit-image-box-body-inner\">\n                                                <h4 class=\"elementskit-info-box-title\">\n\n                        Sin compromisos a largo plazo\n                        \n                    <\/h4>\n                                                            <div class=\"elementskit-box-style-content\">\n                        Utiliza la carretilla solo el tiempo necesario y devu\u00e9lvela cuando ya no la necesites.                    <\/div>\n                                    <\/div>\n\n                            <\/div>\n            <\/div>\n    <\/div>\t\t\t\t<\/div>\n\t\t\t\t<\/div>\n\t\t<div class=\"elementor-element elementor-element-33aa2f1a e-con-full animated-fast e-flex elementor-invisible e-con e-child\" data-id=\"33aa2f1a\" data-element_type=\"container\" data-e-type=\"container\" data-settings=\"{&quot;animation&quot;:&quot;fadeInUp&quot;}\">\n\t\t\t\t<div class=\"elementor-element elementor-element-4b015447 elementor-widget elementor-widget-heading\" data-id=\"4b015447\" data-element_type=\"widget\" data-e-type=\"widget\" data-widget_type=\"heading.default\">\n\t\t\t\t\t<h3 class=\"elementor-heading-title elementor-size-default\">06.<\/h3>\t\t\t\t<\/div>\n\t\t\t\t<div class=\"elementor-element elementor-element-480ccd99 ekit-equal-height-disable elementor-widget elementor-widget-elementskit-image-box\" data-id=\"480ccd99\" data-element_type=\"widget\" data-e-type=\"widget\" data-widget_type=\"elementskit-image-box.default\">\n\t\t\t\t\t<div class=\"ekit-wid-con\" >\n            <div class=\"elementskit-info-image-box ekit-image-box text-left simple-card\" >\n\n                \n                <div class=\"elementskit-box-header image-box-img-left\">\n\n                    \n                <\/div>\n                \n                <div class=\"elementskit-box-body ekit-image-box-body\">\n                    <div class=\"elementskit-box-content ekit-image-box-body-inner\">\n                                                <h4 class=\"elementskit-info-box-title\">\n\n                        Servicio incluido\n                        \n                    <\/h4>\n                                                            <div class=\"elementskit-box-style-content\">\n                        El mantenimiento y soporte suelen estar incluidos, garantizando el m\u00e1ximo rendimiento del equipo.                    <\/div>\n                                    <\/div>\n\n                            <\/div>\n            <\/div>\n    <\/div>\t\t\t\t<\/div>\n\t\t\t\t<\/div>\n\t\t\t\t<\/div>\n\t\t<div class=\"elementor-element elementor-element-4bf691e6 e-con-full e-flex e-con e-child\" data-id=\"4bf691e6\" data-element_type=\"container\" data-e-type=\"container\">\n\t\t<div class=\"elementor-element elementor-element-60aa4561 e-con-full animated-fast e-flex elementor-invisible e-con e-child\" data-id=\"60aa4561\" data-element_type=\"container\" data-e-type=\"container\" data-settings=\"{&quot;animation&quot;:&quot;fadeInUp&quot;}\">\n\t\t\t\t<div class=\"elementor-element elementor-element-4af69db1 elementor-widget elementor-widget-heading\" data-id=\"4af69db1\" data-element_type=\"widget\" data-e-type=\"widget\" data-widget_type=\"heading.default\">\n\t\t\t\t\t<h3 class=\"elementor-heading-title elementor-size-default\">07.<\/h3>\t\t\t\t<\/div>\n\t\t\t\t<div class=\"elementor-element elementor-element-1894e7df ekit-equal-height-disable elementor-widget elementor-widget-elementskit-image-box\" data-id=\"1894e7df\" data-element_type=\"widget\" data-e-type=\"widget\" data-widget_type=\"elementskit-image-box.default\">\n\t\t\t\t\t<div class=\"ekit-wid-con\" >\n            <div class=\"elementskit-info-image-box ekit-image-box text-left simple-card\" >\n\n                \n                <div class=\"elementskit-box-header image-box-img-left\">\n\n                    \n                <\/div>\n                \n                <div class=\"elementskit-box-body ekit-image-box-body\">\n                    <div class=\"elementskit-box-content ekit-image-box-body-inner\">\n                                                <h4 class=\"elementskit-info-box-title\">\n\n                        Amplia variedad de equipos\n                        \n                    <\/h4>\n                                                            <div class=\"elementskit-box-style-content\">\n                        Accede a diferentes modelos y capacidades seg\u00fan tus necesidades espec\u00edficas en cada momento.                    <\/div>\n                                    <\/div>\n\n                            <\/div>\n            <\/div>\n    <\/div>\t\t\t\t<\/div>\n\t\t\t\t<\/div>\n\t\t<div class=\"elementor-element elementor-element-22deb44f e-con-full animated-fast e-flex elementor-invisible e-con e-child\" data-id=\"22deb44f\" data-element_type=\"container\" data-e-type=\"container\" data-settings=\"{&quot;animation&quot;:&quot;fadeInUp&quot;}\">\n\t\t\t\t<div class=\"elementor-element elementor-element-5723d222 elementor-widget elementor-widget-heading\" data-id=\"5723d222\" data-element_type=\"widget\" data-e-type=\"widget\" data-widget_type=\"heading.default\">\n\t\t\t\t\t<h3 class=\"elementor-heading-title elementor-size-default\">08.<\/h3>\t\t\t\t<\/div>\n\t\t\t\t<div class=\"elementor-element elementor-element-466cd27 ekit-equal-height-disable elementor-widget elementor-widget-elementskit-image-box\" data-id=\"466cd27\" data-element_type=\"widget\" data-e-type=\"widget\" data-widget_type=\"elementskit-image-box.default\">\n\t\t\t\t\t<div class=\"ekit-wid-con\" >\n            <div class=\"elementskit-info-image-box ekit-image-box text-left simple-card\" >\n\n                \n                <div class=\"elementskit-box-header image-box-img-left\">\n\n                    \n                <\/div>\n                \n                <div class=\"elementskit-box-body ekit-image-box-body\">\n                    <div class=\"elementskit-box-content ekit-image-box-body-inner\">\n                                                <h4 class=\"elementskit-info-box-title\">\n\n                        Mayor flexibilidad operativa\n                        \n                    <\/h4>\n                                                            <div class=\"elementskit-box-style-content\">\n                        Adapta tu flota seg\u00fan la demanda real de tu negocio, aumentando o reduciendo equipos sin riesgos ni inversiones innecesarias.                    <\/div>\n                                    <\/div>\n\n                            <\/div>\n            <\/div>\n    <\/div>\t\t\t\t<\/div>\n\t\t\t\t<\/div>\n\t\t\t\t<\/div>\n\t\t\t\t<\/div>\n\t\t\t\t\t<\/div>\n\t\t\t\t<\/div>\n\t\t<div class=\"elementor-element elementor-element-acc97b5 e-flex e-con-boxed e-con e-parent\" data-id=\"acc97b5\" data-element_type=\"container\" data-e-type=\"container\" data-settings=\"{&quot;background_background&quot;:&quot;classic&quot;}\">\n\t\t\t\t\t<div class=\"e-con-inner\">\n\t\t<div class=\"elementor-element elementor-element-7ed3d23 e-con-full e-flex e-con e-child\" data-id=\"7ed3d23\" data-element_type=\"container\" data-e-type=\"container\">\n\t\t\t\t<div class=\"elementor-element elementor-element-5714ae6 animated-fast elementor-invisible elementor-widget elementor-widget-heading\" data-id=\"5714ae6\" data-element_type=\"widget\" data-e-type=\"widget\" data-settings=\"{&quot;_animation&quot;:&quot;fadeInUp&quot;}\" data-widget_type=\"heading.default\">\n\t\t\t\t\t<h2 class=\"elementor-heading-title elementor-size-default\">\u00a1Alquila con total confianza!<\/h2>\t\t\t\t<\/div>\n\t\t\t\t<div class=\"elementor-element elementor-element-31242860 elementor-widget elementor-widget-text-editor\" data-id=\"31242860\" data-element_type=\"widget\" data-e-type=\"widget\" data-widget_type=\"text-editor.default\">\n\t\t\t\t\t\t\t\t\t<p>Optimiza tu operaci\u00f3n con nuestras carretillas en alquiler, adaptadas a las necesidades de tu empresa. Disfruta de <strong>flexibilidad total<\/strong>, disponibilidad inmediata y sin realizar grandes inversiones iniciales.<\/p><p>Nuestro servicio te permite responder a picos de demanda, mejorar la <strong>productividad<\/strong> y mantener la eficiencia operativa en todo momento, con equipos fiables y soporte profesional incluido.<\/p>\t\t\t\t\t\t\t\t<\/div>\n\t\t\t\t<div class=\"elementor-element elementor-element-72c64fbd elementor-tablet-align-center elementor-mobile-align-center elementor-widget elementor-widget-button\" data-id=\"72c64fbd\" data-element_type=\"widget\" data-e-type=\"widget\" data-widget_type=\"button.default\">\n\t\t\t\t\t\t\t\t\t\t<a class=\"elementor-button elementor-button-link elementor-size-sm elementor-animation-float\" href=\"https:\/\/repmancarretillas.es\/it\/contacto\/\">\n\t\t\t\t\t\t<span class=\"elementor-button-content-wrapper\">\n\t\t\t\t\t\t<span class=\"elementor-button-icon\">\n\t\t\t\t<svg aria-hidden=\"true\" class=\"e-font-icon-svg e-fas-arrow-right\" viewbox=\"0 0 448 512\" xmlns=\"http:\/\/www.w3.org\/2000\/svg\"><path d=\"M190.5 66.9l22.2-22.2c9.4-9.4 24.6-9.4 33.9 0L441 239c9.4 9.4 9.4 24.6 0 33.9L246.6 467.3c-9.4 9.4-24.6 9.4-33.9 0l-22.2-22.2c-9.5-9.5-9.3-25 .4-34.3L311.4 296H24c-13.3 0-24-10.7-24-24v-32c0-13.3 10.7-24 24-24h287.4L190.9 101.2c-9.8-9.3-10-24.8-.4-34.3z\"><\/path><\/svg>\t\t\t<\/span>\n\t\t\t\t\t\t\t\t\t<span class=\"elementor-button-text\">Solicitar alquiler<\/span>\n\t\t\t\t\t<\/span>\n\t\t\t\t\t<\/a>\n\t\t\t\t\t\t\t\t<\/div>\n\t\t\t\t<\/div>\n\t\t<div class=\"elementor-element elementor-element-05331da e-con-full e-flex e-con e-child\" data-id=\"05331da\" data-element_type=\"container\" data-e-type=\"container\">\n\t\t\t\t<div class=\"elementor-element elementor-element-3f200f6 elementor-widget elementor-widget-image\" data-id=\"3f200f6\" data-element_type=\"widget\" data-e-type=\"widget\" data-widget_type=\"image.default\">\n\t\t\t\t\t\t\t\t\t\t\t\t\t\t\t<img fetchpriority=\"high\" decoding=\"async\" width=\"800\" height=\"555\" src=\"https:\/\/repmancarretillas.es\/wp-content\/uploads\/2026\/04\/carretillas-elevadoras.png\" class=\"attachment-large size-large wp-image-1542\" alt=\"\" srcset=\"https:\/\/repmancarretillas.es\/wp-content\/uploads\/2026\/04\/carretillas-elevadoras.png 832w, https:\/\/repmancarretillas.es\/wp-content\/uploads\/2026\/04\/carretillas-elevadoras-300x208.png 300w, https:\/\/repmancarretillas.es\/wp-content\/uploads\/2026\/04\/carretillas-elevadoras-768x533.png 768w, https:\/\/repmancarretillas.es\/wp-content\/uploads\/2026\/04\/carretillas-elevadoras-18x12.png 18w, https:\/\/repmancarretillas.es\/wp-content\/uploads\/2026\/04\/carretillas-elevadoras-600x416.png 600w\" sizes=\"(max-width: 800px) 100vw, 800px\" \/>\t\t\t\t\t\t\t\t\t\t\t\t\t\t\t<\/div>\n\t\t\t\t<\/div>\n\t\t\t\t\t<\/div>\n\t\t\t\t<\/div>\n\t\t\t\t<\/div>","protected":false},"excerpt":{"rendered":"<p>Por Qu\u00e9 Alquilar Inicio &#8211; Por Qu\u00e9 Alquilar 8 razones para alquilar La soluci\u00f3n ideal para tu negocio Incluso si tu operaci\u00f3n funciona correctamente, pueden surgir momentos de mayor demanda donde necesitas apoyo adicional. El alquiler de carretillas te permite responder de forma r\u00e1pida, eficiente y sin compromisos a largo plazo. 01. No inmovilizas capital [&hellip;]<\/p>\n","protected":false},"author":1,"featured_media":0,"parent":0,"menu_order":0,"comment_status":"closed","ping_status":"closed","template":"elementor_header_footer","meta":{"_joinchat":[],"footnotes":""},"class_list":["post-127","page","type-page","status-publish","hentry"],"_links":{"self":[{"href":"https:\/\/repmancarretillas.es\/it\/wp-json\/wp\/v2\/pages\/127","targetHints":{"allow":["GET"]}}],"collection":[{"href":"https:\/\/repmancarretillas.es\/it\/wp-json\/wp\/v2\/pages"}],"about":[{"href":"https:\/\/repmancarretillas.es\/it\/wp-json\/wp\/v2\/types\/page"}],"author":[{"embeddable":true,"href":"https:\/\/repmancarretillas.es\/it\/wp-json\/wp\/v2\/users\/1"}],"replies":[{"embeddable":true,"href":"https:\/\/repmancarretillas.es\/it\/wp-json\/wp\/v2\/comments?post=127"}],"version-history":[{"count":61,"href":"https:\/\/repmancarretillas.es\/it\/wp-json\/wp\/v2\/pages\/127\/revisions"}],"predecessor-version":[{"id":1545,"href":"https:\/\/repmancarretillas.es\/it\/wp-json\/wp\/v2\/pages\/127\/revisions\/1545"}],"wp:attachment":[{"href":"https:\/\/repmancarretillas.es\/it\/wp-json\/wp\/v2\/media?parent=127"}],"curies":[{"name":"wp","href":"https:\/\/api.w.org\/{rel}","templated":true}]}}