{"id":910,"date":"2026-04-12T22:48:09","date_gmt":"2026-04-12T20:48:09","guid":{"rendered":"https:\/\/repmancarretillas.es\/?post_type=product&#038;p=910"},"modified":"2026-04-19T20:06:30","modified_gmt":"2026-04-19T18:06:30","slug":"toyota-traigo48-3-ruedas-1-6t-compacta-2025","status":"publish","type":"product","link":"https:\/\/repmancarretillas.es\/fr\/product\/toyota-traigo48-3-ruedas-1-6t-compacta-2025\/","title":{"rendered":"Toyota Traigo48, 3 roues 1,6t compact (2025)"},"content":{"rendered":"<h2>Principaux avantages.<\/h2>\n<ul>\n<li data-pm-slice=\"1 1 []\">Carretilla el\u00e9ctrica compacta para maniobras en espacios reducidos<\/li>\n<li data-pm-slice=\"1 1 []\">Vers\u00e1til para uso en interiores y exteriores<\/li>\n<li data-pm-slice=\"1 1 []\">Cabina amplia que mejora la comodidad y productividad<\/li>\n<li data-pm-slice=\"1 1 []\">Opciones energ\u00e9ticas: plomo-\u00e1cido, litio o pila de combustible<\/li>\n<li data-pm-slice=\"1 1 []\">Sistema de Estabilidad Activa (SAS) para mayor seguridad<\/li>\n<\/ul>\n<h2>Sp\u00e9cifications.<\/h2>\n<p data-pm-slice=\"1 1 []\">Carretilla equipada con sistema SAS, motor IPM Toyota y elevaci\u00f3n CA. Incorpora asiento ORS, controles ergon\u00f3micos, direcci\u00f3n el\u00e9ctrica, pantalla t\u00e1ctil, frenos h\u00famedos, cambio lateral de bater\u00eda y alta visibilidad.<\/p>","protected":false},"excerpt":{"rendered":"<p data-pm-slice=\"1 1 []\">\u00bfBusca una carretilla el\u00e9ctrica vers\u00e1til y f\u00e1cil de maniobrar? La Traigo48 de 3 ruedas, compacta y eficiente, ofrece alto rendimiento en interiores y exteriores, con gran confort y bajo consumo energ\u00e9tico.<\/p>\n<p data-pm-slice=\"1 1 []\"><em><strong>1600 kg | 7500 mm | 48 volt | 16,0 km\/h<\/strong><\/em><\/p>\n<p data-pm-slice=\"1 1 []\">Configuration standard : Ce mod\u00e8le \u00e0 succ\u00e8s int\u00e8gre une configuration par d\u00e9faut que vous pouvez facilement adapter \u00e0 vos besoins sp\u00e9cifiques.<\/p>","protected":false},"featured_media":911,"template":"","meta":{"_joinchat":[]},"product_brand":[],"product_cat":[26,32],"product_tag":[],"class_list":{"0":"post-910","1":"product","2":"type-product","3":"status-publish","4":"has-post-thumbnail","6":"product_cat-carretillas-elevadoras","7":"product_cat-contrapesadas-electricas","9":"first","10":"instock","11":"shipping-taxable","12":"product-type-simple"},"_links":{"self":[{"href":"https:\/\/repmancarretillas.es\/fr\/wp-json\/wp\/v2\/product\/910","targetHints":{"allow":["GET"]}}],"collection":[{"href":"https:\/\/repmancarretillas.es\/fr\/wp-json\/wp\/v2\/product"}],"about":[{"href":"https:\/\/repmancarretillas.es\/fr\/wp-json\/wp\/v2\/types\/product"}],"version-history":[{"count":3,"href":"https:\/\/repmancarretillas.es\/fr\/wp-json\/wp\/v2\/product\/910\/revisions"}],"predecessor-version":[{"id":1030,"href":"https:\/\/repmancarretillas.es\/fr\/wp-json\/wp\/v2\/product\/910\/revisions\/1030"}],"wp:featuredmedia":[{"embeddable":true,"href":"https:\/\/repmancarretillas.es\/fr\/wp-json\/wp\/v2\/media\/911"}],"wp:attachment":[{"href":"https:\/\/repmancarretillas.es\/fr\/wp-json\/wp\/v2\/media?parent=910"}],"wp:term":[{"taxonomy":"product_brand","embeddable":true,"href":"https:\/\/repmancarretillas.es\/fr\/wp-json\/wp\/v2\/product_brand?post=910"},{"taxonomy":"product_cat","embeddable":true,"href":"https:\/\/repmancarretillas.es\/fr\/wp-json\/wp\/v2\/product_cat?post=910"},{"taxonomy":"product_tag","embeddable":true,"href":"https:\/\/repmancarretillas.es\/fr\/wp-json\/wp\/v2\/product_tag?post=910"}],"curies":[{"name":"wp","href":"https:\/\/api.w.org\/{rel}","templated":true}]}}