{"id":3757,"date":"2026-04-29T19:29:23","date_gmt":"2026-04-29T17:29:23","guid":{"rendered":"https:\/\/repmancarretillas.es\/?post_type=product&#038;p=3757"},"modified":"2026-04-29T19:33:24","modified_gmt":"2026-04-29T17:33:24","slug":"toyota-tonero-tc-glp-3-5t-500mm-lc","status":"publish","type":"product","link":"https:\/\/repmancarretillas.es\/fr\/product\/toyota-tonero-tc-glp-3-5t-500mm-lc\/","title":{"rendered":"Toyota Tonero TC GLP 3.5t 500mm LC"},"content":{"rendered":"<h2>Principaux avantages.<\/h2>\n<ul>\n<li data-pm-slice=\"1 1 []\">\n<p data-pm-slice=\"1 1 []\">Ideal para manipulaci\u00f3n de materiales en interiores y exteriores en aplicaciones moderadas y exigentes<\/p>\n<\/li>\n<li data-pm-slice=\"1 1 []\">\n<p data-pm-slice=\"1 1 []\">Transmisi\u00f3n con convertidor de par para una conducci\u00f3n suave y eficiente<\/p>\n<\/li>\n<li data-pm-slice=\"1 1 []\">\n<p data-pm-slice=\"1 1 []\">Motor GLP industrial Toyota potente y fiable<\/p>\n<\/li>\n<li data-pm-slice=\"1 1 []\">\n<p data-pm-slice=\"1 1 []\">Excelente visibilidad de las horquillas a cualquier altura para mayor seguridad<\/p>\n<\/li>\n<li data-pm-slice=\"1 1 []\">\n<p data-pm-slice=\"1 1 []\">Sistema de Estabilidad Activa (SAS) para un control \u00f3ptimo<\/p>\n<\/li>\n<\/ul>\n<h2>Sp\u00e9cifications.<\/h2>\n<p data-pm-slice=\"1 1 []\">Sistema SAS, OPS y asiento ORS Toyota, m\u00e1stil de visibilidad total 3000 mm, horquillas y apoyacargas optimizados, frenos de discos h\u00famedos, direcci\u00f3n hidr\u00e1ulica, luces, display autodiagn\u00f3stico y techo policarbonato.<\/p>","protected":false},"excerpt":{"rendered":"<p data-pm-slice=\"1 1 []\">\u00bfBusca una carretilla elevadora de combusti\u00f3n interna que resulte a la vez productiva y fiable? Las carretillas GLP Tonero son ideales para trabajos intensivos tanto en interior como en exterior. Su maniobrabilidad segura y su r\u00e1pida aceleraci\u00f3n hacen a la Toyota Tonero muy eficiente en una amplia gama de operaciones de manipulaci\u00f3n de materiales, desde las m\u00e1s ligeras hasta las m\u00e1s intensivas.<\/p>\n<p data-pm-slice=\"1 1 []\"><em><strong>3500 kg | 7000 mm | 19,5 km\/h<\/strong><\/em><\/p>\n<p data-pm-slice=\"1 1 []\">La potencia Toyota: Dise\u00f1o propio de los motores espec\u00edficamente para aplicaciones industriales y permiten una r\u00e1pida aceleraci\u00f3n con una eficiencia de combustible \u00f3ptima.<\/p>","protected":false},"featured_media":3758,"template":"","meta":{"_joinchat":[]},"product_brand":[],"product_cat":[26,33],"product_tag":[],"class_list":{"0":"post-3757","1":"product","2":"type-product","3":"status-publish","4":"has-post-thumbnail","6":"product_cat-carretillas-elevadoras","7":"product_cat-contrapesadas-ci","9":"first","10":"instock","11":"shipping-taxable","12":"product-type-simple"},"_links":{"self":[{"href":"https:\/\/repmancarretillas.es\/fr\/wp-json\/wp\/v2\/product\/3757","targetHints":{"allow":["GET"]}}],"collection":[{"href":"https:\/\/repmancarretillas.es\/fr\/wp-json\/wp\/v2\/product"}],"about":[{"href":"https:\/\/repmancarretillas.es\/fr\/wp-json\/wp\/v2\/types\/product"}],"version-history":[{"count":1,"href":"https:\/\/repmancarretillas.es\/fr\/wp-json\/wp\/v2\/product\/3757\/revisions"}],"predecessor-version":[{"id":3768,"href":"https:\/\/repmancarretillas.es\/fr\/wp-json\/wp\/v2\/product\/3757\/revisions\/3768"}],"wp:featuredmedia":[{"embeddable":true,"href":"https:\/\/repmancarretillas.es\/fr\/wp-json\/wp\/v2\/media\/3758"}],"wp:attachment":[{"href":"https:\/\/repmancarretillas.es\/fr\/wp-json\/wp\/v2\/media?parent=3757"}],"wp:term":[{"taxonomy":"product_brand","embeddable":true,"href":"https:\/\/repmancarretillas.es\/fr\/wp-json\/wp\/v2\/product_brand?post=3757"},{"taxonomy":"product_cat","embeddable":true,"href":"https:\/\/repmancarretillas.es\/fr\/wp-json\/wp\/v2\/product_cat?post=3757"},{"taxonomy":"product_tag","embeddable":true,"href":"https:\/\/repmancarretillas.es\/fr\/wp-json\/wp\/v2\/product_tag?post=3757"}],"curies":[{"name":"wp","href":"https:\/\/api.w.org\/{rel}","templated":true}]}}