{"id":3750,"date":"2026-04-29T18:59:20","date_gmt":"2026-04-29T16:59:20","guid":{"rendered":"https:\/\/repmancarretillas.es\/?post_type=product&#038;p=3750"},"modified":"2026-04-29T19:02:40","modified_gmt":"2026-04-29T17:02:40","slug":"bt-staxio-1-6-toneladas-plataforma-3","status":"publish","type":"product","link":"https:\/\/repmancarretillas.es\/fr\/product\/bt-staxio-1-6-toneladas-plataforma-3\/","title":{"rendered":"BT Staxio 1.6 Toneladas Plataforma"},"content":{"rendered":"<h2>Principaux avantages.<\/h2>\n<ul>\n<li data-pm-slice=\"1 1 []\">\n<p data-pm-slice=\"1 1 []\">Ideales para desplazamientos largos y operaciones de apilamiento de intensidad media y alta<\/p>\n<\/li>\n<li data-pm-slice=\"1 1 []\">\n<p data-pm-slice=\"1 1 []\">Plataforma del operador abatible para mayor versatilidad<\/p>\n<\/li>\n<li data-pm-slice=\"1 1 []\">\n<p data-pm-slice=\"1 1 []\">Sistema Click-2-Creep y BT Powerdrive que facilitan el manejo<\/p>\n<\/li>\n<li data-pm-slice=\"1 1 []\">\n<p data-pm-slice=\"1 1 []\">Chasis de 5 puntos que garantiza estabilidad y control<\/p>\n<\/li>\n<li data-pm-slice=\"1 1 []\">\n<p data-pm-slice=\"1 1 []\">Carretilla inteligente con conectividad, monitoreo y optimizaci\u00f3n<\/p>\n<\/li>\n<\/ul>\n<h2>Sp\u00e9cifications.<\/h2>\n<p data-pm-slice=\"1 1 []\">Elevaci\u00f3n hasta 6 m, velocidad 10 km\/h, visibilidad excelente, tracci\u00f3n Powertrak, controles precisos, frenado y velocidad electr\u00f3nicos, Sensi-lift, apagado autom\u00e1tico, seguridad del operador y telematics integrado inteligente.<\/p>","protected":false},"excerpt":{"rendered":"<p data-pm-slice=\"0 0 []\">\u00bfBusca una soluci\u00f3n eficiente para grandes distancias? Las carretillas BT Staxio con plataforma para el operador ofrecen desplazamiento r\u00e1pido, suave y estable en cualquier condici\u00f3n. Su bater\u00eda de alta capacidad y cambio lateral optimizan la productividad.<\/p>\n<p><em><strong>1600 kg | 6000 mm | 8,0 km\/h | Carretilla inteligente<\/strong><\/em><\/p>\n<p>Plataforma del operador abatible: Permite largos desplazamientos a bordo y tambi\u00e9n el plegado para facilitar las maniobras<\/p>","protected":false},"featured_media":3751,"template":"","meta":{"_joinchat":[]},"product_brand":[],"product_cat":[29,26],"product_tag":[],"class_list":{"0":"post-3750","1":"product","2":"type-product","3":"status-publish","4":"has-post-thumbnail","6":"product_cat-apiladores-electricos","7":"product_cat-carretillas-elevadoras","9":"first","10":"instock","11":"shipping-taxable","12":"product-type-simple"},"_links":{"self":[{"href":"https:\/\/repmancarretillas.es\/fr\/wp-json\/wp\/v2\/product\/3750","targetHints":{"allow":["GET"]}}],"collection":[{"href":"https:\/\/repmancarretillas.es\/fr\/wp-json\/wp\/v2\/product"}],"about":[{"href":"https:\/\/repmancarretillas.es\/fr\/wp-json\/wp\/v2\/types\/product"}],"version-history":[{"count":1,"href":"https:\/\/repmancarretillas.es\/fr\/wp-json\/wp\/v2\/product\/3750\/revisions"}],"predecessor-version":[{"id":3755,"href":"https:\/\/repmancarretillas.es\/fr\/wp-json\/wp\/v2\/product\/3750\/revisions\/3755"}],"wp:featuredmedia":[{"embeddable":true,"href":"https:\/\/repmancarretillas.es\/fr\/wp-json\/wp\/v2\/media\/3751"}],"wp:attachment":[{"href":"https:\/\/repmancarretillas.es\/fr\/wp-json\/wp\/v2\/media?parent=3750"}],"wp:term":[{"taxonomy":"product_brand","embeddable":true,"href":"https:\/\/repmancarretillas.es\/fr\/wp-json\/wp\/v2\/product_brand?post=3750"},{"taxonomy":"product_cat","embeddable":true,"href":"https:\/\/repmancarretillas.es\/fr\/wp-json\/wp\/v2\/product_cat?post=3750"},{"taxonomy":"product_tag","embeddable":true,"href":"https:\/\/repmancarretillas.es\/fr\/wp-json\/wp\/v2\/product_tag?post=3750"}],"curies":[{"name":"wp","href":"https:\/\/api.w.org\/{rel}","templated":true}]}}