{"id":3673,"date":"2026-04-29T03:04:40","date_gmt":"2026-04-29T01:04:40","guid":{"rendered":"https:\/\/repmancarretillas.es\/?post_type=product&#038;p=3673"},"modified":"2026-04-29T03:30:53","modified_gmt":"2026-04-29T01:30:53","slug":"toyota-tracto-3t-2","status":"publish","type":"product","link":"https:\/\/repmancarretillas.es\/fr\/product\/toyota-tracto-3t-2\/","title":{"rendered":"Toyota Tracto 3t"},"content":{"rendered":"<h2>Principaux avantages.<\/h2>\n<ul>\n<li data-pm-slice=\"1 1 []\">\n<p data-pm-slice=\"1 1 []\">Soluci\u00f3n optimizada para transporte horizontal con ciclos intensivos de uso.<\/p>\n<\/li>\n<li data-pm-slice=\"1 1 []\">\n<p data-pm-slice=\"1 1 []\">Dise\u00f1o ergon\u00f3mico con escal\u00f3n bajo y suelo con amortiguaci\u00f3n de vibraciones.<\/p>\n<\/li>\n<li data-pm-slice=\"1 1 []\">\n<p data-pm-slice=\"1 1 []\">Sistema E-man adaptable para operaci\u00f3n m\u00e1s flexible y eficiente.<\/p>\n<\/li>\n<li data-pm-slice=\"1 1 []\">\n<p data-pm-slice=\"1 1 []\">Carretilla inteligente con tecnolog\u00eda de conectividad y control.<\/p>\n<\/li>\n<\/ul>\n<h2>Sp\u00e9cifications.<\/h2>\n<p data-pm-slice=\"1 1 []\">Carretilla de alto rendimiento con direcci\u00f3n BT E-man, escal\u00f3n bajo, sistema BT Powerdrive, m\u00faltiples enganches de remolque, soporte de film estirable, telem\u00e1tica integrada y opciones E-bar y suspensi\u00f3n.<\/p>","protected":false},"excerpt":{"rendered":"<p data-pm-slice=\"1 1 []\">Dise\u00f1ada para m\u00e1xima eficiencia operativa, la serie S de Toyota Tracto combina potencia y rendimiento con hasta 5 toneladas de capacidad y 12 km\/h de velocidad. Ideal para transporte intensivo y log\u00edstica avanzada, con opci\u00f3n de bater\u00eda de iones de litio para turnos prolongados.<\/p>\n<p data-pm-slice=\"1 1 []\"><em><strong>3000 kg | 620 Ah | 12,0 km\/h | Carretilla inteligente<\/strong><\/em><\/p>\n<ul>\n<li data-pm-slice=\"1 1 []\">Entrega disponible en 24 horas.<\/li>\n<li data-pm-slice=\"1 1 []\">Cancelaci\u00f3n gratuita hasta 2 d\u00edas antes del inicio del alquiler.<\/li>\n<li data-pm-slice=\"1 1 []\">Amplia gama de equipos con servicio completo incluido.<\/li>\n<li data-pm-slice=\"1 1 []\">Alta flexibilidad adaptada a las necesidades del negocio.<\/li>\n<\/ul>","protected":false},"featured_media":3674,"template":"","meta":{"_joinchat":[]},"product_brand":[],"product_cat":[36,43],"product_tag":[],"class_list":{"0":"post-3673","1":"product","2":"type-product","3":"status-publish","4":"has-post-thumbnail","6":"product_cat-carretillas-elevadoras-para-alquiler","7":"product_cat-tractores-de-arrastre-alquiler","9":"first","10":"instock","11":"shipping-taxable","12":"product-type-simple"},"_links":{"self":[{"href":"https:\/\/repmancarretillas.es\/fr\/wp-json\/wp\/v2\/product\/3673","targetHints":{"allow":["GET"]}}],"collection":[{"href":"https:\/\/repmancarretillas.es\/fr\/wp-json\/wp\/v2\/product"}],"about":[{"href":"https:\/\/repmancarretillas.es\/fr\/wp-json\/wp\/v2\/types\/product"}],"version-history":[{"count":1,"href":"https:\/\/repmancarretillas.es\/fr\/wp-json\/wp\/v2\/product\/3673\/revisions"}],"predecessor-version":[{"id":3679,"href":"https:\/\/repmancarretillas.es\/fr\/wp-json\/wp\/v2\/product\/3673\/revisions\/3679"}],"wp:featuredmedia":[{"embeddable":true,"href":"https:\/\/repmancarretillas.es\/fr\/wp-json\/wp\/v2\/media\/3674"}],"wp:attachment":[{"href":"https:\/\/repmancarretillas.es\/fr\/wp-json\/wp\/v2\/media?parent=3673"}],"wp:term":[{"taxonomy":"product_brand","embeddable":true,"href":"https:\/\/repmancarretillas.es\/fr\/wp-json\/wp\/v2\/product_brand?post=3673"},{"taxonomy":"product_cat","embeddable":true,"href":"https:\/\/repmancarretillas.es\/fr\/wp-json\/wp\/v2\/product_cat?post=3673"},{"taxonomy":"product_tag","embeddable":true,"href":"https:\/\/repmancarretillas.es\/fr\/wp-json\/wp\/v2\/product_tag?post=3673"}],"curies":[{"name":"wp","href":"https:\/\/api.w.org\/{rel}","templated":true}]}}