{"id":3206,"date":"2026-04-28T20:46:38","date_gmt":"2026-04-28T18:46:38","guid":{"rendered":"https:\/\/repmancarretillas.es\/?post_type=product&#038;p=3206"},"modified":"2026-04-28T20:56:09","modified_gmt":"2026-04-28T18:56:09","slug":"tracto-plataforma-de-15t-con-capacidad-de-remolque-de-10t","status":"publish","type":"product","link":"https:\/\/repmancarretillas.es\/fr\/product\/tracto-plataforma-de-15t-con-capacidad-de-remolque-de-10t\/","title":{"rendered":"Tracto, plataforma de 1,5t con capacidad de remolque de 10t"},"content":{"rendered":"<h2>Principaux avantages.<\/h2>\n<ul>\n<li data-pm-slice=\"1 1 []\">\n<p data-pm-slice=\"1 1 []\">Plataforma dise\u00f1ada para aplicaciones intensivas en interiores y exteriores.<\/p>\n<\/li>\n<li data-pm-slice=\"1 1 []\">\n<p data-pm-slice=\"1 1 []\">Direcci\u00f3n electrohidr\u00e1ulica de serie que mejora el confort del operador.<\/p>\n<\/li>\n<li data-pm-slice=\"1 1 []\">\n<p data-pm-slice=\"1 1 []\">Plataforma ajustable que ampl\u00eda el rango de aplicaciones.<\/p>\n<\/li>\n<li data-pm-slice=\"1 1 []\">\n<p data-pm-slice=\"1 1 []\">Tractor de arrastre robusto con alto rendimiento en velocidad, pendiente y accionamiento.<\/p>\n<\/li>\n<li data-pm-slice=\"1 1 []\">\n<p data-pm-slice=\"1 1 []\">Mayor comodidad en alta velocidad gracias a asientos ajustables, suspensi\u00f3n en ruedas y direcci\u00f3n por cable.<\/p>\n<\/li>\n<\/ul>\n<h2>Sp\u00e9cifications.<\/h2>\n<p data-pm-slice=\"1 1 []\">Tractor de plataforma el\u00e9ctrico con direcci\u00f3n electrohidr\u00e1ulica, motor de corriente alterna, neum\u00e1ticos industriales, freno autom\u00e1tico y regenerativo, sistema de presencia del operador, luces completas, pantalla digital y capacidad de carga de 1500 kg.<\/p>","protected":false},"excerpt":{"rendered":"<p data-pm-slice=\"0 0 []\">Tractor de arrastre compacto dise\u00f1ado para aplicaciones intensivas, de f\u00e1cil conducci\u00f3n y con plataforma ajustable para mayor versatilidad operativa.<\/p>\n<p data-pm-slice=\"0 0 []\"><em><strong>1500 kg | 18,0 km\/h<\/strong><\/em><\/p>\n<p data-pm-slice=\"0 0 []\">Conducci\u00f3n parecida a la de un veh\u00edculo: Con la columna de direcci\u00f3n ajustable, los asientos suspendidos y el sistema de direcci\u00f3n por cable, el tractor es c\u00f3modo y f\u00e1cil de conducir.<\/p>","protected":false},"featured_media":3207,"template":"","meta":{"_joinchat":[]},"product_brand":[],"product_cat":[26,34],"product_tag":[],"class_list":{"0":"post-3206","1":"product","2":"type-product","3":"status-publish","4":"has-post-thumbnail","6":"product_cat-carretillas-elevadoras","7":"product_cat-tractores-de-arrastre","9":"first","10":"instock","11":"shipping-taxable","12":"product-type-simple"},"_links":{"self":[{"href":"https:\/\/repmancarretillas.es\/fr\/wp-json\/wp\/v2\/product\/3206","targetHints":{"allow":["GET"]}}],"collection":[{"href":"https:\/\/repmancarretillas.es\/fr\/wp-json\/wp\/v2\/product"}],"about":[{"href":"https:\/\/repmancarretillas.es\/fr\/wp-json\/wp\/v2\/types\/product"}],"version-history":[{"count":1,"href":"https:\/\/repmancarretillas.es\/fr\/wp-json\/wp\/v2\/product\/3206\/revisions"}],"predecessor-version":[{"id":3214,"href":"https:\/\/repmancarretillas.es\/fr\/wp-json\/wp\/v2\/product\/3206\/revisions\/3214"}],"wp:featuredmedia":[{"embeddable":true,"href":"https:\/\/repmancarretillas.es\/fr\/wp-json\/wp\/v2\/media\/3207"}],"wp:attachment":[{"href":"https:\/\/repmancarretillas.es\/fr\/wp-json\/wp\/v2\/media?parent=3206"}],"wp:term":[{"taxonomy":"product_brand","embeddable":true,"href":"https:\/\/repmancarretillas.es\/fr\/wp-json\/wp\/v2\/product_brand?post=3206"},{"taxonomy":"product_cat","embeddable":true,"href":"https:\/\/repmancarretillas.es\/fr\/wp-json\/wp\/v2\/product_cat?post=3206"},{"taxonomy":"product_tag","embeddable":true,"href":"https:\/\/repmancarretillas.es\/fr\/wp-json\/wp\/v2\/product_tag?post=3206"}],"curies":[{"name":"wp","href":"https:\/\/api.w.org\/{rel}","templated":true}]}}