{"id":3001,"date":"2026-04-28T18:25:58","date_gmt":"2026-04-28T16:25:58","guid":{"rendered":"https:\/\/repmancarretillas.es\/?post_type=product&#038;p=3001"},"modified":"2026-04-28T18:29:37","modified_gmt":"2026-04-28T16:29:37","slug":"toyota-tonero-hst-glp-3t-500mm-lc","status":"publish","type":"product","link":"https:\/\/repmancarretillas.es\/fr\/product\/toyota-tonero-hst-glp-3t-500mm-lc\/","title":{"rendered":"Toyota Tonero HST GLP 3t 500mm LC"},"content":{"rendered":"<h2>Beneficios clave.<\/h2>\n<ul>\n<li data-pm-slice=\"1 1 []\">\n<p data-pm-slice=\"1 1 []\">Dise\u00f1ada para manipulaci\u00f3n de materiales en interiores y exteriores en aplicaciones moderadas y exigentes.<\/p>\n<\/li>\n<li data-pm-slice=\"1 1 []\">\n<p data-pm-slice=\"1 1 []\">Adecuada para tareas de manejo ligero en entornos exteriores de alta exigencia.<\/p>\n<\/li>\n<li data-pm-slice=\"1 1 []\">\n<p data-pm-slice=\"1 1 []\">Motor GLP industrial Toyota, potente y altamente fiable.<\/p>\n<\/li>\n<li data-pm-slice=\"1 1 []\">\n<p data-pm-slice=\"1 1 []\">Excelente visibilidad de las horquillas a cualquier altura para operaciones seguras.<\/p>\n<\/li>\n<li data-pm-slice=\"1 1 []\">\n<p data-pm-slice=\"1 1 []\">Sistema de Estabilidad Activa (SAS) que mejora el control y la estabilidad.<\/p>\n<\/li>\n<\/ul>\n<h2>Especificaciones.<\/h2>\n<p data-pm-slice=\"1 1 []\">Carretilla elevadora con transmisi\u00f3n hidrost\u00e1tica, sistemas SAS, OPS y asiento ORS, m\u00e1stil de alta visibilidad, frenos de discos h\u00famedos, direcci\u00f3n hidr\u00e1ulica, ruedas neum\u00e1ticas, luces LED y capacidad de carga de 3000 kg<\/p>","protected":false},"excerpt":{"rendered":"<p data-pm-slice=\"0 0 []\">La Toyota Tonero es una gama de carretillas contrapesadas de combusti\u00f3n interna dise\u00f1ada para m\u00faltiples aplicaciones. Ofrece estabilidad, eficiencia y alto rendimiento en trabajos ligeros y exigentes en exteriores. Su dise\u00f1o prioriza la comodidad del operador y una excelente visibilidad panor\u00e1mica gracias a sus cabinas. La transmisi\u00f3n hidrost\u00e1tica permite un control preciso con frenado autom\u00e1tico al liberar el acelerador.<\/p>\n<p data-pm-slice=\"1 1 []\"><em><strong>3000 kg | 6500 mm | 19,0 km\/h<\/strong><\/em><\/p>\n<p data-pm-slice=\"1 1 []\">La pantalla del cuadro de mandos es f\u00e1cil e intuitiva. Todos los controles est\u00e1n integrados en una \u00fanica pantalla para aumentar la productividad y la comodidad de los operadores. La pantalla permite ajustar la capacidad de conducci\u00f3n, la aceleraci\u00f3n y el efecto de frenado.<\/p>","protected":false},"featured_media":3002,"template":"","meta":{"_joinchat":[]},"product_brand":[],"product_cat":[26,33],"product_tag":[],"class_list":{"0":"post-3001","1":"product","2":"type-product","3":"status-publish","4":"has-post-thumbnail","6":"product_cat-carretillas-elevadoras","7":"product_cat-contrapesadas-ci","9":"first","10":"instock","11":"shipping-taxable","12":"product-type-simple"},"_links":{"self":[{"href":"https:\/\/repmancarretillas.es\/fr\/wp-json\/wp\/v2\/product\/3001","targetHints":{"allow":["GET"]}}],"collection":[{"href":"https:\/\/repmancarretillas.es\/fr\/wp-json\/wp\/v2\/product"}],"about":[{"href":"https:\/\/repmancarretillas.es\/fr\/wp-json\/wp\/v2\/types\/product"}],"version-history":[{"count":1,"href":"https:\/\/repmancarretillas.es\/fr\/wp-json\/wp\/v2\/product\/3001\/revisions"}],"predecessor-version":[{"id":3010,"href":"https:\/\/repmancarretillas.es\/fr\/wp-json\/wp\/v2\/product\/3001\/revisions\/3010"}],"wp:featuredmedia":[{"embeddable":true,"href":"https:\/\/repmancarretillas.es\/fr\/wp-json\/wp\/v2\/media\/3002"}],"wp:attachment":[{"href":"https:\/\/repmancarretillas.es\/fr\/wp-json\/wp\/v2\/media?parent=3001"}],"wp:term":[{"taxonomy":"product_brand","embeddable":true,"href":"https:\/\/repmancarretillas.es\/fr\/wp-json\/wp\/v2\/product_brand?post=3001"},{"taxonomy":"product_cat","embeddable":true,"href":"https:\/\/repmancarretillas.es\/fr\/wp-json\/wp\/v2\/product_cat?post=3001"},{"taxonomy":"product_tag","embeddable":true,"href":"https:\/\/repmancarretillas.es\/fr\/wp-json\/wp\/v2\/product_tag?post=3001"}],"curies":[{"name":"wp","href":"https:\/\/api.w.org\/{rel}","templated":true}]}}