{"id":2884,"date":"2026-04-28T17:09:23","date_gmt":"2026-04-28T15:09:23","guid":{"rendered":"https:\/\/repmancarretillas.es\/?post_type=product&#038;p=2884"},"modified":"2026-04-28T17:13:59","modified_gmt":"2026-04-28T15:13:59","slug":"toyota-tonero-tc-glp-3t-500mm-lc","status":"publish","type":"product","link":"https:\/\/repmancarretillas.es\/fr\/product\/toyota-tonero-tc-glp-3t-500mm-lc\/","title":{"rendered":"Toyota Tonero TC GLP 3t 500mm LC"},"content":{"rendered":"<h2>Principaux avantages.<\/h2>\n<ul>\n<li data-pm-slice=\"1 1 []\">\n<p data-pm-slice=\"1 1 []\">Dise\u00f1ada para operaciones de manipulaci\u00f3n de materiales en interiores y exteriores, tanto moderadas como exigentes.<\/p>\n<\/li>\n<li data-pm-slice=\"1 1 []\">\n<p data-pm-slice=\"1 1 []\">Transmisi\u00f3n con convertidor de par que garantiza una conducci\u00f3n suave y eficiente.<\/p>\n<\/li>\n<li data-pm-slice=\"1 1 []\">\n<p data-pm-slice=\"1 1 []\">Motor GLP industrial Toyota, potente y altamente fiable.<\/p>\n<\/li>\n<li data-pm-slice=\"1 1 []\">\n<p data-pm-slice=\"1 1 []\">Excelente visibilidad de las puntas de las horquillas a cualquier altura para una operaci\u00f3n segura.<\/p>\n<\/li>\n<\/ul>\n<h2>Sp\u00e9cifications.<\/h2>\n<p data-pm-slice=\"1 1 []\">Carretilla elevadora con sistema SAS y OPS, asiento ORS, m\u00e1stil de alta visibilidad, frenos de discos h\u00famedos, direcci\u00f3n hidr\u00e1ulica, ruedas neum\u00e1ticas, luces LED, display con autodiagn\u00f3stico y capacidad de carga de 3000 kg.<\/p>","protected":false},"excerpt":{"rendered":"<p data-pm-slice=\"1 1 []\">\u00bfBusca una carretilla elevadora de combusti\u00f3n interna fiable y eficiente? Las Toyota Tonero GLP est\u00e1n dise\u00f1adas para aplicaciones intensivas en interiores y exteriores, ofreciendo gran maniobrabilidad, seguridad operativa y excelente rendimiento en una amplia gama de tareas.<\/p>\n<p data-pm-slice=\"1 1 []\"><em><strong>3000 kg | 7000 mm | 19,0 km\/h<\/strong><\/em><\/p>\n<p data-pm-slice=\"1 1 []\">La potencia: Toyota Dise\u00f1o propio de los motores espec\u00edficamente para aplicaciones industriales y permiten una r\u00e1pida aceleraci\u00f3n con una eficiencia de combustible \u00f3ptima.<\/p>","protected":false},"featured_media":2885,"template":"","meta":{"_joinchat":[]},"product_brand":[],"product_cat":[26,33],"product_tag":[],"class_list":{"0":"post-2884","1":"product","2":"type-product","3":"status-publish","4":"has-post-thumbnail","6":"product_cat-carretillas-elevadoras","7":"product_cat-contrapesadas-ci","9":"first","10":"instock","11":"shipping-taxable","12":"product-type-simple"},"_links":{"self":[{"href":"https:\/\/repmancarretillas.es\/fr\/wp-json\/wp\/v2\/product\/2884","targetHints":{"allow":["GET"]}}],"collection":[{"href":"https:\/\/repmancarretillas.es\/fr\/wp-json\/wp\/v2\/product"}],"about":[{"href":"https:\/\/repmancarretillas.es\/fr\/wp-json\/wp\/v2\/types\/product"}],"version-history":[{"count":1,"href":"https:\/\/repmancarretillas.es\/fr\/wp-json\/wp\/v2\/product\/2884\/revisions"}],"predecessor-version":[{"id":2892,"href":"https:\/\/repmancarretillas.es\/fr\/wp-json\/wp\/v2\/product\/2884\/revisions\/2892"}],"wp:featuredmedia":[{"embeddable":true,"href":"https:\/\/repmancarretillas.es\/fr\/wp-json\/wp\/v2\/media\/2885"}],"wp:attachment":[{"href":"https:\/\/repmancarretillas.es\/fr\/wp-json\/wp\/v2\/media?parent=2884"}],"wp:term":[{"taxonomy":"product_brand","embeddable":true,"href":"https:\/\/repmancarretillas.es\/fr\/wp-json\/wp\/v2\/product_brand?post=2884"},{"taxonomy":"product_cat","embeddable":true,"href":"https:\/\/repmancarretillas.es\/fr\/wp-json\/wp\/v2\/product_cat?post=2884"},{"taxonomy":"product_tag","embeddable":true,"href":"https:\/\/repmancarretillas.es\/fr\/wp-json\/wp\/v2\/product_tag?post=2884"}],"curies":[{"name":"wp","href":"https:\/\/api.w.org\/{rel}","templated":true}]}}