{"id":2748,"date":"2026-04-28T15:54:59","date_gmt":"2026-04-28T13:54:59","guid":{"rendered":"https:\/\/repmancarretillas.es\/?post_type=product&#038;p=2748"},"modified":"2026-04-28T15:59:51","modified_gmt":"2026-04-28T13:59:51","slug":"toyota-tonero-tc-diesel-6t-600mm-lc","status":"publish","type":"product","link":"https:\/\/repmancarretillas.es\/fr\/product\/toyota-tonero-tc-diesel-6t-600mm-lc\/","title":{"rendered":"Toyota Tonero TC Diesel 6t 600mm LC"},"content":{"rendered":"<h2>Principaux avantages.<\/h2>\n<ul>\n<li data-pm-slice=\"1 1 []\">\n<p data-pm-slice=\"1 1 []\">Ideal para manipulaci\u00f3n de materiales en exteriores exigentes<\/p>\n<\/li>\n<li data-pm-slice=\"1 1 []\">\n<p data-pm-slice=\"1 1 []\">Capacidad para cargas m\u00faltiples con alto rendimiento<\/p>\n<\/li>\n<li data-pm-slice=\"1 1 []\">\n<p data-pm-slice=\"1 1 []\">Transmisi\u00f3n por convertidor de par para conducci\u00f3n suave<\/p>\n<\/li>\n<li data-pm-slice=\"1 1 []\">\n<p data-pm-slice=\"1 1 []\">Motor di\u00e9sel Toyota potente y fiable<\/p>\n<\/li>\n<li data-pm-slice=\"1 1 []\">\n<p data-pm-slice=\"1 1 []\">Sistema SAS para mayor seguridad<\/p>\n<\/li>\n<\/ul>\n<h2>Sp\u00e9cifications.<\/h2>\n<p data-pm-slice=\"1 1 []\">Toyota SAS y OPS, capacidad 6000 kg, transmisi\u00f3n hidrodin\u00e1mica, ORS, m\u00e1stil 3000 mm, horquillas 1200 mm, frenos dobles, direcci\u00f3n hidr\u00e1ulica, LED, autodiagn\u00f3stico y columna ajustable.<\/p>","protected":false},"excerpt":{"rendered":"<p data-pm-slice=\"1 1 []\">\u00bfBusca una carretilla di\u00e9sel potente para trabajos en exteriores? La Toyota Tonero ofrece fiabilidad, durabilidad y excelente maniobrabilidad para operaciones intensivas y exigentes.<\/p>\n<p data-pm-slice=\"1 1 []\"><em><strong>6000 kg | 6000 mm | 21,0 km\/h<\/strong><\/em><\/p>\n<p data-pm-slice=\"1 1 []\">Motores industriales lean de Toyota: El motor 1KD est\u00e1 dise\u00f1ado espec\u00edficamente para aplicaciones industriales y permite una r\u00e1pida aceleraci\u00f3n. Combina eficiencia de combustible, bajo mantenimiento y alta durabilidad. El 1KD incluye un DPF autorregenerable para un funcionamiento m\u00e1s limpio y pobre, superando la normativa Stage V.<\/p>","protected":false},"featured_media":2749,"template":"","meta":{"_joinchat":[]},"product_brand":[],"product_cat":[26,33],"product_tag":[],"class_list":{"0":"post-2748","1":"product","2":"type-product","3":"status-publish","4":"has-post-thumbnail","6":"product_cat-carretillas-elevadoras","7":"product_cat-contrapesadas-ci","9":"first","10":"instock","11":"shipping-taxable","12":"product-type-simple"},"_links":{"self":[{"href":"https:\/\/repmancarretillas.es\/fr\/wp-json\/wp\/v2\/product\/2748","targetHints":{"allow":["GET"]}}],"collection":[{"href":"https:\/\/repmancarretillas.es\/fr\/wp-json\/wp\/v2\/product"}],"about":[{"href":"https:\/\/repmancarretillas.es\/fr\/wp-json\/wp\/v2\/types\/product"}],"version-history":[{"count":1,"href":"https:\/\/repmancarretillas.es\/fr\/wp-json\/wp\/v2\/product\/2748\/revisions"}],"predecessor-version":[{"id":2757,"href":"https:\/\/repmancarretillas.es\/fr\/wp-json\/wp\/v2\/product\/2748\/revisions\/2757"}],"wp:featuredmedia":[{"embeddable":true,"href":"https:\/\/repmancarretillas.es\/fr\/wp-json\/wp\/v2\/media\/2749"}],"wp:attachment":[{"href":"https:\/\/repmancarretillas.es\/fr\/wp-json\/wp\/v2\/media?parent=2748"}],"wp:term":[{"taxonomy":"product_brand","embeddable":true,"href":"https:\/\/repmancarretillas.es\/fr\/wp-json\/wp\/v2\/product_brand?post=2748"},{"taxonomy":"product_cat","embeddable":true,"href":"https:\/\/repmancarretillas.es\/fr\/wp-json\/wp\/v2\/product_cat?post=2748"},{"taxonomy":"product_tag","embeddable":true,"href":"https:\/\/repmancarretillas.es\/fr\/wp-json\/wp\/v2\/product_tag?post=2748"}],"curies":[{"name":"wp","href":"https:\/\/api.w.org\/{rel}","templated":true}]}}