{"id":2714,"date":"2026-04-28T03:23:38","date_gmt":"2026-04-28T01:23:38","guid":{"rendered":"https:\/\/repmancarretillas.es\/?post_type=product&#038;p=2714"},"modified":"2026-04-28T03:27:29","modified_gmt":"2026-04-28T01:27:29","slug":"toyota-traigo-80-4-ruedas-5-toneladas-centro-de-carga-extendido","status":"publish","type":"product","link":"https:\/\/repmancarretillas.es\/fr\/product\/toyota-traigo-80-4-ruedas-5-toneladas-centro-de-carga-extendido\/","title":{"rendered":"Toyota Traigo 80, 4 ruedas, 5 toneladas, centro de carga extendido"},"content":{"rendered":"<h2>Principaux avantages.<\/h2>\n<ul>\n<li data-pm-slice=\"1 1 []\">\n<p data-pm-slice=\"1 1 []\">Chasis robusto dise\u00f1ado para m\u00e1xima resistencia y durabilidad<\/p>\n<\/li>\n<li data-pm-slice=\"1 1 []\">\n<p data-pm-slice=\"1 1 []\">Centro de carga de 600 mm para cargas grandes o m\u00faltiples palets<\/p>\n<\/li>\n<li data-pm-slice=\"1 1 []\">\n<p data-pm-slice=\"1 1 []\">Bater\u00eda de alta capacidad para turnos prolongados<\/p>\n<\/li>\n<li data-pm-slice=\"1 1 []\">\n<p data-pm-slice=\"1 1 []\">Opciones energ\u00e9ticas flexibles seg\u00fan necesidad<\/p>\n<\/li>\n<li data-pm-slice=\"1 1 []\">\n<p data-pm-slice=\"1 1 []\">Sistema SAS para mayor seguridad<\/p>\n<\/li>\n<\/ul>\n<h2>Sp\u00e9cifications.<\/h2>\n<p data-pm-slice=\"1 1 []\">Toyota SAS, sistema AC, ORS y OPS, m\u00e1stil 3300 mm, horquillas 1000\u20131200 mm, frenos h\u00famedos, direcci\u00f3n hidr\u00e1ulica, pantalla t\u00e1ctil, cabina suspendida, bater\u00eda lateral segura y parada emergencia.<\/p>","protected":false},"excerpt":{"rendered":"<p data-pm-slice=\"0 0 []\">Estas carretillas el\u00e9ctricas de gran tonelaje ofrecen alta fiabilidad en operaciones intensivas como la industria de bebidas, permitiendo manipular varios palets al mismo tiempo con gran eficiencia.<\/p>\n<p data-pm-slice=\"1 1 []\"><em><strong>5000 kg | 6500 mm | 80 volt | 20,0 km\/h<\/strong><\/em><\/p>\n<p data-pm-slice=\"1 1 []\">Tiempo m\u00ednimo de parada: El chasis abierto en la parte inferior permite una extracci\u00f3n r\u00e1pida de la bater\u00eda, o bien se puede utilizar el enchufe de carga opcional para cargarla directamente. El motor y los componentes de control son f\u00e1cilmente accesibles sin herramientas: basta con aflojar cuatro tornillos para retirar la cubierta trasera.<\/p>","protected":false},"featured_media":2715,"template":"","meta":{"_joinchat":[]},"product_brand":[],"product_cat":[26,32],"product_tag":[],"class_list":{"0":"post-2714","1":"product","2":"type-product","3":"status-publish","4":"has-post-thumbnail","6":"product_cat-carretillas-elevadoras","7":"product_cat-contrapesadas-electricas","9":"first","10":"instock","11":"shipping-taxable","12":"product-type-simple"},"_links":{"self":[{"href":"https:\/\/repmancarretillas.es\/fr\/wp-json\/wp\/v2\/product\/2714","targetHints":{"allow":["GET"]}}],"collection":[{"href":"https:\/\/repmancarretillas.es\/fr\/wp-json\/wp\/v2\/product"}],"about":[{"href":"https:\/\/repmancarretillas.es\/fr\/wp-json\/wp\/v2\/types\/product"}],"version-history":[{"count":1,"href":"https:\/\/repmancarretillas.es\/fr\/wp-json\/wp\/v2\/product\/2714\/revisions"}],"predecessor-version":[{"id":2724,"href":"https:\/\/repmancarretillas.es\/fr\/wp-json\/wp\/v2\/product\/2714\/revisions\/2724"}],"wp:featuredmedia":[{"embeddable":true,"href":"https:\/\/repmancarretillas.es\/fr\/wp-json\/wp\/v2\/media\/2715"}],"wp:attachment":[{"href":"https:\/\/repmancarretillas.es\/fr\/wp-json\/wp\/v2\/media?parent=2714"}],"wp:term":[{"taxonomy":"product_brand","embeddable":true,"href":"https:\/\/repmancarretillas.es\/fr\/wp-json\/wp\/v2\/product_brand?post=2714"},{"taxonomy":"product_cat","embeddable":true,"href":"https:\/\/repmancarretillas.es\/fr\/wp-json\/wp\/v2\/product_cat?post=2714"},{"taxonomy":"product_tag","embeddable":true,"href":"https:\/\/repmancarretillas.es\/fr\/wp-json\/wp\/v2\/product_tag?post=2714"}],"curies":[{"name":"wp","href":"https:\/\/api.w.org\/{rel}","templated":true}]}}