{"id":2641,"date":"2026-04-28T02:56:08","date_gmt":"2026-04-28T00:56:08","guid":{"rendered":"https:\/\/repmancarretillas.es\/?post_type=product&#038;p=2641"},"modified":"2026-04-28T03:00:30","modified_gmt":"2026-04-28T01:00:30","slug":"toyota-traigo-80-4-ruedas-4-toneladas-compacta","status":"publish","type":"product","link":"https:\/\/repmancarretillas.es\/fr\/product\/toyota-traigo-80-4-ruedas-4-toneladas-compacta\/","title":{"rendered":"Toyota Traigo 80, 4 ruedas, 4 Toneladas, compacta"},"content":{"rendered":"<h2>Principaux avantages.<\/h2>\n<ul>\n<li data-pm-slice=\"1 1 []\">\n<p data-pm-slice=\"1 1 []\">Dise\u00f1o compacto y robusto para interiores y exteriores<\/p>\n<\/li>\n<li data-pm-slice=\"1 1 []\">\n<p data-pm-slice=\"1 1 []\">Centro de carga de 500 mm para cargas pesadas o m\u00faltiples palets<\/p>\n<\/li>\n<li data-pm-slice=\"1 1 []\">\n<p data-pm-slice=\"1 1 []\">Alta eficiencia energ\u00e9tica para turnos prolongados<\/p>\n<\/li>\n<li data-pm-slice=\"1 1 []\">\n<p data-pm-slice=\"1 1 []\">Soluciones energ\u00e9ticas adaptables<\/p>\n<\/li>\n<li data-pm-slice=\"1 1 []\">\n<p data-pm-slice=\"1 1 []\">Sistema SAS para mayor seguridad<\/p>\n<\/li>\n<\/ul>\n<h2>Sp\u00e9cifications.<\/h2>\n<p data-pm-slice=\"1 1 []\">Toyota SAS, sistema AC, ORS y OPS, m\u00e1stil 3300 mm, horquillas 1000\u20131200 mm, frenos h\u00famedos, direcci\u00f3n hidr\u00e1ulica, pantalla t\u00e1ctil, cabina flotante y bater\u00eda lateral segura.<\/p>","protected":false},"excerpt":{"rendered":"<p data-pm-slice=\"0 0 []\">Estas carretillas el\u00e9ctricas de gran tonelaje ofrecen fiabilidad en trabajos intensivos y manipulaci\u00f3n de cargas pesadas. El modelo Toyota 9FBMK40F destaca por su rendimiento y larga autonom\u00eda.<\/p>\n<p data-pm-slice=\"1 1 []\"><em><strong>4000 kg | 6500 mm | 80 volt | 20,0 km\/h<\/strong><\/em><\/p>\n<p data-pm-slice=\"1 1 []\">Tiempo m\u00ednimo de parada: El chasis abierto en la parte inferior permite una extracci\u00f3n r\u00e1pida de la bater\u00eda, o bien se puede utilizar el enchufe de carga opcional para cargarla directamente. El motor y los componentes de control son f\u00e1cilmente accesibles sin herramientas: basta con aflojar cuatro tornillos para retirar la cubierta trasera.<\/p>","protected":false},"featured_media":2642,"template":"","meta":{"_joinchat":[]},"product_brand":[],"product_cat":[26,32],"product_tag":[],"class_list":{"0":"post-2641","1":"product","2":"type-product","3":"status-publish","4":"has-post-thumbnail","6":"product_cat-carretillas-elevadoras","7":"product_cat-contrapesadas-electricas","9":"first","10":"instock","11":"shipping-taxable","12":"product-type-simple"},"_links":{"self":[{"href":"https:\/\/repmancarretillas.es\/fr\/wp-json\/wp\/v2\/product\/2641","targetHints":{"allow":["GET"]}}],"collection":[{"href":"https:\/\/repmancarretillas.es\/fr\/wp-json\/wp\/v2\/product"}],"about":[{"href":"https:\/\/repmancarretillas.es\/fr\/wp-json\/wp\/v2\/types\/product"}],"version-history":[{"count":2,"href":"https:\/\/repmancarretillas.es\/fr\/wp-json\/wp\/v2\/product\/2641\/revisions"}],"predecessor-version":[{"id":2653,"href":"https:\/\/repmancarretillas.es\/fr\/wp-json\/wp\/v2\/product\/2641\/revisions\/2653"}],"wp:featuredmedia":[{"embeddable":true,"href":"https:\/\/repmancarretillas.es\/fr\/wp-json\/wp\/v2\/media\/2642"}],"wp:attachment":[{"href":"https:\/\/repmancarretillas.es\/fr\/wp-json\/wp\/v2\/media?parent=2641"}],"wp:term":[{"taxonomy":"product_brand","embeddable":true,"href":"https:\/\/repmancarretillas.es\/fr\/wp-json\/wp\/v2\/product_brand?post=2641"},{"taxonomy":"product_cat","embeddable":true,"href":"https:\/\/repmancarretillas.es\/fr\/wp-json\/wp\/v2\/product_cat?post=2641"},{"taxonomy":"product_tag","embeddable":true,"href":"https:\/\/repmancarretillas.es\/fr\/wp-json\/wp\/v2\/product_tag?post=2641"}],"curies":[{"name":"wp","href":"https:\/\/api.w.org\/{rel}","templated":true}]}}