{"id":2543,"date":"2026-04-28T01:46:40","date_gmt":"2026-04-27T23:46:40","guid":{"rendered":"https:\/\/repmancarretillas.es\/?post_type=product&#038;p=2543"},"modified":"2026-04-28T01:50:58","modified_gmt":"2026-04-27T23:50:58","slug":"toyota-traigo48-3-ruedas-2t-2025","status":"publish","type":"product","link":"https:\/\/repmancarretillas.es\/fr\/product\/toyota-traigo48-3-ruedas-2t-2025\/","title":{"rendered":"Toyota Traigo48, 3 ruedas 2t (2025)"},"content":{"rendered":"<h2>Principaux avantages.<\/h2>\n<ul>\n<li data-pm-slice=\"1 1 []\">\n<p data-pm-slice=\"1 1 []\">Carretilla contrapesada el\u00e9ctrica con radio de giro compacto<\/p>\n<\/li>\n<li data-pm-slice=\"1 1 []\">\n<p data-pm-slice=\"1 1 []\">Rendimiento \u00f3ptimo en interiores y exteriores<\/p>\n<\/li>\n<li data-pm-slice=\"1 1 []\">\n<p data-pm-slice=\"1 1 []\">Cabina amplia que mejora confort y productividad<\/p>\n<\/li>\n<li data-pm-slice=\"1 1 []\">\n<p data-pm-slice=\"1 1 []\">Opciones energ\u00e9ticas flexibles<\/p>\n<\/li>\n<li data-pm-slice=\"1 1 []\">\n<p data-pm-slice=\"1 1 []\">Sistema SAS para mayor seguridad<\/p>\n<\/li>\n<\/ul>\n<h2>Sp\u00e9cifications.<\/h2>\n<p data-pm-slice=\"1 1 []\">Toyota SAS, motor IPM tracci\u00f3n y CA elevaci\u00f3n, ORS, mandos ergon\u00f3micos, m\u00e1stil 3300 mm, horquillas 1000 mm, frenos h\u00famedos, direcci\u00f3n el\u00e9ctrica, pantalla t\u00e1ctil, bater\u00eda intercambiable lateral.<\/p>","protected":false},"excerpt":{"rendered":"<p data-pm-slice=\"1 1 []\">\u00bfNecesita una carretilla el\u00e9ctrica \u00e1gil y eficiente? La Traigo48 de 3 ruedas ofrece gran maniobrabilidad, radio de giro reducido y alto rendimiento con m\u00e1ximo confort y bajo consumo energ\u00e9tico.<\/p>\n<p data-pm-slice=\"1 1 []\"><em><strong>2000 kg | 7500 mm | 48 volt | 16,0 km\/h<\/strong><\/em><\/p>\n<p data-pm-slice=\"1 1 []\">Sistema de asistencia al operario: El sistema opcional de asistencia al conductor SEnS+ de Toyota ayuda a los operadores a identificar los riesgos de colisi\u00f3n y minimizar el peligro al dar marcha atr\u00e1s.<\/p>","protected":false},"featured_media":2544,"template":"","meta":{"_joinchat":[]},"product_brand":[],"product_cat":[26,32],"product_tag":[],"class_list":{"0":"post-2543","1":"product","2":"type-product","3":"status-publish","4":"has-post-thumbnail","6":"product_cat-carretillas-elevadoras","7":"product_cat-contrapesadas-electricas","9":"first","10":"instock","11":"shipping-taxable","12":"product-type-simple"},"_links":{"self":[{"href":"https:\/\/repmancarretillas.es\/fr\/wp-json\/wp\/v2\/product\/2543","targetHints":{"allow":["GET"]}}],"collection":[{"href":"https:\/\/repmancarretillas.es\/fr\/wp-json\/wp\/v2\/product"}],"about":[{"href":"https:\/\/repmancarretillas.es\/fr\/wp-json\/wp\/v2\/types\/product"}],"version-history":[{"count":1,"href":"https:\/\/repmancarretillas.es\/fr\/wp-json\/wp\/v2\/product\/2543\/revisions"}],"predecessor-version":[{"id":2554,"href":"https:\/\/repmancarretillas.es\/fr\/wp-json\/wp\/v2\/product\/2543\/revisions\/2554"}],"wp:featuredmedia":[{"embeddable":true,"href":"https:\/\/repmancarretillas.es\/fr\/wp-json\/wp\/v2\/media\/2544"}],"wp:attachment":[{"href":"https:\/\/repmancarretillas.es\/fr\/wp-json\/wp\/v2\/media?parent=2543"}],"wp:term":[{"taxonomy":"product_brand","embeddable":true,"href":"https:\/\/repmancarretillas.es\/fr\/wp-json\/wp\/v2\/product_brand?post=2543"},{"taxonomy":"product_cat","embeddable":true,"href":"https:\/\/repmancarretillas.es\/fr\/wp-json\/wp\/v2\/product_cat?post=2543"},{"taxonomy":"product_tag","embeddable":true,"href":"https:\/\/repmancarretillas.es\/fr\/wp-json\/wp\/v2\/product_tag?post=2543"}],"curies":[{"name":"wp","href":"https:\/\/api.w.org\/{rel}","templated":true}]}}