{"id":2525,"date":"2026-04-28T01:36:33","date_gmt":"2026-04-27T23:36:33","guid":{"rendered":"https:\/\/repmancarretillas.es\/?post_type=product&#038;p=2525"},"modified":"2026-04-28T01:41:16","modified_gmt":"2026-04-27T23:41:16","slug":"toyota-traigo80v-4-ruedas-3-toneladas-compacta","status":"publish","type":"product","link":"https:\/\/repmancarretillas.es\/fr\/product\/toyota-traigo80v-4-ruedas-3-toneladas-compacta\/","title":{"rendered":"Toyota Traigo80V 4 Ruedas 3 Toneladas Compacta"},"content":{"rendered":"<h2>Beneficios clave.<\/h2>\n<ul>\n<li data-pm-slice=\"1 1 []\">\n<p data-pm-slice=\"1 1 []\">Dise\u00f1o compacto para maniobras en espacios reducidos<\/p>\n<\/li>\n<li data-pm-slice=\"1 1 []\">\n<p data-pm-slice=\"1 1 []\">Alto rendimiento sin emisiones<\/p>\n<\/li>\n<li data-pm-slice=\"1 1 []\">\n<p data-pm-slice=\"1 1 []\">Estabilidad superior en cualquier entorno<\/p>\n<\/li>\n<li data-pm-slice=\"1 1 []\">\n<p data-pm-slice=\"1 1 []\">Energ\u00eda eficiente con bater\u00edas de litio<\/p>\n<\/li>\n<li data-pm-slice=\"1 1 []\">\n<p data-pm-slice=\"1 1 []\">Cabina ergon\u00f3mica que mejora confort y productividad<\/p>\n<\/li>\n<\/ul>\n<h2>Especificaciones.<\/h2>\n<p data-pm-slice=\"1 1 []\">Toyota SAS, sistema AC, ORS y OPS, m\u00e1stil 3300 mm, horquillas 1000\u20131200 mm, frenos h\u00famedos, direcci\u00f3n hidr\u00e1ulica, pantalla digital, v\u00e1lvulas 3 v\u00edas, cabina flotante y parada de emergencia.<\/p>","protected":false},"excerpt":{"rendered":"<p data-pm-slice=\"1 1 []\">La Toyota Traigo80 destaca por su robustez y durabilidad, preparada para entornos exigentes. Ofrece rendimiento sin emisiones, opci\u00f3n de bater\u00eda de litio y un dise\u00f1o ergon\u00f3mico que impulsa la productividad.<\/p>\n<p data-pm-slice=\"1 1 []\"><em><strong>3000kg | 6500mm | 80volt | 20,0km\/h<\/strong><\/em><\/p>\n<p data-pm-slice=\"1 1 []\">Chasis compacto: Gracias a sus dimensiones m\u00e1s reducidas este modelo de carretilla compacta es mejor para desplazarse por espacios m\u00e1s estrechos que la carretilla versi\u00f3n est\u00e1ndar, al mismo tiempo que ofrece al operario de la carretilla elevadora un entorno de trabajo espacioso y ergon\u00f3mico.<\/p>","protected":false},"featured_media":2526,"template":"","meta":{"_joinchat":[]},"product_brand":[],"product_cat":[26,32],"product_tag":[],"class_list":{"0":"post-2525","1":"product","2":"type-product","3":"status-publish","4":"has-post-thumbnail","6":"product_cat-carretillas-elevadoras","7":"product_cat-contrapesadas-electricas","9":"first","10":"instock","11":"shipping-taxable","12":"product-type-simple"},"_links":{"self":[{"href":"https:\/\/repmancarretillas.es\/fr\/wp-json\/wp\/v2\/product\/2525","targetHints":{"allow":["GET"]}}],"collection":[{"href":"https:\/\/repmancarretillas.es\/fr\/wp-json\/wp\/v2\/product"}],"about":[{"href":"https:\/\/repmancarretillas.es\/fr\/wp-json\/wp\/v2\/types\/product"}],"version-history":[{"count":1,"href":"https:\/\/repmancarretillas.es\/fr\/wp-json\/wp\/v2\/product\/2525\/revisions"}],"predecessor-version":[{"id":2533,"href":"https:\/\/repmancarretillas.es\/fr\/wp-json\/wp\/v2\/product\/2525\/revisions\/2533"}],"wp:featuredmedia":[{"embeddable":true,"href":"https:\/\/repmancarretillas.es\/fr\/wp-json\/wp\/v2\/media\/2526"}],"wp:attachment":[{"href":"https:\/\/repmancarretillas.es\/fr\/wp-json\/wp\/v2\/media?parent=2525"}],"wp:term":[{"taxonomy":"product_brand","embeddable":true,"href":"https:\/\/repmancarretillas.es\/fr\/wp-json\/wp\/v2\/product_brand?post=2525"},{"taxonomy":"product_cat","embeddable":true,"href":"https:\/\/repmancarretillas.es\/fr\/wp-json\/wp\/v2\/product_cat?post=2525"},{"taxonomy":"product_tag","embeddable":true,"href":"https:\/\/repmancarretillas.es\/fr\/wp-json\/wp\/v2\/product_tag?post=2525"}],"curies":[{"name":"wp","href":"https:\/\/api.w.org\/{rel}","templated":true}]}}