{"id":2314,"date":"2026-04-27T02:58:25","date_gmt":"2026-04-27T00:58:25","guid":{"rendered":"https:\/\/repmancarretillas.es\/?post_type=product&#038;p=2314"},"modified":"2026-04-27T03:02:42","modified_gmt":"2026-04-27T01:02:42","slug":"bt-reflex-2-5t-alto-rendimiento","status":"publish","type":"product","link":"https:\/\/repmancarretillas.es\/fr\/product\/bt-reflex-2-5t-alto-rendimiento\/","title":{"rendered":"BT Reflex 2.5t Alto Rendimiento"},"content":{"rendered":"<h2>Principaux avantages.<\/h2>\n<ul>\n<li data-pm-slice=\"1 1 []\">\n<p data-pm-slice=\"1 1 []\">Carretilla retr\u00e1ctil de gran elevaci\u00f3n para aplicaciones exigentes<\/p>\n<\/li>\n<li data-pm-slice=\"1 1 []\">\n<p data-pm-slice=\"1 1 []\">Sistema inteligente de bater\u00edas de litio adaptables<\/p>\n<\/li>\n<li data-pm-slice=\"1 1 []\">\n<p data-pm-slice=\"1 1 []\">Cabina ergon\u00f3mica con funciones intuitivas para el operario<\/p>\n<p>&nbsp;<\/li>\n<li data-pm-slice=\"1 1 []\">Pantalla t\u00e1ctil a color con informaci\u00f3n precisa\n<p>&nbsp;<\/li>\n<li data-pm-slice=\"1 1 []\">Conectividad I_Site Starter de serie<\/li>\n<\/ul>\n<h2>Sp\u00e9cifications.<\/h2>\n<p data-pm-slice=\"1 1 []\">BT Reflex RRE250H con capacidad 2500 kg, elevaci\u00f3n 13000 mm, 48 V, velocidad 14 km\/h, control electr\u00f3nico avanzado, direcci\u00f3n 360\u00b0, OTP, joystick, m\u00e1stil de alta visibilidad y telem\u00e1tica inteligente integrada.<\/p>","protected":false},"excerpt":{"rendered":"<p data-pm-slice=\"1 1 []\">\u00bfBusca una carretilla retr\u00e1ctil de alto rendimiento? Las BT Reflex de 2,5 toneladas ofrecen excelente capacidad en altura, combinando velocidad, eficiencia y m\u00e1xima seguridad operativa.<\/p>\n<p data-start=\"100\" data-end=\"298\"><em><strong>2500 kg | 13000 mm | 14,0 km\/h | Carretilla inteligente<\/strong><\/em><\/p>\n<p data-start=\"100\" data-end=\"298\">Sistemas inteligentes de bater\u00edas de litio adaptables: Disponibles 3 paquetes energ\u00e9ticos inteligentes para adaptarse a cada aplicaci\u00f3n. Basados en las soluciones de litio de Toyota de bajo consumo energ\u00e9tico que permiten ahorrar costes y reducir las emisiones de CO2.<\/p>","protected":false},"featured_media":2315,"template":"","meta":{"_joinchat":[]},"product_brand":[],"product_cat":[26,31],"product_tag":[],"class_list":{"0":"post-2314","1":"product","2":"type-product","3":"status-publish","4":"has-post-thumbnail","6":"product_cat-carretillas-elevadoras","7":"product_cat-carretillas-retractiles","9":"first","10":"instock","11":"shipping-taxable","12":"product-type-simple"},"_links":{"self":[{"href":"https:\/\/repmancarretillas.es\/fr\/wp-json\/wp\/v2\/product\/2314","targetHints":{"allow":["GET"]}}],"collection":[{"href":"https:\/\/repmancarretillas.es\/fr\/wp-json\/wp\/v2\/product"}],"about":[{"href":"https:\/\/repmancarretillas.es\/fr\/wp-json\/wp\/v2\/types\/product"}],"version-history":[{"count":1,"href":"https:\/\/repmancarretillas.es\/fr\/wp-json\/wp\/v2\/product\/2314\/revisions"}],"predecessor-version":[{"id":2323,"href":"https:\/\/repmancarretillas.es\/fr\/wp-json\/wp\/v2\/product\/2314\/revisions\/2323"}],"wp:featuredmedia":[{"embeddable":true,"href":"https:\/\/repmancarretillas.es\/fr\/wp-json\/wp\/v2\/media\/2315"}],"wp:attachment":[{"href":"https:\/\/repmancarretillas.es\/fr\/wp-json\/wp\/v2\/media?parent=2314"}],"wp:term":[{"taxonomy":"product_brand","embeddable":true,"href":"https:\/\/repmancarretillas.es\/fr\/wp-json\/wp\/v2\/product_brand?post=2314"},{"taxonomy":"product_cat","embeddable":true,"href":"https:\/\/repmancarretillas.es\/fr\/wp-json\/wp\/v2\/product_cat?post=2314"},{"taxonomy":"product_tag","embeddable":true,"href":"https:\/\/repmancarretillas.es\/fr\/wp-json\/wp\/v2\/product_tag?post=2314"}],"curies":[{"name":"wp","href":"https:\/\/api.w.org\/{rel}","templated":true}]}}