{"id":2193,"date":"2026-04-27T01:23:39","date_gmt":"2026-04-26T23:23:39","guid":{"rendered":"https:\/\/repmancarretillas.es\/?post_type=product&#038;p=2193"},"modified":"2026-04-27T01:29:33","modified_gmt":"2026-04-26T23:29:33","slug":"toyota-optio-1-8t-con-horquillas-elevables-de-tijera-y-plataforma-elevable","status":"publish","type":"product","link":"https:\/\/repmancarretillas.es\/fr\/product\/toyota-optio-1-8t-con-horquillas-elevables-de-tijera-y-plataforma-elevable\/","title":{"rendered":"Toyota Optio 1.8t con horquillas elevables de tijera y plataforma elevable"},"content":{"rendered":"<h2>Principaux avantages.<\/h2>\n<ul>\n<li data-section-id=\"1pdpuhq\" data-start=\"137\" data-end=\"194\">\n<p data-pm-slice=\"1 1 []\">Picking hasta 2,8 m con horquillas elevables para altura de trabajo ergon\u00f3mica<\/p>\n<\/li>\n<li data-section-id=\"1pdpuhq\" data-start=\"137\" data-end=\"194\">\n<p data-pm-slice=\"1 1 []\">Alta aceleraci\u00f3n y velocidad con bajo consumo energ\u00e9tico<\/p>\n<\/li>\n<li data-section-id=\"1pdpuhq\" data-start=\"137\" data-end=\"194\">\n<p data-pm-slice=\"1 1 []\">Chasis estrecho para maniobrabilidad en espacios reducidos<\/p>\n<\/li>\n<li data-section-id=\"1pdpuhq\" data-start=\"137\" data-end=\"194\">\n<p data-pm-slice=\"1 1 []\">Acceso bajo y amplio para el operario<\/p>\n<\/li>\n<li data-section-id=\"1pdpuhq\" data-start=\"137\" data-end=\"194\">\n<p data-pm-slice=\"1 1 []\">Bater\u00edas disponibles en plomo-\u00e1cido y litio<\/p>\n<\/li>\n<\/ul>\n<h2>Sp\u00e9cifications.<\/h2>\n<p data-pm-slice=\"1 1 []\">OSE180XP con capacidad 1800 kg, elevaci\u00f3n 800 mm, 24 V, velocidad 10,5 km\/h, estabilidad optimizada, direcci\u00f3n E-man, acceso bajo, plataforma elevadora, amplio espacio operario y bater\u00eda plomo-\u00e1cido o Li-ion.<\/p>\n<p>&nbsp;<\/p>","protected":false},"excerpt":{"rendered":"<p data-pm-slice=\"1 1 []\">El Toyota BT Optio OSE180XP es un recogepedidos de bajo nivel con capacidad de 1800 kg, dise\u00f1ado para picking intensivo en primer y segundo nivel, ofreciendo alto rendimiento y ergonom\u00eda.<\/p>\n<p data-pm-slice=\"1 1 []\"><em><strong>1800 kg | 800 mm | 10,5 km\/h | Carretilla inteligente<\/strong><\/em><\/p>\n<p data-pm-slice=\"1 1 []\">Plataforma elevadora y horquillas de tijera: Las horquillas elevan pallets o carros rodantes hasta una posici\u00f3n ergon\u00f3mica para un picking c\u00f3modo a nivel del suelo, mientras que el sistema de tijera garantiza una manipulaci\u00f3n estable de varias cargas. La plataforma se eleva hasta 1.195\u202fmm con descenso manos libres, permitiendo alcanzar una altura de picking de 2,8\u202fm, lo que la convierte en una soluci\u00f3n ideal para la preparaci\u00f3n de pedidos en primer y segundo nivel.<\/p>","protected":false},"featured_media":2194,"template":"","meta":{"_joinchat":[]},"product_brand":[],"product_cat":[26,30],"product_tag":[],"class_list":{"0":"post-2193","1":"product","2":"type-product","3":"status-publish","4":"has-post-thumbnail","6":"product_cat-carretillas-elevadoras","7":"product_cat-recogepedidos","9":"first","10":"instock","11":"shipping-taxable","12":"product-type-simple"},"_links":{"self":[{"href":"https:\/\/repmancarretillas.es\/fr\/wp-json\/wp\/v2\/product\/2193","targetHints":{"allow":["GET"]}}],"collection":[{"href":"https:\/\/repmancarretillas.es\/fr\/wp-json\/wp\/v2\/product"}],"about":[{"href":"https:\/\/repmancarretillas.es\/fr\/wp-json\/wp\/v2\/types\/product"}],"version-history":[{"count":1,"href":"https:\/\/repmancarretillas.es\/fr\/wp-json\/wp\/v2\/product\/2193\/revisions"}],"predecessor-version":[{"id":2203,"href":"https:\/\/repmancarretillas.es\/fr\/wp-json\/wp\/v2\/product\/2193\/revisions\/2203"}],"wp:featuredmedia":[{"embeddable":true,"href":"https:\/\/repmancarretillas.es\/fr\/wp-json\/wp\/v2\/media\/2194"}],"wp:attachment":[{"href":"https:\/\/repmancarretillas.es\/fr\/wp-json\/wp\/v2\/media?parent=2193"}],"wp:term":[{"taxonomy":"product_brand","embeddable":true,"href":"https:\/\/repmancarretillas.es\/fr\/wp-json\/wp\/v2\/product_brand?post=2193"},{"taxonomy":"product_cat","embeddable":true,"href":"https:\/\/repmancarretillas.es\/fr\/wp-json\/wp\/v2\/product_cat?post=2193"},{"taxonomy":"product_tag","embeddable":true,"href":"https:\/\/repmancarretillas.es\/fr\/wp-json\/wp\/v2\/product_tag?post=2193"}],"curies":[{"name":"wp","href":"https:\/\/api.w.org\/{rel}","templated":true}]}}