{"id":2181,"date":"2026-04-27T01:14:31","date_gmt":"2026-04-26T23:14:31","guid":{"rendered":"https:\/\/repmancarretillas.es\/?post_type=product&#038;p=2181"},"modified":"2026-04-27T01:18:58","modified_gmt":"2026-04-26T23:18:58","slug":"toyota-optio-2-5t-con-plataforma-elevable","status":"publish","type":"product","link":"https:\/\/repmancarretillas.es\/fr\/product\/toyota-optio-2-5t-con-plataforma-elevable\/","title":{"rendered":"Toyota Optio 2.5t con plataforma elevable"},"content":{"rendered":"<h2>Beneficios clave.<\/h2>\n<ul>\n<li data-section-id=\"1pdpuhq\" data-start=\"137\" data-end=\"194\">\n<p data-pm-slice=\"1 1 []\">Picking hasta 2,8 m y transporte eficiente a larga distancia<\/p>\n<\/li>\n<li data-section-id=\"1pdpuhq\" data-start=\"137\" data-end=\"194\">\n<p data-pm-slice=\"1 1 []\">Alta aceleraci\u00f3n y velocidad con bajo consumo energ\u00e9tico<\/p>\n<\/li>\n<li data-section-id=\"1pdpuhq\" data-start=\"137\" data-end=\"194\">\n<p data-pm-slice=\"1 1 []\">Chasis estrecho para maniobrabilidad en espacios reducidos<\/p>\n<\/li>\n<li data-section-id=\"1pdpuhq\" data-start=\"137\" data-end=\"194\">\n<p data-pm-slice=\"1 1 []\">Acceso bajo y amplio para el operario<\/p>\n<\/li>\n<li data-section-id=\"1pdpuhq\" data-start=\"137\" data-end=\"194\">\n<p data-pm-slice=\"1 1 []\">Bater\u00edas disponibles en plomo-\u00e1cido y litio<\/p>\n<\/li>\n<\/ul>\n<h2>Especificaciones.<\/h2>\n<p data-pm-slice=\"1 1 []\">OSE250P con capacidad 2500 kg, elevaci\u00f3n 225 mm, 24 V, velocidad 12 km\/h, direcci\u00f3n E-man, acceso bajo, plataforma elevadora, amplio espacio operario, almacenamiento, bater\u00edas plomo-\u00e1cido o Li-ion.<\/p>\n<p>&nbsp;<\/p>","protected":false},"excerpt":{"rendered":"<p data-pm-slice=\"0 0 []\">El Toyota BT Optio OSE250P es un recogepedidos de bajo nivel con capacidad de 2500 kg, dise\u00f1ado para picking intensivo en primer y segundo nivel, ofreciendo alto rendimiento y ergonom\u00eda optimizada.<\/p>\n<p data-pm-slice=\"1 1 []\"><em><strong>2500 kg | 225 mm | 12,0 km\/h | Carretilla inteligente<\/strong><\/em><\/p>\n<p data-pm-slice=\"1 1 []\">Plataforma elevable: La plataforma cuenta con una elevaci\u00f3n de 1195mm y un sistema de descenso manos libres, permite al operario alcanzar una altura de recogida de 2.8m, lo que hace que la recogepedidos sea adecuada para la recogida en primer y segundo nivel.<\/p>","protected":false},"featured_media":2182,"template":"","meta":{"_joinchat":[]},"product_brand":[],"product_cat":[26,30],"product_tag":[],"class_list":{"0":"post-2181","1":"product","2":"type-product","3":"status-publish","4":"has-post-thumbnail","6":"product_cat-carretillas-elevadoras","7":"product_cat-recogepedidos","9":"first","10":"instock","11":"shipping-taxable","12":"product-type-simple"},"_links":{"self":[{"href":"https:\/\/repmancarretillas.es\/fr\/wp-json\/wp\/v2\/product\/2181","targetHints":{"allow":["GET"]}}],"collection":[{"href":"https:\/\/repmancarretillas.es\/fr\/wp-json\/wp\/v2\/product"}],"about":[{"href":"https:\/\/repmancarretillas.es\/fr\/wp-json\/wp\/v2\/types\/product"}],"version-history":[{"count":1,"href":"https:\/\/repmancarretillas.es\/fr\/wp-json\/wp\/v2\/product\/2181\/revisions"}],"predecessor-version":[{"id":2192,"href":"https:\/\/repmancarretillas.es\/fr\/wp-json\/wp\/v2\/product\/2181\/revisions\/2192"}],"wp:featuredmedia":[{"embeddable":true,"href":"https:\/\/repmancarretillas.es\/fr\/wp-json\/wp\/v2\/media\/2182"}],"wp:attachment":[{"href":"https:\/\/repmancarretillas.es\/fr\/wp-json\/wp\/v2\/media?parent=2181"}],"wp:term":[{"taxonomy":"product_brand","embeddable":true,"href":"https:\/\/repmancarretillas.es\/fr\/wp-json\/wp\/v2\/product_brand?post=2181"},{"taxonomy":"product_cat","embeddable":true,"href":"https:\/\/repmancarretillas.es\/fr\/wp-json\/wp\/v2\/product_cat?post=2181"},{"taxonomy":"product_tag","embeddable":true,"href":"https:\/\/repmancarretillas.es\/fr\/wp-json\/wp\/v2\/product_tag?post=2181"}],"curies":[{"name":"wp","href":"https:\/\/api.w.org\/{rel}","templated":true}]}}