{"id":2160,"date":"2026-04-27T01:04:31","date_gmt":"2026-04-26T23:04:31","guid":{"rendered":"https:\/\/repmancarretillas.es\/?post_type=product&#038;p=2160"},"modified":"2026-04-27T01:08:40","modified_gmt":"2026-04-26T23:08:40","slug":"toyota-optio-1-2t-con-horquillas-elevables-y-plataforma-elevable","status":"publish","type":"product","link":"https:\/\/repmancarretillas.es\/fr\/product\/toyota-optio-1-2t-con-horquillas-elevables-y-plataforma-elevable\/","title":{"rendered":"Toyota Optio 1.2t con horquillas elevables y plataforma elevable"},"content":{"rendered":"<h2>Principaux avantages.<\/h2>\n<ul>\n<li data-section-id=\"1pdpuhq\" data-start=\"137\" data-end=\"194\">\n<p data-pm-slice=\"1 1 []\">Picking hasta 2,8 m con horquillas elevables para mejor ergonom\u00eda<\/p>\n<\/li>\n<li data-section-id=\"1pdpuhq\" data-start=\"137\" data-end=\"194\">\n<p data-pm-slice=\"1 1 []\">Alta aceleraci\u00f3n y velocidad con bajo consumo energ\u00e9tico<\/p>\n<\/li>\n<li data-section-id=\"1pdpuhq\" data-start=\"137\" data-end=\"194\">\n<p data-pm-slice=\"1 1 []\">Chasis estrecho para maniobrabilidad en pasillos reducidos<\/p>\n<\/li>\n<li data-section-id=\"1pdpuhq\" data-start=\"137\" data-end=\"194\">\n<p data-pm-slice=\"1 1 []\">Acceso bajo y amplio para el operario<\/p>\n<\/li>\n<li data-section-id=\"1pdpuhq\" data-start=\"137\" data-end=\"194\">\n<p data-pm-slice=\"1 1 []\">Bater\u00edas disponibles en plomo-\u00e1cido y litio<\/p>\n<\/li>\n<\/ul>\n<h2>Sp\u00e9cifications.<\/h2>\n<p data-pm-slice=\"1 1 []\">BT Optio de alto rendimiento con altura ergon\u00f3mica, horquillas elevables, direcci\u00f3n E-man, acceso bajo, amplio espacio operario, plataforma elevadora, almacenamiento, opciones de iluminaci\u00f3n, control Walkie y bater\u00edas plomo-\u00e1cido o Li-ion.<\/p>\n<p>&nbsp;<\/p>","protected":false},"excerpt":{"rendered":"<p data-pm-slice=\"1 1 []\">El Toyota BT Optio OSE120P es un recogepedidos de bajo nivel con capacidad de 1200 kg, dise\u00f1ado para picking intensivo en primer y segundo nivel, ofreciendo alto rendimiento y ergonom\u00eda optimizada.<\/p>\n<p data-pm-slice=\"1 1 []\"><em><strong>1200 kg | 800 mm | 12,0 km\/h | Carretilla inteligente<\/strong><\/em><\/p>\n<p data-pm-slice=\"1 1 []\">Plataforma elevadora y horquillas elevables: La plataforma elevadora, muy f\u00e1cil de operar, alcanza los 1.195\u202fmm, lo que permite preparar pedidos hasta 2,8\u202fm de altura para un picking eficiente en primer y segundo nivel. Sus horquillas elevables sit\u00faan los pal\u00e9s a una altura ergon\u00f3mica con solo pulsar un bot\u00f3n.<\/p>","protected":false},"featured_media":2161,"template":"","meta":{"_joinchat":[]},"product_brand":[],"product_cat":[26,30],"product_tag":[],"class_list":{"0":"post-2160","1":"product","2":"type-product","3":"status-publish","4":"has-post-thumbnail","6":"product_cat-carretillas-elevadoras","7":"product_cat-recogepedidos","9":"first","10":"instock","11":"shipping-taxable","12":"product-type-simple"},"_links":{"self":[{"href":"https:\/\/repmancarretillas.es\/fr\/wp-json\/wp\/v2\/product\/2160","targetHints":{"allow":["GET"]}}],"collection":[{"href":"https:\/\/repmancarretillas.es\/fr\/wp-json\/wp\/v2\/product"}],"about":[{"href":"https:\/\/repmancarretillas.es\/fr\/wp-json\/wp\/v2\/types\/product"}],"version-history":[{"count":1,"href":"https:\/\/repmancarretillas.es\/fr\/wp-json\/wp\/v2\/product\/2160\/revisions"}],"predecessor-version":[{"id":2169,"href":"https:\/\/repmancarretillas.es\/fr\/wp-json\/wp\/v2\/product\/2160\/revisions\/2169"}],"wp:featuredmedia":[{"embeddable":true,"href":"https:\/\/repmancarretillas.es\/fr\/wp-json\/wp\/v2\/media\/2161"}],"wp:attachment":[{"href":"https:\/\/repmancarretillas.es\/fr\/wp-json\/wp\/v2\/media?parent=2160"}],"wp:term":[{"taxonomy":"product_brand","embeddable":true,"href":"https:\/\/repmancarretillas.es\/fr\/wp-json\/wp\/v2\/product_brand?post=2160"},{"taxonomy":"product_cat","embeddable":true,"href":"https:\/\/repmancarretillas.es\/fr\/wp-json\/wp\/v2\/product_cat?post=2160"},{"taxonomy":"product_tag","embeddable":true,"href":"https:\/\/repmancarretillas.es\/fr\/wp-json\/wp\/v2\/product_tag?post=2160"}],"curies":[{"name":"wp","href":"https:\/\/api.w.org\/{rel}","templated":true}]}}