{"id":1841,"date":"2026-04-26T21:52:43","date_gmt":"2026-04-26T19:52:43","guid":{"rendered":"https:\/\/repmancarretillas.es\/?post_type=product&#038;p=1841"},"modified":"2026-04-26T21:57:09","modified_gmt":"2026-04-26T19:57:09","slug":"bt-levio-1-8-toneladas","status":"publish","type":"product","link":"https:\/\/repmancarretillas.es\/fr\/product\/bt-levio-1-8-toneladas\/","title":{"rendered":"BT Levio 1,8 tonne"},"content":{"rendered":"<h2>Principaux avantages.<\/h2>\n<ul>\n<li data-pm-slice=\"1 1 []\">\n<p data-pm-slice=\"1 1 []\">Dise\u00f1ada para uso de intensidad media con mayor capacidad de bater\u00eda<\/p>\n<\/li>\n<li data-pm-slice=\"1 1 []\">\n<p data-pm-slice=\"1 1 []\">Control fingertip para conducci\u00f3n, elevaci\u00f3n y descenso con funci\u00f3n Click-2-Creep<\/p>\n<\/li>\n<li data-pm-slice=\"1 1 []\">\n<p data-pm-slice=\"1 1 []\">Excelente visibilidad de las horquillas para mayor seguridad<\/p>\n<\/li>\n<li data-pm-slice=\"1 1 []\">\n<p data-pm-slice=\"1 1 []\">Operaci\u00f3n clara, precisa y segura<\/p>\n<\/li>\n<li data-pm-slice=\"1 1 []\">\n<p data-pm-slice=\"1 1 []\">Sistema inteligente f\u00e1cil de conectar, monitorizar y optimizar<\/p>\n<\/li>\n<\/ul>\n<h2>Sp\u00e9cifications.<\/h2>\n<p data-pm-slice=\"1 1 []\">BT Powerdrive, Click-2-Creep, controles fingertip, frenado electr\u00f3nico, control de velocidad, seguridad del operador, apagado autom\u00e1tico, rendimiento programable, mantenimiento f\u00e1cil, telem\u00e1tica integrada y opciones de cargador, tortuga y aceite hidr\u00e1ulico.<\/p>","protected":false},"excerpt":{"rendered":"<p data-pm-slice=\"1 1 []\">\u00bfBusca una soluci\u00f3n vers\u00e1til y f\u00e1cil de usar? Las transpaletas el\u00e9ctricas BT Levio est\u00e1n dise\u00f1adas con un enfoque en la seguridad y cuentan con un tim\u00f3n ergon\u00f3mico que permite maniobrar f\u00e1cilmente en posici\u00f3n vertical mediante Click-2-Creep.<\/p>\n<p data-start=\"100\" data-end=\"364\"><em><strong>1800 kg | 6,0 km\/h | Carretilla inteligente<\/strong><\/em><\/p>\n<p data-start=\"100\" data-end=\"364\">Apagado autom\u00e1tico: Si la transpaleta se deja desatendida, se apagar\u00e1 autom\u00e1ticamente; el tiempo puede ajustarse entre 1 y 20 minutos o 4 horas.<\/p>","protected":false},"featured_media":1842,"template":"","meta":{"_joinchat":[]},"product_brand":[],"product_cat":[26,28],"product_tag":[],"class_list":{"0":"post-1841","1":"product","2":"type-product","3":"status-publish","4":"has-post-thumbnail","6":"product_cat-carretillas-elevadoras","7":"product_cat-transpaletas-electricas","9":"first","10":"instock","11":"shipping-taxable","12":"product-type-simple"},"_links":{"self":[{"href":"https:\/\/repmancarretillas.es\/fr\/wp-json\/wp\/v2\/product\/1841","targetHints":{"allow":["GET"]}}],"collection":[{"href":"https:\/\/repmancarretillas.es\/fr\/wp-json\/wp\/v2\/product"}],"about":[{"href":"https:\/\/repmancarretillas.es\/fr\/wp-json\/wp\/v2\/types\/product"}],"version-history":[{"count":1,"href":"https:\/\/repmancarretillas.es\/fr\/wp-json\/wp\/v2\/product\/1841\/revisions"}],"predecessor-version":[{"id":1851,"href":"https:\/\/repmancarretillas.es\/fr\/wp-json\/wp\/v2\/product\/1841\/revisions\/1851"}],"wp:featuredmedia":[{"embeddable":true,"href":"https:\/\/repmancarretillas.es\/fr\/wp-json\/wp\/v2\/media\/1842"}],"wp:attachment":[{"href":"https:\/\/repmancarretillas.es\/fr\/wp-json\/wp\/v2\/media?parent=1841"}],"wp:term":[{"taxonomy":"product_brand","embeddable":true,"href":"https:\/\/repmancarretillas.es\/fr\/wp-json\/wp\/v2\/product_brand?post=1841"},{"taxonomy":"product_cat","embeddable":true,"href":"https:\/\/repmancarretillas.es\/fr\/wp-json\/wp\/v2\/product_cat?post=1841"},{"taxonomy":"product_tag","embeddable":true,"href":"https:\/\/repmancarretillas.es\/fr\/wp-json\/wp\/v2\/product_tag?post=1841"}],"curies":[{"name":"wp","href":"https:\/\/api.w.org\/{rel}","templated":true}]}}