{"id":1819,"date":"2026-04-26T21:42:30","date_gmt":"2026-04-26T19:42:30","guid":{"rendered":"https:\/\/repmancarretillas.es\/?post_type=product&#038;p=1819"},"modified":"2026-04-26T21:47:19","modified_gmt":"2026-04-26T19:47:19","slug":"bt-levio-2-toneladas-con-plataforma-basic","status":"publish","type":"product","link":"https:\/\/repmancarretillas.es\/fr\/product\/bt-levio-2-toneladas-con-plataforma-basic\/","title":{"rendered":"BT Levio 2 tonnes avec plateforme, mod\u00e8le de base"},"content":{"rendered":"<h2>Principaux avantages.<\/h2>\n<ul>\n<li data-pm-slice=\"1 1 []\">\n<p data-pm-slice=\"1 1 []\">Dise\u00f1ada para aplicaciones de intensidad baja y media<\/p>\n<\/li>\n<li data-pm-slice=\"1 1 []\">\n<p data-pm-slice=\"1 1 []\">Plataforma b\u00e1sica con protecciones laterales de accionamiento sencillo<\/p>\n<\/li>\n<li data-pm-slice=\"1 1 []\">\n<p data-pm-slice=\"1 1 []\">Cubierta de bater\u00eda en pl\u00e1stico PC\/PBT de alta resistencia<\/p>\n<\/li>\n<li data-pm-slice=\"1 1 []\">\n<p data-pm-slice=\"1 1 []\">Unidad motriz simple y eficiente<\/p>\n<\/li>\n<\/ul>\n<h2>Sp\u00e9cifications.<\/h2>\n<p data-pm-slice=\"1 1 []\">Modelo LPE200B con capacidad de carga de 2000 kg, elevaci\u00f3n de 205 mm, bater\u00eda hasta 300 Ah, voltaje 24V y velocidad m\u00e1xima de 7,0 km\/h para operaciones eficientes.<\/p>","protected":false},"excerpt":{"rendered":"<p data-pm-slice=\"1 1 []\">El modelo LPE200B es una transpaleta el\u00e9ctrica con plataforma robusta y dise\u00f1o simplificado en comparaci\u00f3n con el LPE200, con opciones de configuraci\u00f3n limitadas. Est\u00e1 orientada al transporte horizontal de baja intensidad y operaciones de carga y descarga en condiciones favorables.<\/p>\n<p data-start=\"100\" data-end=\"364\"><em><strong>2000 kg | 300 Ah | 7,0 km\/h<\/strong><\/em><\/p>\n<p data-start=\"100\" data-end=\"364\">Mecanismo trepador: El mecanismo trepador en este modelo tiene una soluci\u00f3n simplificada gracias a unas robustas placas met\u00e1licas en las horquillas delanteras y patines trepadores de pl\u00e1stico en las horquillas traseras.<\/p>","protected":false},"featured_media":1820,"template":"","meta":{"_joinchat":[]},"product_brand":[],"product_cat":[26,28],"product_tag":[],"class_list":{"0":"post-1819","1":"product","2":"type-product","3":"status-publish","4":"has-post-thumbnail","6":"product_cat-carretillas-elevadoras","7":"product_cat-transpaletas-electricas","9":"first","10":"instock","11":"shipping-taxable","12":"product-type-simple"},"_links":{"self":[{"href":"https:\/\/repmancarretillas.es\/fr\/wp-json\/wp\/v2\/product\/1819","targetHints":{"allow":["GET"]}}],"collection":[{"href":"https:\/\/repmancarretillas.es\/fr\/wp-json\/wp\/v2\/product"}],"about":[{"href":"https:\/\/repmancarretillas.es\/fr\/wp-json\/wp\/v2\/types\/product"}],"version-history":[{"count":1,"href":"https:\/\/repmancarretillas.es\/fr\/wp-json\/wp\/v2\/product\/1819\/revisions"}],"predecessor-version":[{"id":1830,"href":"https:\/\/repmancarretillas.es\/fr\/wp-json\/wp\/v2\/product\/1819\/revisions\/1830"}],"wp:featuredmedia":[{"embeddable":true,"href":"https:\/\/repmancarretillas.es\/fr\/wp-json\/wp\/v2\/media\/1820"}],"wp:attachment":[{"href":"https:\/\/repmancarretillas.es\/fr\/wp-json\/wp\/v2\/media?parent=1819"}],"wp:term":[{"taxonomy":"product_brand","embeddable":true,"href":"https:\/\/repmancarretillas.es\/fr\/wp-json\/wp\/v2\/product_brand?post=1819"},{"taxonomy":"product_cat","embeddable":true,"href":"https:\/\/repmancarretillas.es\/fr\/wp-json\/wp\/v2\/product_cat?post=1819"},{"taxonomy":"product_tag","embeddable":true,"href":"https:\/\/repmancarretillas.es\/fr\/wp-json\/wp\/v2\/product_tag?post=1819"}],"curies":[{"name":"wp","href":"https:\/\/api.w.org\/{rel}","templated":true}]}}