{"id":1775,"date":"2026-04-26T21:16:32","date_gmt":"2026-04-26T19:16:32","guid":{"rendered":"https:\/\/repmancarretillas.es\/?post_type=product&#038;p=1775"},"modified":"2026-04-26T21:22:05","modified_gmt":"2026-04-26T19:22:05","slug":"bt-levio-1-4t","status":"publish","type":"product","link":"https:\/\/repmancarretillas.es\/fr\/product\/bt-levio-1-4t\/","title":{"rendered":"BT Levio 1,4t"},"content":{"rendered":"<h2>Principaux avantages.<\/h2>\n<ul>\n<li data-pm-slice=\"1 1 []\">\n<p data-pm-slice=\"1 1 []\">Dise\u00f1o compacto ideal para uso de baja intensidad<\/p>\n<\/li>\n<li data-pm-slice=\"1 1 []\">\n<p data-pm-slice=\"1 1 []\">Funci\u00f3n Click-2-Creep para desplazamiento en marcha lenta<\/p>\n<\/li>\n<li data-pm-slice=\"1 1 []\">\n<p data-pm-slice=\"1 1 []\">Excellente visibilit\u00e9 des fourches<\/p>\n<\/li>\n<li data-pm-slice=\"1 1 []\">\n<p data-pm-slice=\"1 1 []\">Controles intuitivos con la punta de los dedos<\/p>\n<\/li>\n<li data-pm-slice=\"1 1 []\">\n<p data-pm-slice=\"1 1 []\">Sistema inteligente f\u00e1cil de conectar, controlar y optimizar<\/p>\n<\/li>\n<\/ul>\n<h2>Sp\u00e9cifications.<\/h2>\n<p data-pm-slice=\"1 1 []\">Sistema BT Powerdrive y Castorlink, Click-2-Creep, controles fingertip, frenado y velocidad electr\u00f3nica, seguridad del operador, apagado autom\u00e1tico, rendimiento programable, mantenimiento f\u00e1cil, telem\u00e1tica inteligente y opciones de bater\u00eda, carga y seguridad.<\/p>\n<p data-pm-slice=\"1 1 []\">.<\/p>","protected":false},"excerpt":{"rendered":"<p data-start=\"100\" data-end=\"364\">\u00bfNecesitas una transpaleta f\u00e1cil de usar para aplicaciones de baja intensidad? Su brazo tim\u00f3n ergon\u00f3mico con controles intuitivos permite maniobrar con precisi\u00f3n incluso en espacios reducidos.<\/p>\n<p data-start=\"100\" data-end=\"364\"><em><strong>11400 kg | 6,0 km\/h | Carretilla inteligente<\/strong><\/em><\/p>\n<p data-start=\"100\" data-end=\"364\">Configure su carretilla seg\u00fan: Rueda de horquillas, Rueda giratoria, Rueda motriz, Brzo tim\u00f3n, Ancho de horquillas, Pack de energ\u00eda, Longitud de horquillas.<\/p>","protected":false},"featured_media":1776,"template":"","meta":{"_joinchat":[]},"product_brand":[],"product_cat":[26,28],"product_tag":[],"class_list":{"0":"post-1775","1":"product","2":"type-product","3":"status-publish","4":"has-post-thumbnail","6":"product_cat-carretillas-elevadoras","7":"product_cat-transpaletas-electricas","9":"first","10":"instock","11":"shipping-taxable","12":"product-type-simple"},"_links":{"self":[{"href":"https:\/\/repmancarretillas.es\/fr\/wp-json\/wp\/v2\/product\/1775","targetHints":{"allow":["GET"]}}],"collection":[{"href":"https:\/\/repmancarretillas.es\/fr\/wp-json\/wp\/v2\/product"}],"about":[{"href":"https:\/\/repmancarretillas.es\/fr\/wp-json\/wp\/v2\/types\/product"}],"version-history":[{"count":1,"href":"https:\/\/repmancarretillas.es\/fr\/wp-json\/wp\/v2\/product\/1775\/revisions"}],"predecessor-version":[{"id":1786,"href":"https:\/\/repmancarretillas.es\/fr\/wp-json\/wp\/v2\/product\/1775\/revisions\/1786"}],"wp:featuredmedia":[{"embeddable":true,"href":"https:\/\/repmancarretillas.es\/fr\/wp-json\/wp\/v2\/media\/1776"}],"wp:attachment":[{"href":"https:\/\/repmancarretillas.es\/fr\/wp-json\/wp\/v2\/media?parent=1775"}],"wp:term":[{"taxonomy":"product_brand","embeddable":true,"href":"https:\/\/repmancarretillas.es\/fr\/wp-json\/wp\/v2\/product_brand?post=1775"},{"taxonomy":"product_cat","embeddable":true,"href":"https:\/\/repmancarretillas.es\/fr\/wp-json\/wp\/v2\/product_cat?post=1775"},{"taxonomy":"product_tag","embeddable":true,"href":"https:\/\/repmancarretillas.es\/fr\/wp-json\/wp\/v2\/product_tag?post=1775"}],"curies":[{"name":"wp","href":"https:\/\/api.w.org\/{rel}","templated":true}]}}