{"id":227,"date":"2026-04-11T23:39:04","date_gmt":"2026-04-11T21:39:04","guid":{"rendered":"https:\/\/repmancarretillas.es\/?page_id=227"},"modified":"2026-04-19T19:10:07","modified_gmt":"2026-04-19T17:10:07","slug":"politicas-de-privacidad","status":"publish","type":"page","link":"https:\/\/repmancarretillas.es\/fr\/politicas-de-privacidad\/","title":{"rendered":"Politiques de confidentialit\u00e9"},"content":{"rendered":"<div data-elementor-type=\"wp-page\" data-elementor-id=\"227\" class=\"elementor elementor-227\" data-elementor-post-type=\"page\">\n\t\t\t\t<div class=\"elementor-element elementor-element-100b65b9 e-flex e-con-boxed e-con e-parent\" data-id=\"100b65b9\" data-element_type=\"container\" data-e-type=\"container\" data-settings=\"{&quot;background_background&quot;:&quot;classic&quot;}\">\n\t\t\t\t\t<div class=\"e-con-inner\">\n\t\t\t\t<div class=\"elementor-element elementor-element-42bf1cc3 elementor-widget elementor-widget-heading\" data-id=\"42bf1cc3\" data-element_type=\"widget\" data-e-type=\"widget\" data-widget_type=\"heading.default\">\n\t\t\t\t\t<h2 class=\"elementor-heading-title elementor-size-default\">Politiques de confidentialit\u00e9<\/h2>\t\t\t\t<\/div>\n\t\t\t\t<div class=\"elementor-element elementor-element-49219089 elementor-widget elementor-widget-text-editor\" data-id=\"49219089\" data-element_type=\"widget\" data-e-type=\"widget\" data-widget_type=\"text-editor.default\">\n\t\t\t\t\t\t\t\t\t<a href=\"https:\/\/repmancarretillas.es\/fr\/\"><strong>Commencer<\/strong><\/a> \u2013 Politiques de confidentialit\u00e9\t\t\t\t\t\t\t\t<\/div>\n\t\t\t\t\t<\/div>\n\t\t\t\t<\/div>\n\t\t<div class=\"elementor-element elementor-element-11bddcb e-flex e-con-boxed e-con e-parent\" data-id=\"11bddcb\" data-element_type=\"container\" data-e-type=\"container\">\n\t\t\t\t\t<div class=\"e-con-inner\">\n\t\t\t\t<div class=\"elementor-element elementor-element-044d830 elementor-widget elementor-widget-text-editor\" data-id=\"044d830\" data-element_type=\"widget\" data-e-type=\"widget\" data-widget_type=\"text-editor.default\">\n\t\t\t\t\t\t\t\t\t<p data-start=\"208\" data-end=\"397\">Dans <strong data-start=\"211\" data-end=\"233\">Brouettes REPMAN<\/strong>, Nous nous engageons \u00e0 prot\u00e9ger la vie priv\u00e9e de nos utilisateurs et \u00e0 assurer la s\u00e9curit\u00e9 des donn\u00e9es personnelles qu&#039;ils nous fournissent par le biais de ce site web.<\/p><h3 data-section-id=\"155onsu\" data-start=\"404\" data-end=\"442\"><span role=\"text\"><strong data-start=\"408\" data-end=\"442\">1. Responsable du traitement des donn\u00e9es<\/strong><\/span><\/h3><p data-start=\"444\" data-end=\"601\"><strong data-start=\"444\" data-end=\"456\">Titulaire:<\/strong> Brouettes REPMAN<br data-start=\"475\" data-end=\"478\" \/><strong data-start=\"478\" data-end=\"501\">E-mail:<\/strong> <a class=\"decorated-link cursor-pointer\" rel=\"noopener\" data-start=\"502\" data-end=\"538\">administracion@repmancarretillas.com<\/a><br data-start=\"538\" data-end=\"541\" \/><strong data-start=\"541\" data-end=\"571\">Adresse \u00e9lectronique de contact g\u00e9n\u00e9rale\u00a0:<\/strong> <a class=\"decorated-link cursor-pointer\" rel=\"noopener\" data-start=\"572\" data-end=\"599\">repmancarretillas@gmail.com<\/a><\/p><h3 data-section-id=\"15udynd\" data-start=\"608\" data-end=\"657\"><span role=\"text\"><strong data-start=\"612\" data-end=\"657\">2. Finalit\u00e9 du traitement des donn\u00e9es<\/strong><\/span><\/h3><p data-start=\"659\" data-end=\"739\">Les donn\u00e9es personnelles collect\u00e9es via ce site web seront utilis\u00e9es pour\u00a0:<\/p><ul data-start=\"741\" data-end=\"1041\"><li data-section-id=\"16qlfud\" data-start=\"741\" data-end=\"811\">G\u00e9rer les demandes effectu\u00e9es via le formulaire de contact<\/li><li data-section-id=\"16a4vmx\" data-start=\"812\" data-end=\"878\">R\u00e9pondre aux demandes d&#039;information sur les produits et services<\/li><li data-section-id=\"19ge4c0\" data-start=\"879\" data-end=\"926\">G\u00e9rer les demandes d&#039;assistance technique<\/li><li data-section-id=\"yen0sm\" data-start=\"927\" data-end=\"992\">Faciliter la communication avec les clients et les clients potentiels<\/li><li data-section-id=\"131bg6f\" data-start=\"993\" data-end=\"1041\">Am\u00e9liorer l&#039;exp\u00e9rience utilisateur sur le web<\/li><\/ul><h3 data-section-id=\"1qat2my\" data-start=\"1048\" data-end=\"1071\"><span role=\"text\"><strong data-start=\"1052\" data-end=\"1071\">3. L\u00e9gitimation<\/strong><\/span><\/h3><p data-start=\"1073\" data-end=\"1112\">Le traitement de vos donn\u00e9es repose sur\u00a0:<\/p><ul data-start=\"1114\" data-end=\"1286\"><li data-section-id=\"esp1i2\" data-start=\"1114\" data-end=\"1169\">Consentement de l&#039;utilisateur lors de la soumission de formulaires<\/li><li data-section-id=\"v9w34g\" data-start=\"1170\" data-end=\"1231\">L&#039;ex\u00e9cution d&#039;une relation pr\u00e9contractuelle ou contractuelle<\/li><li data-section-id=\"12z3k2a\" data-start=\"1232\" data-end=\"1286\">Respect des obligations l\u00e9gales applicables<\/li><\/ul><h3 data-section-id=\"vw5w3q\" data-start=\"1293\" data-end=\"1329\"><span role=\"text\"><strong data-start=\"1297\" data-end=\"1329\">4. Conservation des donn\u00e9es<\/strong><\/span><\/h3><p data-start=\"1331\" data-end=\"1503\">Les donn\u00e9es personnelles seront conserv\u00e9es pendant la dur\u00e9e n\u00e9cessaire \u00e0 la r\u00e9alisation de la finalit\u00e9 pour laquelle elles ont \u00e9t\u00e9 collect\u00e9es et tant qu&#039;une relation commerciale ou juridique existe.<\/p><h3 data-section-id=\"1e31tdf\" data-start=\"1510\" data-end=\"1547\"><span role=\"text\"><strong data-start=\"1514\" data-end=\"1547\">5. Destinataires des donn\u00e9es<\/strong><\/span><\/h3><p data-start=\"1549\" data-end=\"1699\">Les donn\u00e9es ne seront pas transf\u00e9r\u00e9es \u00e0 des tiers, sauf si la loi l&#039;exige ou si cela est n\u00e9cessaire \u00e0 la fourniture du service (par exemple, aux fournisseurs de technologies).<\/p><h3 data-section-id=\"ud6yvo\" data-start=\"1706\" data-end=\"1737\"><span role=\"text\"><strong data-start=\"1710\" data-end=\"1737\">6. Droits de l&#039;utilisateur<\/strong><\/span><\/h3><p data-start=\"1739\" data-end=\"1788\">L&#039;utilisateur peut exercer les droits suivants\u00a0:<\/p><ul data-start=\"1790\" data-end=\"1977\"><li data-section-id=\"1ia252f\" data-start=\"1790\" data-end=\"1823\">Acc\u00e8s \u00e0 vos donn\u00e9es personnelles<\/li><li data-section-id=\"4w0x2f\" data-start=\"1824\" data-end=\"1860\">Correction des donn\u00e9es inexactes<\/li><li data-section-id=\"15tge1j\" data-start=\"1861\" data-end=\"1887\">Suppression de vos donn\u00e9es<\/li><li data-section-id=\"h4f20w\" data-start=\"1888\" data-end=\"1918\">Limitation du traitement<\/li><li data-section-id=\"i1ex4u\" data-start=\"1919\" data-end=\"1947\">Opposition au traitement<\/li><li data-section-id=\"1hiy6ar\" data-start=\"1948\" data-end=\"1977\">portabilit\u00e9 des donn\u00e9es<\/li><\/ul><p data-start=\"1979\" data-end=\"2080\">Pour exercer ces droits, vous pouvez envoyer une demande \u00e0\u00a0:<br data-start=\"2037\" data-end=\"2040\" \/><strong data-start=\"2040\" data-end=\"2080\"><a class=\"decorated-link cursor-pointer\" rel=\"noopener\" data-start=\"2042\" data-end=\"2078\">administracion@repmancarretillas.com<\/a><\/strong><\/p><h3 data-section-id=\"1fvxy9p\" data-start=\"2087\" data-end=\"2120\"><span role=\"text\"><strong data-start=\"2091\" data-end=\"2120\">7. S\u00e9curit\u00e9 des donn\u00e9es<\/strong><\/span><\/h3><p data-start=\"2122\" data-end=\"2280\">REPMAN Carretillas met en \u0153uvre les mesures techniques et organisationnelles n\u00e9cessaires pour garantir la s\u00e9curit\u00e9, l&#039;int\u00e9grit\u00e9 et la confidentialit\u00e9 des donn\u00e9es personnelles.<\/p><h3 data-section-id=\"tvk3ov\" data-start=\"2287\" data-end=\"2312\"><span role=\"text\"><strong data-start=\"2291\" data-end=\"2312\">8. Utilisation des cookies<\/strong><\/span><\/h3><p data-start=\"2314\" data-end=\"2453\">Ce site web utilise des cookies pour am\u00e9liorer votre exp\u00e9rience utilisateur. Vous trouverez plus d&#039;informations dans notre politique de cookies. <strong data-start=\"2429\" data-end=\"2452\">Politique relative aux cookies<\/strong>.<\/p><h3 data-section-id=\"ju3xeg\" data-start=\"2460\" data-end=\"2507\"><span role=\"text\"><strong data-start=\"2464\" data-end=\"2507\">9. Modifications de la politique de confidentialit\u00e9<\/strong><\/span><\/h3><p data-start=\"2509\" data-end=\"2643\">REPMAN Forklifts se r\u00e9serve le droit de modifier cette politique afin de l&#039;adapter \u00e0 la nouvelle l\u00e9gislation ou aux changements apport\u00e9s au site web.<\/p><h3 data-section-id=\"w58i12\" data-start=\"2650\" data-end=\"2670\"><span role=\"text\"><strong data-start=\"2654\" data-end=\"2670\">10. Contact<\/strong><\/span><\/h3><p data-start=\"2672\" data-end=\"2774\">Si vous avez des questions concernant cette politique de confidentialit\u00e9, vous pouvez nous contacter par le biais de\u00a0:<\/p><p data-start=\"2776\" data-end=\"2854\"><strong data-start=\"2776\" data-end=\"2786\">E-mail:<\/strong> <a class=\"decorated-link cursor-pointer\" rel=\"noopener\" data-start=\"2787\" data-end=\"2823\">administracion@repmancarretillas.com<\/a><br data-start=\"2823\" data-end=\"2826\" \/><strong data-start=\"2826\" data-end=\"2839\">T\u00e9l\u00e9phone:<\/strong> 928 71 80 25<\/p>\t\t\t\t\t\t\t\t<\/div>\n\t\t\t\t\t<\/div>\n\t\t\t\t<\/div>\n\t\t\t\t<\/div>","protected":false},"excerpt":{"rendered":"<p>Pol\u00edticas de Privacidad Inicio &#8211; Pol\u00edticas de Privacidad En REPMAN Carretillas, nos comprometemos a proteger la privacidad de nuestros usuarios y garantizar la seguridad de los datos personales que nos proporcionan a trav\u00e9s de este sitio web. 1. Responsable del tratamiento Titular: REPMAN CarretillasCorreo electr\u00f3nico: administracion@repmancarretillas.comEmail de contacto general: repmancarretillas@gmail.com 2. Finalidad del tratamiento de [&hellip;]<\/p>\n","protected":false},"author":1,"featured_media":0,"parent":0,"menu_order":0,"comment_status":"closed","ping_status":"closed","template":"elementor_header_footer","meta":{"_joinchat":[],"footnotes":""},"class_list":["post-227","page","type-page","status-publish","hentry"],"_links":{"self":[{"href":"https:\/\/repmancarretillas.es\/fr\/wp-json\/wp\/v2\/pages\/227","targetHints":{"allow":["GET"]}}],"collection":[{"href":"https:\/\/repmancarretillas.es\/fr\/wp-json\/wp\/v2\/pages"}],"about":[{"href":"https:\/\/repmancarretillas.es\/fr\/wp-json\/wp\/v2\/types\/page"}],"author":[{"embeddable":true,"href":"https:\/\/repmancarretillas.es\/fr\/wp-json\/wp\/v2\/users\/1"}],"replies":[{"embeddable":true,"href":"https:\/\/repmancarretillas.es\/fr\/wp-json\/wp\/v2\/comments?post=227"}],"version-history":[{"count":19,"href":"https:\/\/repmancarretillas.es\/fr\/wp-json\/wp\/v2\/pages\/227\/revisions"}],"predecessor-version":[{"id":1530,"href":"https:\/\/repmancarretillas.es\/fr\/wp-json\/wp\/v2\/pages\/227\/revisions\/1530"}],"wp:attachment":[{"href":"https:\/\/repmancarretillas.es\/fr\/wp-json\/wp\/v2\/media?parent=227"}],"curies":[{"name":"wp","href":"https:\/\/api.w.org\/{rel}","templated":true}]}}