{"id":119,"date":"2026-04-11T18:19:06","date_gmt":"2026-04-11T16:19:06","guid":{"rendered":"https:\/\/repmancarretillas.es\/?page_id=119"},"modified":"2026-05-13T03:26:15","modified_gmt":"2026-05-13T01:26:15","slug":"contacto","status":"publish","type":"page","link":"https:\/\/repmancarretillas.es\/fr\/contacto\/","title":{"rendered":"Contact"},"content":{"rendered":"\t\t<div data-elementor-type=\"wp-page\" data-elementor-id=\"119\" class=\"elementor elementor-119\" data-elementor-post-type=\"page\">\n\t\t\t\t<div class=\"elementor-element elementor-element-100b65b9 e-flex e-con-boxed e-con e-parent\" data-id=\"100b65b9\" data-element_type=\"container\" data-e-type=\"container\" data-settings=\"{&quot;background_background&quot;:&quot;classic&quot;}\">\n\t\t\t\t\t<div class=\"e-con-inner\">\n\t\t\t\t<div class=\"elementor-element elementor-element-42bf1cc3 elementor-widget elementor-widget-heading\" data-id=\"42bf1cc3\" data-element_type=\"widget\" data-e-type=\"widget\" data-widget_type=\"heading.default\">\n\t\t\t\t\t<h2 class=\"elementor-heading-title elementor-size-default\">Contacto<\/h2>\t\t\t\t<\/div>\n\t\t\t\t<div class=\"elementor-element elementor-element-49219089 elementor-widget elementor-widget-text-editor\" data-id=\"49219089\" data-element_type=\"widget\" data-e-type=\"widget\" data-widget_type=\"text-editor.default\">\n\t\t\t\t\t\t\t\t\t<a href=\"https:\/\/repmancarretillas.es\/\"><strong>Inicio<\/strong><\/a> &#8211; Contacto\t\t\t\t\t\t\t\t<\/div>\n\t\t\t\t\t<\/div>\n\t\t\t\t<\/div>\n\t\t<div class=\"elementor-element elementor-element-83be1a3 e-flex e-con-boxed e-con e-parent\" data-id=\"83be1a3\" data-element_type=\"container\" data-e-type=\"container\">\n\t\t\t\t\t<div class=\"e-con-inner\">\n\t\t\t\t<div class=\"elementor-element elementor-element-0b7b163 elementor-widget elementor-widget-html\" data-id=\"0b7b163\" data-element_type=\"widget\" data-e-type=\"widget\" data-widget_type=\"html.default\">\n\t\t\t\t\t<section style=\"padding:60px 20px; text-align:center;\">\r\n\r\n  <h2 style=\"font-size:2rem; margin-bottom:10px;\">Atendemos en TODAS LAS ISLAS<\/h2>\r\n  <p style=\"margin-bottom:40px; opacity:0.7;\">\r\n    \u00a1Cont\u00e1ctenos ahora mismo!\r\n  <\/p>\r\n\r\n  <div style=\"\r\n    display:grid;\r\n    grid-template-columns:repeat(auto-fit,minmax(280px,1fr));\r\n    gap:25px;\r\n    max-width:1000px;\r\n    margin:0 auto;\r\n  \">\r\n\r\n    <!-- Gran Canaria -->\r\n    <div style=\"\r\n      padding:25px;\r\n      border-radius:12px;\r\n      background:rgba(0,0,0,0.02);\r\n      transition:all .3s ease;\r\n    \">\r\n      <h3 style=\"margin-bottom:15px;\">Gran Canaria<\/h3>\r\n\r\n      <p style=\"margin:8px 0; display:flex; align-items:center; gap:10px; justify-content:center;\">\r\n        <span style=\"color:var(--e-global-color-accent, #0073e6);\">\ud83d\udccd<\/span>\r\n        Calle Fernando Llanera, 1, 35220 Telde\r\n      <\/p>\r\n\r\n      <p style=\"margin:8px 0; display:flex; align-items:center; gap:10px; justify-content:center;\">\r\n        <span style=\"color:var(--e-global-color-accent, #0073e6);\">\u260e<\/span>\r\n        <a href=\"tel:+34928718025\" style=\"color:inherit; text-decoration:none;\">\r\n          928 71 80 25\r\n        <\/a>\r\n      <\/p>\r\n\r\n      <p style=\"margin:8px 0; display:flex; align-items:center; gap:10px; justify-content:center;\">\r\n        <span style=\"color:var(--e-global-color-accent, #0073e6);\">\ud83d\udcac<\/span>\r\n        <a href=\"https:\/\/wa.me\/34690112804\" style=\"color:inherit; text-decoration:none;\">\r\n          +34 690 11 28 04\r\n        <\/a>\r\n      <\/p>\r\n    <\/div>\r\n\r\n    <!-- Tenerife -->\r\n    <div style=\"\r\n      padding:25px;\r\n      border-radius:12px;\r\n      background:rgba(0,0,0,0.02);\r\n      transition:all .3s ease;\r\n    \">\r\n      <h3 style=\"margin-bottom:15px;\">Tenerife<\/h3>\r\n\r\n      <p style=\"margin:8px 0; display:flex; align-items:center; gap:10px; justify-content:center;\">\r\n        <span style=\"color:var(--e-global-color-accent, #0073e6);\">\ud83d\udccd<\/span>\r\n        Calle Lirio, 1, El Chorrillo, 38107 Santa Cruz de Tenerife\r\n      <\/p>\r\n\r\n      <p style=\"margin:8px 0; display:flex; align-items:center; gap:10px; justify-content:center;\">\r\n        <span style=\"color:var(--e-global-color-accent, #0073e6);\">\u260e<\/span>\r\n        <a href=\"tel:+34922616968\" style=\"color:inherit; text-decoration:none;\">\r\n          922 61 69 68\r\n        <\/a>\r\n      <\/p>\r\n\r\n      <p style=\"margin:8px 0; display:flex; align-items:center; gap:10px; justify-content:center;\">\r\n        <span style=\"color:var(--e-global-color-accent, #0073e6);\">\ud83d\udcf1<\/span>\r\n        <a href=\"https:\/\/wa.me\/34690023549\" style=\"color:inherit; text-decoration:none;\">\r\n          +34 690 02 35 49\r\n        <\/a>\r\n      <\/p>\r\n    <\/div>\r\n\r\n  <\/div>\r\n\r\n  <!-- Email -->\r\n  <div style=\"margin-top:40px; font-weight:500;\">\r\n    <p style=\"display:flex; justify-content:center; align-items:center; gap:10px;\">\r\n      <span style=\"color:var(--e-global-color-accent, #0073e6);\">\u2709<\/span>\r\n      <a href=\"mailto:administracion@repmancarretillas.com\" style=\"color:inherit; text-decoration:none;\">\r\n        administracion@repmancarretillas.com\r\n      <\/a>\r\n    <\/p>\r\n  <\/div>\r\n\r\n<\/section>\t\t\t\t<\/div>\n\t\t\t\t\t<\/div>\n\t\t\t\t<\/div>\n\t\t<div class=\"elementor-element elementor-element-d28a57c e-flex e-con-boxed e-con e-parent\" data-id=\"d28a57c\" data-element_type=\"container\" data-e-type=\"container\">\n\t\t\t\t\t<div class=\"e-con-inner\">\n\t\t\t\t<div class=\"elementor-element elementor-element-b052cb5 elementor-widget elementor-widget-menu-anchor\" data-id=\"b052cb5\" data-element_type=\"widget\" data-e-type=\"widget\" data-widget_type=\"menu-anchor.default\">\n\t\t\t\t\t\t\t<div class=\"elementor-menu-anchor\" id=\"formulario\"><\/div>\n\t\t\t\t\t\t<\/div>\n\t\t\t\t\t<\/div>\n\t\t\t\t<\/div>\n\t\t<div class=\"elementor-element elementor-element-b8e1bcb e-flex e-con-boxed e-con e-parent\" data-id=\"b8e1bcb\" data-element_type=\"container\" data-e-type=\"container\">\n\t\t\t\t\t<div class=\"e-con-inner\">\n\t\t<div class=\"elementor-element elementor-element-34c5ba68 e-con-full e-flex e-con e-child\" data-id=\"34c5ba68\" data-element_type=\"container\" data-e-type=\"container\">\n\t\t\t\t<div class=\"elementor-element elementor-element-314e0af5 elementor-icon-list--layout-traditional elementor-list-item-link-full_width elementor-widget elementor-widget-icon-list\" data-id=\"314e0af5\" data-element_type=\"widget\" data-e-type=\"widget\" data-widget_type=\"icon-list.default\">\n\t\t\t\t\t\t\t<ul class=\"elementor-icon-list-items\">\n\t\t\t\t\t\t\t<li class=\"elementor-icon-list-item\">\n\t\t\t\t\t\t\t\t\t\t\t<span class=\"elementor-icon-list-icon\">\n\t\t\t\t\t\t\t<i aria-hidden=\"true\" class=\"icon icon-minus\"><\/i>\t\t\t\t\t\t<\/span>\n\t\t\t\t\t\t\t\t\t\t<span class=\"elementor-icon-list-text\">Formulario <\/span>\n\t\t\t\t\t\t\t\t\t<\/li>\n\t\t\t\t\t\t<\/ul>\n\t\t\t\t\t\t<\/div>\n\t\t\t\t<div class=\"elementor-element elementor-element-602ad343 elementor-invisible elementor-widget elementor-widget-heading\" data-id=\"602ad343\" data-element_type=\"widget\" data-e-type=\"widget\" data-settings=\"{&quot;_animation&quot;:&quot;fadeInUp&quot;}\" data-widget_type=\"heading.default\">\n\t\t\t\t\t<h2 class=\"elementor-heading-title elementor-size-default\">Estamos aqu\u00ed para ayudarte.<\/h2>\t\t\t\t<\/div>\n\t\t\t\t<div class=\"elementor-element elementor-element-2dac7167 elementor-widget elementor-widget-text-editor\" data-id=\"2dac7167\" data-element_type=\"widget\" data-e-type=\"widget\" data-widget_type=\"text-editor.default\">\n\t\t\t\t\t\t\t\t\t<p>Completa el formulario con tus datos y consulta.<\/p><p>Nuestro <strong>equipo<\/strong> te responder\u00e1 lo antes posible, brind\u00e1ndote informaci\u00f3n clara, asesoramiento personalizado y soluciones adaptadas a tus necesidades espec\u00edficas de forma r\u00e1pida.<\/p>\t\t\t\t\t\t\t\t<\/div>\n\t\t\t\t<div class=\"elementor-element elementor-element-36577fe e-grid-align-left elementor-shape-rounded elementor-grid-0 elementor-widget elementor-widget-social-icons\" data-id=\"36577fe\" data-element_type=\"widget\" data-e-type=\"widget\" data-widget_type=\"social-icons.default\">\n\t\t\t\t\t\t\t<div class=\"elementor-social-icons-wrapper elementor-grid\" role=\"list\">\n\t\t\t\t\t\t\t<span class=\"elementor-grid-item\" role=\"listitem\">\n\t\t\t\t\t<a class=\"elementor-icon elementor-social-icon elementor-social-icon-instagram elementor-repeater-item-c0aa771\" href=\"https:\/\/www.instagram.com\/repmancarretillas?igsh=Yjh4YT%20BoMGl5MGJy\" target=\"_blank\">\n\t\t\t\t\t\t<span class=\"elementor-screen-only\">Instagram<\/span>\n\t\t\t\t\t\t<svg aria-hidden=\"true\" class=\"e-font-icon-svg e-fab-instagram\" viewBox=\"0 0 448 512\" xmlns=\"http:\/\/www.w3.org\/2000\/svg\"><path d=\"M224.1 141c-63.6 0-114.9 51.3-114.9 114.9s51.3 114.9 114.9 114.9S339 319.5 339 255.9 287.7 141 224.1 141zm0 189.6c-41.1 0-74.7-33.5-74.7-74.7s33.5-74.7 74.7-74.7 74.7 33.5 74.7 74.7-33.6 74.7-74.7 74.7zm146.4-194.3c0 14.9-12 26.8-26.8 26.8-14.9 0-26.8-12-26.8-26.8s12-26.8 26.8-26.8 26.8 12 26.8 26.8zm76.1 27.2c-1.7-35.9-9.9-67.7-36.2-93.9-26.2-26.2-58-34.4-93.9-36.2-37-2.1-147.9-2.1-184.9 0-35.8 1.7-67.6 9.9-93.9 36.1s-34.4 58-36.2 93.9c-2.1 37-2.1 147.9 0 184.9 1.7 35.9 9.9 67.7 36.2 93.9s58 34.4 93.9 36.2c37 2.1 147.9 2.1 184.9 0 35.9-1.7 67.7-9.9 93.9-36.2 26.2-26.2 34.4-58 36.2-93.9 2.1-37 2.1-147.8 0-184.8zM398.8 388c-7.8 19.6-22.9 34.7-42.6 42.6-29.5 11.7-99.5 9-132.1 9s-102.7 2.6-132.1-9c-19.6-7.8-34.7-22.9-42.6-42.6-11.7-29.5-9-99.5-9-132.1s-2.6-102.7 9-132.1c7.8-19.6 22.9-34.7 42.6-42.6 29.5-11.7 99.5-9 132.1-9s102.7-2.6 132.1 9c19.6 7.8 34.7 22.9 42.6 42.6 11.7 29.5 9 99.5 9 132.1s2.7 102.7-9 132.1z\"><\/path><\/svg>\t\t\t\t\t<\/a>\n\t\t\t\t<\/span>\n\t\t\t\t\t\t\t<span class=\"elementor-grid-item\" role=\"listitem\">\n\t\t\t\t\t<a class=\"elementor-icon elementor-social-icon elementor-social-icon-facebook elementor-repeater-item-1a0c41e\" href=\"https:\/\/www.facebook.com\/share\/1AbDVpgvdL\/\" target=\"_blank\">\n\t\t\t\t\t\t<span class=\"elementor-screen-only\">Facebook<\/span>\n\t\t\t\t\t\t<svg aria-hidden=\"true\" class=\"e-font-icon-svg e-fab-facebook\" viewBox=\"0 0 512 512\" xmlns=\"http:\/\/www.w3.org\/2000\/svg\"><path d=\"M504 256C504 119 393 8 256 8S8 119 8 256c0 123.78 90.69 226.38 209.25 245V327.69h-63V256h63v-54.64c0-62.15 37-96.48 93.67-96.48 27.14 0 55.52 4.84 55.52 4.84v61h-31.28c-30.8 0-40.41 19.12-40.41 38.73V256h68.78l-11 71.69h-57.78V501C413.31 482.38 504 379.78 504 256z\"><\/path><\/svg>\t\t\t\t\t<\/a>\n\t\t\t\t<\/span>\n\t\t\t\t\t<\/div>\n\t\t\t\t\t\t<\/div>\n\t\t\t\t<\/div>\n\t\t<div class=\"elementor-element elementor-element-5d5fe93c e-con-full e-flex e-con e-child\" data-id=\"5d5fe93c\" data-element_type=\"container\" data-e-type=\"container\" data-settings=\"{&quot;background_background&quot;:&quot;classic&quot;}\">\n\t\t\t\t<div class=\"elementor-element elementor-element-2dbf0e1 elementor-button-align-stretch elementor-widget elementor-widget-form\" data-id=\"2dbf0e1\" data-element_type=\"widget\" data-e-type=\"widget\" data-settings=\"{&quot;step_next_label&quot;:&quot;Next&quot;,&quot;step_previous_label&quot;:&quot;Previous&quot;,&quot;button_width&quot;:&quot;100&quot;,&quot;step_type&quot;:&quot;number_text&quot;,&quot;step_icon_shape&quot;:&quot;circle&quot;}\" data-widget_type=\"form.default\">\n\t\t\t\t\t\t\t<form class=\"elementor-form\" method=\"post\" name=\"Formulario de Contacto\" aria-label=\"Formulario de Contacto\">\n\t\t\t<input type=\"hidden\" name=\"post_id\" value=\"119\"\/>\n\t\t\t<input type=\"hidden\" name=\"form_id\" value=\"2dbf0e1\"\/>\n\t\t\t<input type=\"hidden\" name=\"referer_title\" value=\"Contacto\" \/>\n\n\t\t\t\t\t\t\t<input type=\"hidden\" name=\"queried_id\" value=\"119\"\/>\n\t\t\t\n\t\t\t<div class=\"elementor-form-fields-wrapper elementor-labels-above\">\n\t\t\t\t\t\t\t\t<div class=\"elementor-field-type-text elementor-field-group elementor-column elementor-field-group-name elementor-col-50\">\n\t\t\t\t\t\t\t\t\t\t\t\t<label for=\"form-field-name\" class=\"elementor-field-label\">\n\t\t\t\t\t\t\t\tNombre\t\t\t\t\t\t\t<\/label>\n\t\t\t\t\t\t\t\t\t\t\t\t\t\t<input size=\"1\" type=\"text\" name=\"form_fields[name]\" id=\"form-field-name\" class=\"elementor-field elementor-size-sm  elementor-field-textual\" placeholder=\"Nombre\">\n\t\t\t\t\t\t\t\t\t\t\t<\/div>\n\t\t\t\t\t\t\t\t<div class=\"elementor-field-type-text elementor-field-group elementor-column elementor-field-group-field_38c0b8a elementor-col-50\">\n\t\t\t\t\t\t\t\t\t\t\t\t<label for=\"form-field-field_38c0b8a\" class=\"elementor-field-label\">\n\t\t\t\t\t\t\t\tApellidos\t\t\t\t\t\t\t<\/label>\n\t\t\t\t\t\t\t\t\t\t\t\t\t\t<input size=\"1\" type=\"text\" name=\"form_fields[field_38c0b8a]\" id=\"form-field-field_38c0b8a\" class=\"elementor-field elementor-size-sm  elementor-field-textual\" placeholder=\"Apellidos\">\n\t\t\t\t\t\t\t\t\t\t\t<\/div>\n\t\t\t\t\t\t\t\t<div class=\"elementor-field-type-email elementor-field-group elementor-column elementor-field-group-email elementor-col-50 elementor-field-required\">\n\t\t\t\t\t\t\t\t\t\t\t\t<label for=\"form-field-email\" class=\"elementor-field-label\">\n\t\t\t\t\t\t\t\tEmail\t\t\t\t\t\t\t<\/label>\n\t\t\t\t\t\t\t\t\t\t\t\t\t\t<input size=\"1\" type=\"email\" name=\"form_fields[email]\" id=\"form-field-email\" class=\"elementor-field elementor-size-sm  elementor-field-textual\" placeholder=\"Email\" required=\"required\">\n\t\t\t\t\t\t\t\t\t\t\t<\/div>\n\t\t\t\t\t\t\t\t<div class=\"elementor-field-type-tel elementor-field-group elementor-column elementor-field-group-field_84efe2e elementor-col-50\">\n\t\t\t\t\t\t\t\t\t\t\t\t<label for=\"form-field-field_84efe2e\" class=\"elementor-field-label\">\n\t\t\t\t\t\t\t\tTel\u00e9fono\t\t\t\t\t\t\t<\/label>\n\t\t\t\t\t\t\t\t<input size=\"1\" type=\"tel\" name=\"form_fields[field_84efe2e]\" id=\"form-field-field_84efe2e\" class=\"elementor-field elementor-size-sm  elementor-field-textual\" placeholder=\"Tel\u00e9fono\" pattern=\"[0-9()#&amp;+*-=.]+\" title=\"Solo se aceptan n\u00fameros y caracteres telef\u00f3nicos (#, -, *, etc.).\">\n\n\t\t\t\t\t\t<\/div>\n\t\t\t\t\t\t\t\t<div class=\"elementor-field-type-select elementor-field-group elementor-column elementor-field-group-field_fe48a87 elementor-col-100 elementor-field-required\">\n\t\t\t\t\t\t\t\t\t\t\t\t<label for=\"form-field-field_fe48a87\" class=\"elementor-field-label\">\n\t\t\t\t\t\t\t\tMotivo\t\t\t\t\t\t\t<\/label>\n\t\t\t\t\t\t\t\t<div class=\"elementor-field elementor-select-wrapper remove-before \">\n\t\t\t<div class=\"select-caret-down-wrapper\">\n\t\t\t\t<svg aria-hidden=\"true\" class=\"e-font-icon-svg e-eicon-caret-down\" viewBox=\"0 0 571.4 571.4\" xmlns=\"http:\/\/www.w3.org\/2000\/svg\"><path d=\"M571 393Q571 407 561 418L311 668Q300 679 286 679T261 668L11 418Q0 407 0 393T11 368 36 357H536Q550 357 561 368T571 393Z\"><\/path><\/svg>\t\t\t<\/div>\n\t\t\t<select name=\"form_fields[field_fe48a87]\" id=\"form-field-field_fe48a87\" class=\"elementor-field-textual elementor-size-sm\" required=\"required\">\n\t\t\t\t\t\t\t\t\t<option value=\"Productos\">Productos<\/option>\n\t\t\t\t\t\t\t\t\t<option value=\"Alquiler\">Alquiler<\/option>\n\t\t\t\t\t\t\t\t\t<option value=\"Servicio t\u00e9cnico\">Servicio t\u00e9cnico<\/option>\n\t\t\t\t\t\t\t\t\t<option value=\"Formaci\u00f3n\">Formaci\u00f3n<\/option>\n\t\t\t\t\t\t\t\t\t<option value=\"Otros\">Otros<\/option>\n\t\t\t\t\t\t\t<\/select>\n\t\t<\/div>\n\t\t\t\t\t\t<\/div>\n\t\t\t\t\t\t\t\t<div class=\"elementor-field-type-textarea elementor-field-group elementor-column elementor-field-group-message elementor-col-100\">\n\t\t\t\t\t<textarea class=\"elementor-field-textual elementor-field  elementor-size-sm\" name=\"form_fields[message]\" id=\"form-field-message\" rows=\"4\" placeholder=\"Mensaje\"><\/textarea>\t\t\t\t<\/div>\n\t\t\t\t\t\t\t\t<div class=\"elementor-field-group elementor-column elementor-field-type-submit elementor-col-100 e-form__buttons\">\n\t\t\t\t\t<button class=\"elementor-button elementor-size-sm\" type=\"submit\">\n\t\t\t\t\t\t<span class=\"elementor-button-content-wrapper\">\n\t\t\t\t\t\t\t\t\t\t\t\t\t\t\t\t\t\t\t\t\t\t<span class=\"elementor-button-text\">Enviar mensaje<\/span>\n\t\t\t\t\t\t\t\t\t\t\t\t\t<\/span>\n\t\t\t\t\t<\/button>\n\t\t\t\t<\/div>\n\t\t\t<\/div>\n\t\t<\/form>\n\t\t\t\t\t\t<\/div>\n\t\t\t\t<\/div>\n\t\t\t\t\t<\/div>\n\t\t\t\t<\/div>\n\t\t<div class=\"elementor-element elementor-element-961825f e-flex e-con-boxed e-con e-parent\" data-id=\"961825f\" data-element_type=\"container\" data-e-type=\"container\">\n\t\t\t\t\t<div class=\"e-con-inner\">\n\t\t\t\t<div class=\"elementor-element elementor-element-3b40a13 elementor-widget elementor-widget-html\" data-id=\"3b40a13\" data-element_type=\"widget\" data-e-type=\"widget\" data-widget_type=\"html.default\">\n\t\t\t\t\t<div style=\"width:100%;\">\r\n  <div id=\"map\" style=\"width:100%; height:400px; border-radius:12px;\"><\/div>\r\n<\/div>\r\n\r\n<style>\r\n  @media (max-width: 768px) {\r\n    #map {\r\n      height: 300px;\r\n    }\r\n  }\r\n<\/style>\r\n\r\n<script>\r\nfunction initMap() {\r\n\r\n  const repman = { lat: 28.0206463, lng: -15.4180604 };\r\n  const caelca = { lat: 28.4189178, lng: -16.3214954 };\r\n\r\n  const map = new google.maps.Map(document.getElementById(\"map\"), {\r\n    zoom: 7,\r\n    center: { lat: 28.2, lng: -15.9 },\r\n    mapTypeControl: false,\r\n    streetViewControl: false,\r\n  });\r\n\r\n  const bounds = new google.maps.LatLngBounds();\r\n\r\n  \/\/ Repman\r\n  const marker1 = new google.maps.Marker({\r\n    position: repman,\r\n    map: map,\r\n    title: \"Repman Carretillas\"\r\n  });\r\n\r\n  const info1 = new google.maps.InfoWindow({\r\n    content: `\r\n      <strong>Repman Carretillas<\/strong><br>\r\n      Telde, Gran Canaria<br><br>\r\n      <a href=\"https:\/\/www.google.com\/maps?q=28.0206463,-15.4180604\" target=\"_blank\">\r\n        Ver en Google Maps\r\n      <\/a>\r\n    `\r\n  });\r\n\r\n  marker1.addListener(\"click\", () => {\r\n    info1.open(map, marker1);\r\n  });\r\n\r\n  bounds.extend(repman);\r\n\r\n  \/\/ CAELCA\r\n  const marker2 = new google.maps.Marker({\r\n    position: caelca,\r\n    map: map,\r\n    title: \"CAELCA\"\r\n  });\r\n\r\n  const info2 = new google.maps.InfoWindow({\r\n    content: `\r\n      <strong>CAELCA<\/strong><br>\r\n      Santa Cruz de Tenerife<br><br>\r\n      <a href=\"https:\/\/www.google.com\/maps?q=28.4189178,-16.3214954\" target=\"_blank\">\r\n        Ver en Google Maps\r\n      <\/a>\r\n    `\r\n  });\r\n\r\n  marker2.addListener(\"click\", () => {\r\n    info2.open(map, marker2);\r\n  });\r\n\r\n  bounds.extend(caelca);\r\n\r\n  map.fitBounds(bounds);\r\n}\r\n<\/script>\r\n\r\n<script async\r\n  src=\"https:\/\/maps.googleapis.com\/maps\/api\/js?key=AIzaSyCbVYDt7cHJDiHBedbd4RNThpriFVxqYXc&callback=initMap\">\r\n<\/script>\t\t\t\t<\/div>\n\t\t\t\t\t<\/div>\n\t\t\t\t<\/div>\n\t\t\t\t<\/div>\n\t\t","protected":false},"excerpt":{"rendered":"<p>Contacto Inicio &#8211; Contacto Atendemos en TODAS LAS ISLAS \u00a1Cont\u00e1ctenos ahora mismo! Gran Canaria \ud83d\udccd Calle Fernando Llanera, 1, 35220 Telde \u260e 928 71 80 25 \ud83d\udcac +34 690 11 28 04 Tenerife \ud83d\udccd Calle Lirio, 1, El Chorrillo, 38107 Santa Cruz de Tenerife \u260e 922 61 69 68 \ud83d\udcf1 +34 690 02 35 49 [&hellip;]<\/p>\n","protected":false},"author":1,"featured_media":0,"parent":0,"menu_order":0,"comment_status":"closed","ping_status":"closed","template":"elementor_header_footer","meta":{"_joinchat":[],"footnotes":""},"class_list":["post-119","page","type-page","status-publish","hentry"],"_links":{"self":[{"href":"https:\/\/repmancarretillas.es\/fr\/wp-json\/wp\/v2\/pages\/119","targetHints":{"allow":["GET"]}}],"collection":[{"href":"https:\/\/repmancarretillas.es\/fr\/wp-json\/wp\/v2\/pages"}],"about":[{"href":"https:\/\/repmancarretillas.es\/fr\/wp-json\/wp\/v2\/types\/page"}],"author":[{"embeddable":true,"href":"https:\/\/repmancarretillas.es\/fr\/wp-json\/wp\/v2\/users\/1"}],"replies":[{"embeddable":true,"href":"https:\/\/repmancarretillas.es\/fr\/wp-json\/wp\/v2\/comments?post=119"}],"version-history":[{"count":148,"href":"https:\/\/repmancarretillas.es\/fr\/wp-json\/wp\/v2\/pages\/119\/revisions"}],"predecessor-version":[{"id":3859,"href":"https:\/\/repmancarretillas.es\/fr\/wp-json\/wp\/v2\/pages\/119\/revisions\/3859"}],"wp:attachment":[{"href":"https:\/\/repmancarretillas.es\/fr\/wp-json\/wp\/v2\/media?parent=119"}],"curies":[{"name":"wp","href":"https:\/\/api.w.org\/{rel}","templated":true}]}}