{"id":3690,"date":"2026-04-29T04:05:51","date_gmt":"2026-04-29T02:05:51","guid":{"rendered":"https:\/\/repmancarretillas.es\/?post_type=product&#038;p=3690"},"modified":"2026-04-29T04:10:06","modified_gmt":"2026-04-29T02:10:06","slug":"bt-staxio-2t-doble-li-on-con-conductor-a-bordo","status":"publish","type":"product","link":"https:\/\/repmancarretillas.es\/en\/product\/bt-staxio-2t-doble-li-on-con-conductor-a-bordo\/","title":{"rendered":"BT Staxio 2t Doble Li-on con conductor a bordo"},"content":{"rendered":"<h2>Key benefits.<\/h2>\n<ul>\n<li data-pm-slice=\"1 1 []\">\n<p data-pm-slice=\"1 1 []\">Manipulaci\u00f3n simult\u00e1nea de dos pal\u00e9s para m\u00e1xima productividad<\/p>\n<\/li>\n<li data-pm-slice=\"1 1 []\">\n<p data-pm-slice=\"1 1 []\">Chasis estrecho que mejora la maniobrabilidad en espacios reducidos<\/p>\n<\/li>\n<li data-pm-slice=\"1 1 []\">\n<p data-pm-slice=\"1 1 []\">Bater\u00eda de iones de litio con carga r\u00e1pida y eficiente<\/p>\n<\/li>\n<li data-pm-slice=\"1 1 []\">\n<p data-pm-slice=\"1 1 []\">Cabina cerrada con alta seguridad, control en curvas y luz LED azul<\/p>\n<\/li>\n<li data-pm-slice=\"1 1 []\">\n<p data-pm-slice=\"1 1 []\">Puesto de conducci\u00f3n ergon\u00f3mico con mandos intuitivos y ajustables<\/p>\n<\/li>\n<\/ul>\n<h2>Specs.<\/h2>\n<p data-pm-slice=\"0 0 []\">La SSI200D ofrece 2000 kg de capacidad, elevaci\u00f3n de 2500 mm, bater\u00eda Li-ion 24V. Incluye controles electr\u00f3nicos, seguridad avanzada, pantalla t\u00e1ctil, direcci\u00f3n ajustable y sistema inteligente telem\u00e1tico integrado.<\/p>","protected":false},"excerpt":{"rendered":"<p data-pm-slice=\"1 1 []\">\u00bfNecesita un apilador doble eficiente? El BT Staxio Li-ion serie S \u201cD\u201d permite la manipulaci\u00f3n simult\u00e1nea de dos europal\u00e9s, aumentando la productividad. Su cabina de pie ofrece excelente visibilidad y operaci\u00f3n segura.<\/p>\n<p><em><strong>2000 kg | 2500 mm | 11,5 km\/h | Carretilla inteligente<\/strong><\/em><\/p>\n<p>Funcionamiento seguro: El conductor se mantiene seguro dentro del compartimento del operador gracias a la reducci\u00f3n autom\u00e1tica de la velocidad al tomar curvas y apilar, la vibraci\u00f3n limitada gracias al suelo amortiguado, la luz de advertencia LED azul y los sensores de presencia del operador.<\/p>","protected":false},"featured_media":3691,"template":"","meta":{"_joinchat":[]},"product_brand":[],"product_cat":[29,26],"product_tag":[],"class_list":{"0":"post-3690","1":"product","2":"type-product","3":"status-publish","4":"has-post-thumbnail","6":"product_cat-apiladores-electricos","7":"product_cat-carretillas-elevadoras","9":"first","10":"instock","11":"shipping-taxable","12":"product-type-simple"},"_links":{"self":[{"href":"https:\/\/repmancarretillas.es\/en\/wp-json\/wp\/v2\/product\/3690","targetHints":{"allow":["GET"]}}],"collection":[{"href":"https:\/\/repmancarretillas.es\/en\/wp-json\/wp\/v2\/product"}],"about":[{"href":"https:\/\/repmancarretillas.es\/en\/wp-json\/wp\/v2\/types\/product"}],"version-history":[{"count":1,"href":"https:\/\/repmancarretillas.es\/en\/wp-json\/wp\/v2\/product\/3690\/revisions"}],"predecessor-version":[{"id":3699,"href":"https:\/\/repmancarretillas.es\/en\/wp-json\/wp\/v2\/product\/3690\/revisions\/3699"}],"wp:featuredmedia":[{"embeddable":true,"href":"https:\/\/repmancarretillas.es\/en\/wp-json\/wp\/v2\/media\/3691"}],"wp:attachment":[{"href":"https:\/\/repmancarretillas.es\/en\/wp-json\/wp\/v2\/media?parent=3690"}],"wp:term":[{"taxonomy":"product_brand","embeddable":true,"href":"https:\/\/repmancarretillas.es\/en\/wp-json\/wp\/v2\/product_brand?post=3690"},{"taxonomy":"product_cat","embeddable":true,"href":"https:\/\/repmancarretillas.es\/en\/wp-json\/wp\/v2\/product_cat?post=3690"},{"taxonomy":"product_tag","embeddable":true,"href":"https:\/\/repmancarretillas.es\/en\/wp-json\/wp\/v2\/product_tag?post=3690"}],"curies":[{"name":"wp","href":"https:\/\/api.w.org\/{rel}","templated":true}]}}