{"id":3663,"date":"2026-04-29T02:57:45","date_gmt":"2026-04-29T00:57:45","guid":{"rendered":"https:\/\/repmancarretillas.es\/?post_type=product&#038;p=3663"},"modified":"2026-04-29T03:04:05","modified_gmt":"2026-04-29T01:04:05","slug":"toyota-tonero-tc-diesel-3-5t-500mm-lc-2","status":"publish","type":"product","link":"https:\/\/repmancarretillas.es\/en\/product\/toyota-tonero-tc-diesel-3-5t-500mm-lc-2\/","title":{"rendered":"Toyota Tonero TC Diesel 3.5t 500mm LC"},"content":{"rendered":"<h2>Key benefits.<\/h2>\n<ul>\n<li data-pm-slice=\"1 1 []\">\n<p data-pm-slice=\"1 1 []\">Ideal para manipulaci\u00f3n de materiales en exteriores en aplicaciones moderadas y exigentes.<\/p>\n<\/li>\n<li data-pm-slice=\"1 1 []\">\n<p data-pm-slice=\"1 1 []\">Transmisi\u00f3n con convertidor de par para una conducci\u00f3n suave y eficiente.<\/p>\n<\/li>\n<li data-pm-slice=\"1 1 []\">\n<p data-pm-slice=\"1 1 []\">Motor di\u00e9sel industrial Toyota potente y fiable.<\/p>\n<\/li>\n<li data-pm-slice=\"1 1 []\">\n<p data-pm-slice=\"1 1 []\">Excelente visibilidad de las horquillas a cualquier altura para mayor seguridad.<\/p>\n<\/li>\n<li data-pm-slice=\"1 1 []\">\n<p data-pm-slice=\"1 1 []\">Sistema de Estabilidad Activa (SAS).<\/p>\n<\/li>\n<\/ul>\n<h2>Specs.<\/h2>\n<p data-pm-slice=\"1 1 []\">Carretilla con Toyota SAS, OPS y ORS, m\u00e1stil 3000 mm, horquillas 1000 mm, barra 1070 mm, frenos h\u00famedos, ruedas neum\u00e1ticas, direcci\u00f3n hidr\u00e1ulica, luces LED y display autodiagn\u00f3stico integrado.<\/p>","protected":false},"excerpt":{"rendered":"<p data-pm-slice=\"1 1 []\">\u00bfBusca una carretilla elevadora robusta para operaciones intensivas en exteriores? La Toyota Tonero di\u00e9sel ofrece potencia, fiabilidad y durabilidad, con excelente maniobrabilidad y aceleraci\u00f3n r\u00e1pida para m\u00e1xima productividad en aplicaciones ligeras y exigentes.<\/p>\n<p data-pm-slice=\"1 1 []\"><em><strong>3500 kg | 7000 mm | 19,5 km\/h<\/strong><\/em><\/p>\n<ul>\n<li data-pm-slice=\"1 1 []\">Entrega disponible en 24 horas.<\/li>\n<li data-pm-slice=\"1 1 []\">Cancelaci\u00f3n gratuita hasta 2 d\u00edas antes del inicio del alquiler.<\/li>\n<li data-pm-slice=\"1 1 []\">Amplia gama de equipos con servicio completo incluido.<\/li>\n<li data-pm-slice=\"1 1 []\">Alta flexibilidad adaptada a las necesidades del negocio.<\/li>\n<\/ul>","protected":false},"featured_media":3664,"template":"","meta":{"_joinchat":[]},"product_brand":[],"product_cat":[36,42],"product_tag":[],"class_list":{"0":"post-3663","1":"product","2":"type-product","3":"status-publish","4":"has-post-thumbnail","6":"product_cat-carretillas-elevadoras-para-alquiler","7":"product_cat-contrapesadas-ci-alquiler","9":"first","10":"instock","11":"shipping-taxable","12":"product-type-simple"},"_links":{"self":[{"href":"https:\/\/repmancarretillas.es\/en\/wp-json\/wp\/v2\/product\/3663","targetHints":{"allow":["GET"]}}],"collection":[{"href":"https:\/\/repmancarretillas.es\/en\/wp-json\/wp\/v2\/product"}],"about":[{"href":"https:\/\/repmancarretillas.es\/en\/wp-json\/wp\/v2\/types\/product"}],"version-history":[{"count":1,"href":"https:\/\/repmancarretillas.es\/en\/wp-json\/wp\/v2\/product\/3663\/revisions"}],"predecessor-version":[{"id":3672,"href":"https:\/\/repmancarretillas.es\/en\/wp-json\/wp\/v2\/product\/3663\/revisions\/3672"}],"wp:featuredmedia":[{"embeddable":true,"href":"https:\/\/repmancarretillas.es\/en\/wp-json\/wp\/v2\/media\/3664"}],"wp:attachment":[{"href":"https:\/\/repmancarretillas.es\/en\/wp-json\/wp\/v2\/media?parent=3663"}],"wp:term":[{"taxonomy":"product_brand","embeddable":true,"href":"https:\/\/repmancarretillas.es\/en\/wp-json\/wp\/v2\/product_brand?post=3663"},{"taxonomy":"product_cat","embeddable":true,"href":"https:\/\/repmancarretillas.es\/en\/wp-json\/wp\/v2\/product_cat?post=3663"},{"taxonomy":"product_tag","embeddable":true,"href":"https:\/\/repmancarretillas.es\/en\/wp-json\/wp\/v2\/product_tag?post=3663"}],"curies":[{"name":"wp","href":"https:\/\/api.w.org\/{rel}","templated":true}]}}