{"id":3633,"date":"2026-04-29T02:41:32","date_gmt":"2026-04-29T00:41:32","guid":{"rendered":"https:\/\/repmancarretillas.es\/?post_type=product&#038;p=3633"},"modified":"2026-04-29T02:46:38","modified_gmt":"2026-04-29T00:46:38","slug":"toyota-tonero-tc-diesel-2t-500mm-lc-2","status":"publish","type":"product","link":"https:\/\/repmancarretillas.es\/en\/product\/toyota-tonero-tc-diesel-2t-500mm-lc-2\/","title":{"rendered":"Toyota Tonero TC Diesel 2t 500mm LC"},"content":{"rendered":"<h2>Key benefits.<\/h2>\n<ul>\n<li data-pm-slice=\"1 1 []\">\n<p data-pm-slice=\"1 1 []\">Ideal para manipulaci\u00f3n de materiales en exteriores en aplicaciones ligeras y moderadas.<\/p>\n<\/li>\n<li data-pm-slice=\"1 1 []\">\n<p data-pm-slice=\"1 1 []\">Transmisi\u00f3n con convertidor de par para una conducci\u00f3n suave.<\/p>\n<\/li>\n<li data-pm-slice=\"1 1 []\">\n<p data-pm-slice=\"1 1 []\">Motor di\u00e9sel industrial Toyota potente y fiable.<\/p>\n<\/li>\n<li data-pm-slice=\"1 1 []\">\n<p data-pm-slice=\"1 1 []\">Excelente visibilidad de las horquillas a cualquier altura para mayor seguridad.<\/p>\n<\/li>\n<li data-pm-slice=\"1 1 []\">\n<p data-pm-slice=\"1 1 []\">Sistema de Estabilidad Activa (SAS).<\/p>\n<\/li>\n<\/ul>\n<h2>Specs.<\/h2>\n<p data-pm-slice=\"1 1 []\">Carretilla con Toyota SAS, OPS y ORS, m\u00e1stil 3000 mm, horquillas 1000 mm, frenos h\u00famedos, ruedas neum\u00e1ticas, direcci\u00f3n hidr\u00e1ulica, luces LED, display autodiagn\u00f3stico y columna ajustable.<\/p>","protected":false},"excerpt":{"rendered":"<p data-pm-slice=\"1 1 []\">\u00bfBusca una carretilla elevadora robusta para trabajos intensivos en exteriores? La Toyota Tonero di\u00e9sel ofrece gran potencia, durabilidad y fiabilidad. Su excelente maniobrabilidad y r\u00e1pida aceleraci\u00f3n garantizan alta productividad en aplicaciones ligeras y exigentes.<\/p>\n<p data-pm-slice=\"1 1 []\"><em><strong>2000 kg | 7000 mm | 19,5 km\/h<\/strong><\/em><\/p>\n<ul>\n<li data-pm-slice=\"1 1 []\">Entrega disponible en 24 horas.<\/li>\n<li data-pm-slice=\"1 1 []\">Cancelaci\u00f3n gratuita hasta 2 d\u00edas antes del inicio del alquiler.<\/li>\n<li data-pm-slice=\"1 1 []\">Amplia gama de equipos con servicio completo incluido.<\/li>\n<li data-pm-slice=\"1 1 []\">Alta flexibilidad adaptada a las necesidades del negocio.<\/li>\n<\/ul>","protected":false},"featured_media":3634,"template":"","meta":{"_joinchat":[]},"product_brand":[],"product_cat":[36,42],"product_tag":[],"class_list":{"0":"post-3633","1":"product","2":"type-product","3":"status-publish","4":"has-post-thumbnail","6":"product_cat-carretillas-elevadoras-para-alquiler","7":"product_cat-contrapesadas-ci-alquiler","9":"first","10":"instock","11":"shipping-taxable","12":"product-type-simple"},"_links":{"self":[{"href":"https:\/\/repmancarretillas.es\/en\/wp-json\/wp\/v2\/product\/3633","targetHints":{"allow":["GET"]}}],"collection":[{"href":"https:\/\/repmancarretillas.es\/en\/wp-json\/wp\/v2\/product"}],"about":[{"href":"https:\/\/repmancarretillas.es\/en\/wp-json\/wp\/v2\/types\/product"}],"version-history":[{"count":1,"href":"https:\/\/repmancarretillas.es\/en\/wp-json\/wp\/v2\/product\/3633\/revisions"}],"predecessor-version":[{"id":3642,"href":"https:\/\/repmancarretillas.es\/en\/wp-json\/wp\/v2\/product\/3633\/revisions\/3642"}],"wp:featuredmedia":[{"embeddable":true,"href":"https:\/\/repmancarretillas.es\/en\/wp-json\/wp\/v2\/media\/3634"}],"wp:attachment":[{"href":"https:\/\/repmancarretillas.es\/en\/wp-json\/wp\/v2\/media?parent=3633"}],"wp:term":[{"taxonomy":"product_brand","embeddable":true,"href":"https:\/\/repmancarretillas.es\/en\/wp-json\/wp\/v2\/product_brand?post=3633"},{"taxonomy":"product_cat","embeddable":true,"href":"https:\/\/repmancarretillas.es\/en\/wp-json\/wp\/v2\/product_cat?post=3633"},{"taxonomy":"product_tag","embeddable":true,"href":"https:\/\/repmancarretillas.es\/en\/wp-json\/wp\/v2\/product_tag?post=3633"}],"curies":[{"name":"wp","href":"https:\/\/api.w.org\/{rel}","templated":true}]}}