{"id":3457,"date":"2026-04-29T00:56:53","date_gmt":"2026-04-28T22:56:53","guid":{"rendered":"https:\/\/repmancarretillas.es\/?post_type=product&#038;p=3457"},"modified":"2026-04-29T01:05:16","modified_gmt":"2026-04-28T23:05:16","slug":"bt-staxio-1-45t-con-brazos-de-soporte-elevables","status":"publish","type":"product","link":"https:\/\/repmancarretillas.es\/en\/product\/bt-staxio-1-45t-con-brazos-de-soporte-elevables\/","title":{"rendered":"BT Staxio 1.45t con brazos de soporte elevables"},"content":{"rendered":"<h2>Key benefits.<\/h2>\n<ul>\n<li data-pm-slice=\"1 1 []\">\n<p data-pm-slice=\"1 1 []\">Brazos de soporte elevables para operaci\u00f3n en suelos irregulares y pendientes.<\/p>\n<\/li>\n<li data-pm-slice=\"1 1 []\">\n<p data-pm-slice=\"1 1 []\">Chasis de 5 puntos de apoyo que garantiza alta estabilidad y control.<\/p>\n<\/li>\n<li data-pm-slice=\"1 1 []\">\n<p data-pm-slice=\"1 1 []\">Excelente visibilidad de las horquillas para mayor seguridad operativa.<\/p>\n<\/li>\n<li data-pm-slice=\"1 1 []\">\n<p data-pm-slice=\"1 1 []\">Combina gran altura de elevaci\u00f3n, alta capacidad residual y elevada autonom\u00eda de bater\u00eda.<\/p>\n<\/li>\n<li data-pm-slice=\"1 1 []\">\n<p data-pm-slice=\"1 1 []\">Carretilla inteligente de f\u00e1cil conexi\u00f3n, monitorizaci\u00f3n y optimizaci\u00f3n.<\/p>\n<\/li>\n<\/ul>\n<h2>Specs.<\/h2>\n<p data-pm-slice=\"1 1 []\">Apilador BT Staxio SWE140L con brazos elevables, altura 5,4 m, velocidad 6 km\/h, Powertrak, controles ergon\u00f3micos, frenado electr\u00f3nico, seguridad del operador, desconexi\u00f3n autom\u00e1tica, rendimiento programable y telem\u00e1tica inteligente integrada.<\/p>","protected":false},"excerpt":{"rendered":"<p data-pm-slice=\"1 1 []\">\u00bfBusca una soluci\u00f3n de apilamiento de alto rendimiento para superficies irregulares? El BT Staxio SWE145L, con 1450 kg de capacidad y brazos de soporte elevables, est\u00e1 dise\u00f1ado para operar en suelos desiguales y pendientes. Permite soportar hasta 2000 kg en los brazos de soporte, ofreciendo excelente control gracias a su tim\u00f3n intuitivo.<\/p>\n<p data-pm-slice=\"1 1 []\"><em><strong>11400 kg | 4755 mm | 6,0 km\/h | Carretilla inteligente<\/strong><\/em><\/p>\n<ul>\n<li data-pm-slice=\"1 1 []\">Entrega disponible en 24 horas.<\/li>\n<li data-pm-slice=\"1 1 []\">Cancelaci\u00f3n gratuita hasta 2 d\u00edas antes del inicio del alquiler.<\/li>\n<li data-pm-slice=\"1 1 []\">Amplia gama de equipos con servicio completo incluido.<\/li>\n<li data-pm-slice=\"1 1 []\">Alta flexibilidad adaptada a las necesidades del negocio.<\/li>\n<\/ul>","protected":false},"featured_media":3458,"template":"","meta":{"_joinchat":[]},"product_brand":[],"product_cat":[38,36],"product_tag":[],"class_list":{"0":"post-3457","1":"product","2":"type-product","3":"status-publish","4":"has-post-thumbnail","6":"product_cat-apiladores-electricos-alquiler","7":"product_cat-carretillas-elevadoras-para-alquiler","9":"first","10":"instock","11":"shipping-taxable","12":"product-type-simple"},"_links":{"self":[{"href":"https:\/\/repmancarretillas.es\/en\/wp-json\/wp\/v2\/product\/3457","targetHints":{"allow":["GET"]}}],"collection":[{"href":"https:\/\/repmancarretillas.es\/en\/wp-json\/wp\/v2\/product"}],"about":[{"href":"https:\/\/repmancarretillas.es\/en\/wp-json\/wp\/v2\/types\/product"}],"version-history":[{"count":1,"href":"https:\/\/repmancarretillas.es\/en\/wp-json\/wp\/v2\/product\/3457\/revisions"}],"predecessor-version":[{"id":3465,"href":"https:\/\/repmancarretillas.es\/en\/wp-json\/wp\/v2\/product\/3457\/revisions\/3465"}],"wp:featuredmedia":[{"embeddable":true,"href":"https:\/\/repmancarretillas.es\/en\/wp-json\/wp\/v2\/media\/3458"}],"wp:attachment":[{"href":"https:\/\/repmancarretillas.es\/en\/wp-json\/wp\/v2\/media?parent=3457"}],"wp:term":[{"taxonomy":"product_brand","embeddable":true,"href":"https:\/\/repmancarretillas.es\/en\/wp-json\/wp\/v2\/product_brand?post=3457"},{"taxonomy":"product_cat","embeddable":true,"href":"https:\/\/repmancarretillas.es\/en\/wp-json\/wp\/v2\/product_cat?post=3457"},{"taxonomy":"product_tag","embeddable":true,"href":"https:\/\/repmancarretillas.es\/en\/wp-json\/wp\/v2\/product_tag?post=3457"}],"curies":[{"name":"wp","href":"https:\/\/api.w.org\/{rel}","templated":true}]}}