{"id":3447,"date":"2026-04-28T23:54:31","date_gmt":"2026-04-28T21:54:31","guid":{"rendered":"https:\/\/repmancarretillas.es\/?post_type=product&#038;p=3447"},"modified":"2026-04-28T23:58:19","modified_gmt":"2026-04-28T21:58:19","slug":"bt-staxio-1-45t-2","status":"publish","type":"product","link":"https:\/\/repmancarretillas.es\/en\/product\/bt-staxio-1-45t-2\/","title":{"rendered":"BT Staxio 1.45t"},"content":{"rendered":"<h2>Key benefits.<\/h2>\n<ul>\n<li data-pm-slice=\"1 1 []\">\n<p data-pm-slice=\"1 1 []\">Apilador robusto dise\u00f1ado para aplicaciones exigentes.<\/p>\n<\/li>\n<li data-pm-slice=\"1 1 []\">\n<p data-pm-slice=\"1 1 []\">Chasis de 5 puntos de apoyo que garantiza alta estabilidad y control.<\/p>\n<\/li>\n<li data-pm-slice=\"1 1 []\">\n<p data-pm-slice=\"1 1 []\">Excelente visibilidad de las horquillas para mayor seguridad operativa.<\/p>\n<\/li>\n<li data-pm-slice=\"1 1 []\">\n<p data-pm-slice=\"1 1 []\">Combina grandes alturas de elevaci\u00f3n, alta capacidad residual y gran autonom\u00eda de bater\u00eda.<\/p>\n<\/li>\n<li data-pm-slice=\"1 1 []\">\n<p data-pm-slice=\"1 1 []\">Carretilla inteligente de f\u00e1cil conexi\u00f3n, monitorizaci\u00f3n y optimizaci\u00f3n.<\/p>\n<\/li>\n<\/ul>\n<h2>Specs.<\/h2>\n<p data-pm-slice=\"1 1 []\">Apilador BT Staxio con elevaci\u00f3n hasta 5,4 m, velocidad 6 km\/h, BT Powertrak, controles ergon\u00f3micos, frenado electr\u00f3nico, seguridad del operario, desconexi\u00f3n autom\u00e1tica, rendimiento programable y telem\u00e1tica inteligente integrada.<\/p>","protected":false},"excerpt":{"rendered":"<p data-pm-slice=\"1 1 []\">\u00bfBusca una soluci\u00f3n de apilamiento de alto rendimiento? El BT Staxio SWE145 de la serie W, con 1450 kg de capacidad, cuenta con chasis robusto y ancho para mayor estabilidad, capacidades residuales elevadas y gran altura de elevaci\u00f3n. Su m\u00e1stil r\u00edgido y opciones de bater\u00eda de hasta 500 Ah lo hacen ideal para operaciones intensivas en almacenes, centros de distribuci\u00f3n e industria.<\/p>\n<p data-pm-slice=\"1 1 []\"><em><strong>1450 kg | 5400 mm | 6,0 km\/h | Carretilla inteligente<\/strong><\/em><\/p>\n<ul>\n<li data-pm-slice=\"1 1 []\">Entrega disponible en 24 horas.<\/li>\n<li data-pm-slice=\"1 1 []\">Cancelaci\u00f3n gratuita hasta 2 d\u00edas antes del inicio del alquiler.<\/li>\n<li data-pm-slice=\"1 1 []\">Amplia gama de equipos con servicio completo incluido.<\/li>\n<li data-pm-slice=\"1 1 []\">Alta flexibilidad adaptada a las necesidades del negocio.<\/li>\n<\/ul>","protected":false},"featured_media":3448,"template":"","meta":{"_joinchat":[]},"product_brand":[],"product_cat":[38,36],"product_tag":[],"class_list":{"0":"post-3447","1":"product","2":"type-product","3":"status-publish","4":"has-post-thumbnail","6":"product_cat-apiladores-electricos-alquiler","7":"product_cat-carretillas-elevadoras-para-alquiler","9":"first","10":"instock","11":"shipping-taxable","12":"product-type-simple"},"_links":{"self":[{"href":"https:\/\/repmancarretillas.es\/en\/wp-json\/wp\/v2\/product\/3447","targetHints":{"allow":["GET"]}}],"collection":[{"href":"https:\/\/repmancarretillas.es\/en\/wp-json\/wp\/v2\/product"}],"about":[{"href":"https:\/\/repmancarretillas.es\/en\/wp-json\/wp\/v2\/types\/product"}],"version-history":[{"count":1,"href":"https:\/\/repmancarretillas.es\/en\/wp-json\/wp\/v2\/product\/3447\/revisions"}],"predecessor-version":[{"id":3456,"href":"https:\/\/repmancarretillas.es\/en\/wp-json\/wp\/v2\/product\/3447\/revisions\/3456"}],"wp:featuredmedia":[{"embeddable":true,"href":"https:\/\/repmancarretillas.es\/en\/wp-json\/wp\/v2\/media\/3448"}],"wp:attachment":[{"href":"https:\/\/repmancarretillas.es\/en\/wp-json\/wp\/v2\/media?parent=3447"}],"wp:term":[{"taxonomy":"product_brand","embeddable":true,"href":"https:\/\/repmancarretillas.es\/en\/wp-json\/wp\/v2\/product_brand?post=3447"},{"taxonomy":"product_cat","embeddable":true,"href":"https:\/\/repmancarretillas.es\/en\/wp-json\/wp\/v2\/product_cat?post=3447"},{"taxonomy":"product_tag","embeddable":true,"href":"https:\/\/repmancarretillas.es\/en\/wp-json\/wp\/v2\/product_tag?post=3447"}],"curies":[{"name":"wp","href":"https:\/\/api.w.org\/{rel}","templated":true}]}}