{"id":3390,"date":"2026-04-28T23:25:52","date_gmt":"2026-04-28T21:25:52","guid":{"rendered":"https:\/\/repmancarretillas.es\/?post_type=product&#038;p=3390"},"modified":"2026-04-28T23:29:50","modified_gmt":"2026-04-28T21:29:50","slug":"bt-staxio-1-6-toneladas-plataforma-2","status":"publish","type":"product","link":"https:\/\/repmancarretillas.es\/en\/product\/bt-staxio-1-6-toneladas-plataforma-2\/","title":{"rendered":"BT Staxio 1.6 Toneladas Plataforma"},"content":{"rendered":"<h2>Key benefits.<\/h2>\n<ul>\n<li data-pm-slice=\"1 1 []\">\n<p data-pm-slice=\"1 1 []\">Ideales para aplicaciones con largos desplazamientos y operaciones de apilamiento de intensidad media y alta.<\/p>\n<\/li>\n<li data-pm-slice=\"1 1 []\">\n<p data-pm-slice=\"1 1 []\">Plataforma del operador abatible para mayor flexibilidad operativa.<\/p>\n<\/li>\n<li data-pm-slice=\"1 1 []\">\n<p data-pm-slice=\"1 1 []\">Sistema Click-2-Creep y BT Powerdrive que facilitan la maniobrabilidad.<\/p>\n<\/li>\n<li data-pm-slice=\"1 1 []\">\n<p data-pm-slice=\"1 1 []\">Chasis de 5 puntos que garantiza estabilidad y control.<\/p>\n<\/li>\n<li data-pm-slice=\"1 1 []\">\n<p data-pm-slice=\"1 1 []\">Carretilla inteligente de f\u00e1cil conexi\u00f3n, monitorizaci\u00f3n y optimizaci\u00f3n.<\/p>\n<\/li>\n<\/ul>\n<h2>Specs.<\/h2>\n<p data-pm-slice=\"1 1 []\">Apilador BT Staxio con elevaci\u00f3n hasta 6 m, velocidad 10 km\/h, Powertrak, Sensilift, controles con dedos, frenado electr\u00f3nico, seguridad del operador, apagado autom\u00e1tico, rendimiento programable y telem\u00e1tica inteligente integrada.<\/p>","protected":false},"excerpt":{"rendered":"<p data-pm-slice=\"1 1 []\">\u00bfBusca una soluci\u00f3n de apilamiento optimizada para largas distancias? Las carretillas BT Staxio con plataforma de operador ofrecen un desplazamiento r\u00e1pido, suave y estable en cualquier condici\u00f3n. Gracias a su alta capacidad de bater\u00eda y sistema de cambio lateral, incrementan significativamente la productividad operativa.<\/p>\n<p data-pm-slice=\"1 1 []\"><em><strong>1600 kg | 6000 mm | 8,0 km\/h | Carretilla inteligente<\/strong><\/em><\/p>\n<ul>\n<li data-pm-slice=\"1 1 []\">Entrega disponible en 24 horas.<\/li>\n<li data-pm-slice=\"1 1 []\">Cancelaci\u00f3n gratuita hasta 2 d\u00edas antes del inicio del alquiler.<\/li>\n<li data-pm-slice=\"1 1 []\">Amplia gama de equipos con servicio completo incluido.<\/li>\n<li data-pm-slice=\"1 1 []\">Alta flexibilidad adaptada a las necesidades del negocio.<\/li>\n<\/ul>","protected":false},"featured_media":3391,"template":"","meta":{"_joinchat":[]},"product_brand":[],"product_cat":[38,36],"product_tag":[],"class_list":{"0":"post-3390","1":"product","2":"type-product","3":"status-publish","4":"has-post-thumbnail","6":"product_cat-apiladores-electricos-alquiler","7":"product_cat-carretillas-elevadoras-para-alquiler","9":"first","10":"instock","11":"shipping-taxable","12":"product-type-simple"},"_links":{"self":[{"href":"https:\/\/repmancarretillas.es\/en\/wp-json\/wp\/v2\/product\/3390","targetHints":{"allow":["GET"]}}],"collection":[{"href":"https:\/\/repmancarretillas.es\/en\/wp-json\/wp\/v2\/product"}],"about":[{"href":"https:\/\/repmancarretillas.es\/en\/wp-json\/wp\/v2\/types\/product"}],"version-history":[{"count":1,"href":"https:\/\/repmancarretillas.es\/en\/wp-json\/wp\/v2\/product\/3390\/revisions"}],"predecessor-version":[{"id":3400,"href":"https:\/\/repmancarretillas.es\/en\/wp-json\/wp\/v2\/product\/3390\/revisions\/3400"}],"wp:featuredmedia":[{"embeddable":true,"href":"https:\/\/repmancarretillas.es\/en\/wp-json\/wp\/v2\/media\/3391"}],"wp:attachment":[{"href":"https:\/\/repmancarretillas.es\/en\/wp-json\/wp\/v2\/media?parent=3390"}],"wp:term":[{"taxonomy":"product_brand","embeddable":true,"href":"https:\/\/repmancarretillas.es\/en\/wp-json\/wp\/v2\/product_brand?post=3390"},{"taxonomy":"product_cat","embeddable":true,"href":"https:\/\/repmancarretillas.es\/en\/wp-json\/wp\/v2\/product_cat?post=3390"},{"taxonomy":"product_tag","embeddable":true,"href":"https:\/\/repmancarretillas.es\/en\/wp-json\/wp\/v2\/product_tag?post=3390"}],"curies":[{"name":"wp","href":"https:\/\/api.w.org\/{rel}","templated":true}]}}