{"id":3361,"date":"2026-04-28T23:13:58","date_gmt":"2026-04-28T21:13:58","guid":{"rendered":"https:\/\/repmancarretillas.es\/?post_type=product&#038;p=3361"},"modified":"2026-04-28T23:17:47","modified_gmt":"2026-04-28T21:17:47","slug":"bt-staxio-08-toneladas-2","status":"publish","type":"product","link":"https:\/\/repmancarretillas.es\/en\/product\/bt-staxio-08-toneladas-2\/","title":{"rendered":"BT Staxio 0,8 Toneladas"},"content":{"rendered":"<h2>Key benefits.<\/h2>\n<ul>\n<li data-pm-slice=\"1 1 []\">\n<p data-pm-slice=\"1 1 []\">Brazos de soporte elevables para uso en superficies irregulares y manipulaci\u00f3n doble de pallets.<\/p>\n<\/li>\n<li data-pm-slice=\"1 1 []\">\n<p data-pm-slice=\"1 1 []\">Chasis de 5 puntos de apoyo que garantiza alta estabilidad y control.<\/p>\n<\/li>\n<li data-pm-slice=\"1 1 []\">\n<p data-pm-slice=\"1 1 []\">Excelente visibilidad de las horquillas para mayor seguridad operativa.<\/p>\n<\/li>\n<li data-pm-slice=\"1 1 []\">\n<p data-pm-slice=\"1 1 []\">Ajuste autom\u00e1tico de altura disponible como opci\u00f3n.<\/p>\n<\/li>\n<li data-pm-slice=\"1 1 []\">\n<p data-pm-slice=\"1 1 []\">Carretilla inteligente de f\u00e1cil conexi\u00f3n, monitorizaci\u00f3n y optimizaci\u00f3n.<\/p>\n<\/li>\n<\/ul>\n<h2>Specs.<\/h2>\n<p data-pm-slice=\"1 1 []\">Apilador BT Staxio SWE080L con brazos elevadores para suelos irregulares, altura 1,58 m, velocidad 6 km\/h, BT Powerdrive, Castorlink, Click-2-Creep, frenado electr\u00f3nico, seguridad del operador, telem\u00e1tica inteligente y dise\u00f1o compacto.<\/p>","protected":false},"excerpt":{"rendered":"<p data-pm-slice=\"0 0 []\">\u00bfBusca una soluci\u00f3n de apilamiento para aplicaciones de intensidad baja a media? El BT Staxio SWE080L, con 800 kg de capacidad de carga y hasta 2000 kg en brazos de soporte, es ideal para interiores de tiendas y comercios. Su monom\u00e1stil proporciona excelente visibilidad y permite usar las horquillas como superficie de trabajo. Con ajuste autom\u00e1tico de altura opcional, mejora la ergonom\u00eda en la preparaci\u00f3n de pedidos.<\/p>\n<p data-pm-slice=\"1 1 []\"><em><strong>800 kg |1580 mm | 6,0 km\/h | Carretilla inteligente<\/strong><\/em><\/p>\n<ul>\n<li data-pm-slice=\"1 1 []\">Entrega disponible en 24 horas.<\/li>\n<li data-pm-slice=\"1 1 []\">Cancelaci\u00f3n gratuita hasta 2 d\u00edas antes del inicio del alquiler.<\/li>\n<li data-pm-slice=\"1 1 []\">Amplia gama de equipos con servicio completo incluido.<\/li>\n<li data-pm-slice=\"1 1 []\">Alta flexibilidad adaptada a las necesidades del negocio.<\/li>\n<\/ul>","protected":false},"featured_media":3362,"template":"","meta":{"_joinchat":[]},"product_brand":[],"product_cat":[38,36],"product_tag":[],"class_list":{"0":"post-3361","1":"product","2":"type-product","3":"status-publish","4":"has-post-thumbnail","6":"product_cat-apiladores-electricos-alquiler","7":"product_cat-carretillas-elevadoras-para-alquiler","9":"first","10":"instock","11":"shipping-taxable","12":"product-type-simple"},"_links":{"self":[{"href":"https:\/\/repmancarretillas.es\/en\/wp-json\/wp\/v2\/product\/3361","targetHints":{"allow":["GET"]}}],"collection":[{"href":"https:\/\/repmancarretillas.es\/en\/wp-json\/wp\/v2\/product"}],"about":[{"href":"https:\/\/repmancarretillas.es\/en\/wp-json\/wp\/v2\/types\/product"}],"version-history":[{"count":1,"href":"https:\/\/repmancarretillas.es\/en\/wp-json\/wp\/v2\/product\/3361\/revisions"}],"predecessor-version":[{"id":3371,"href":"https:\/\/repmancarretillas.es\/en\/wp-json\/wp\/v2\/product\/3361\/revisions\/3371"}],"wp:featuredmedia":[{"embeddable":true,"href":"https:\/\/repmancarretillas.es\/en\/wp-json\/wp\/v2\/media\/3362"}],"wp:attachment":[{"href":"https:\/\/repmancarretillas.es\/en\/wp-json\/wp\/v2\/media?parent=3361"}],"wp:term":[{"taxonomy":"product_brand","embeddable":true,"href":"https:\/\/repmancarretillas.es\/en\/wp-json\/wp\/v2\/product_brand?post=3361"},{"taxonomy":"product_cat","embeddable":true,"href":"https:\/\/repmancarretillas.es\/en\/wp-json\/wp\/v2\/product_cat?post=3361"},{"taxonomy":"product_tag","embeddable":true,"href":"https:\/\/repmancarretillas.es\/en\/wp-json\/wp\/v2\/product_tag?post=3361"}],"curies":[{"name":"wp","href":"https:\/\/api.w.org\/{rel}","templated":true}]}}