{"id":3314,"date":"2026-04-28T22:32:43","date_gmt":"2026-04-28T20:32:43","guid":{"rendered":"https:\/\/repmancarretillas.es\/?post_type=product&#038;p=3314"},"modified":"2026-04-28T22:36:21","modified_gmt":"2026-04-28T20:36:21","slug":"bt-levio-1-8-toneladas-2","status":"publish","type":"product","link":"https:\/\/repmancarretillas.es\/en\/product\/bt-levio-1-8-toneladas-2\/","title":{"rendered":"BT Levio 1.8 Tons"},"content":{"rendered":"<h2>Key benefits.<\/h2>\n<ul>\n<li data-pm-slice=\"1 1 []\">\n<p data-pm-slice=\"1 1 []\">Dise\u00f1ada para uso de intensidad media con mayor capacidad de bater\u00eda.<\/p>\n<\/li>\n<li data-pm-slice=\"1 1 []\">\n<p data-pm-slice=\"1 1 []\">Control con los dedos para conducci\u00f3n, elevaci\u00f3n y descenso, con funci\u00f3n Click-2-Creep.<\/p>\n<\/li>\n<li data-pm-slice=\"1 1 []\">\n<p data-pm-slice=\"1 1 []\">Visi\u00f3n clara y segura de las horquillas.<\/p>\n<\/li>\n<li data-pm-slice=\"1 1 []\">\n<p data-pm-slice=\"1 1 []\">Carretilla inteligente de f\u00e1cil conexi\u00f3n, monitorizaci\u00f3n y optimizaci\u00f3n.<\/p>\n<\/li>\n<\/ul>\n<h2>Specs.<\/h2>\n<p data-pm-slice=\"1 1 []\">Transpaleta el\u00e9ctrica con BT Powerdrive, Click-2-Creep, controles ergon\u00f3micos, frenado electr\u00f3nico, control de velocidad, seguridad del operador, apagado autom\u00e1tico, compartimentos, par\u00e1metros programables, f\u00e1cil mantenimiento y telem\u00e1tica inteligente con opciones adicionales integradas.<\/p>","protected":false},"excerpt":{"rendered":"<p data-pm-slice=\"1 1 []\">\u00bfBusca una soluci\u00f3n vers\u00e1til y f\u00e1cil de operar para m\u00faltiples aplicaciones? Las transpaletas el\u00e9ctricas BT Levio incorporan un dise\u00f1o enfocado en la seguridad y un tim\u00f3n ergon\u00f3mico que permite maniobras precisas en posici\u00f3n vertical mediante el sistema Click-2-Creep.<\/p>\n<p data-pm-slice=\"1 1 []\"><em><strong>1800 kg | 6.0 km\/h | Smart forklift<\/strong><\/em><\/p>\n<ul>\n<li data-pm-slice=\"1 1 []\">Entrega disponible en 24 horas.<\/li>\n<li data-pm-slice=\"1 1 []\">Cancelaci\u00f3n gratuita hasta 2 d\u00edas antes del inicio del alquiler.<\/li>\n<li data-pm-slice=\"1 1 []\">Amplia gama de equipos con servicio completo incluido.<\/li>\n<li data-pm-slice=\"1 1 []\">Alta flexibilidad adaptada a las necesidades del negocio.<\/li>\n<\/ul>","protected":false},"featured_media":3315,"template":"","meta":{"_joinchat":[]},"product_brand":[],"product_cat":[36,37],"product_tag":[],"class_list":{"0":"post-3314","1":"product","2":"type-product","3":"status-publish","4":"has-post-thumbnail","6":"product_cat-carretillas-elevadoras-para-alquiler","7":"product_cat-transpaletas-electricas-alquiler","9":"first","10":"instock","11":"shipping-taxable","12":"product-type-simple"},"_links":{"self":[{"href":"https:\/\/repmancarretillas.es\/en\/wp-json\/wp\/v2\/product\/3314","targetHints":{"allow":["GET"]}}],"collection":[{"href":"https:\/\/repmancarretillas.es\/en\/wp-json\/wp\/v2\/product"}],"about":[{"href":"https:\/\/repmancarretillas.es\/en\/wp-json\/wp\/v2\/types\/product"}],"version-history":[{"count":1,"href":"https:\/\/repmancarretillas.es\/en\/wp-json\/wp\/v2\/product\/3314\/revisions"}],"predecessor-version":[{"id":3322,"href":"https:\/\/repmancarretillas.es\/en\/wp-json\/wp\/v2\/product\/3314\/revisions\/3322"}],"wp:featuredmedia":[{"embeddable":true,"href":"https:\/\/repmancarretillas.es\/en\/wp-json\/wp\/v2\/media\/3315"}],"wp:attachment":[{"href":"https:\/\/repmancarretillas.es\/en\/wp-json\/wp\/v2\/media?parent=3314"}],"wp:term":[{"taxonomy":"product_brand","embeddable":true,"href":"https:\/\/repmancarretillas.es\/en\/wp-json\/wp\/v2\/product_brand?post=3314"},{"taxonomy":"product_cat","embeddable":true,"href":"https:\/\/repmancarretillas.es\/en\/wp-json\/wp\/v2\/product_cat?post=3314"},{"taxonomy":"product_tag","embeddable":true,"href":"https:\/\/repmancarretillas.es\/en\/wp-json\/wp\/v2\/product_tag?post=3314"}],"curies":[{"name":"wp","href":"https:\/\/api.w.org\/{rel}","templated":true}]}}