{"id":3253,"date":"2026-04-28T21:30:01","date_gmt":"2026-04-28T19:30:01","guid":{"rendered":"https:\/\/repmancarretillas.es\/?post_type=product&#038;p=3253"},"modified":"2026-04-28T21:34:48","modified_gmt":"2026-04-28T19:34:48","slug":"bt-vector-1-0t-con-direccion-articulada","status":"publish","type":"product","link":"https:\/\/repmancarretillas.es\/en\/product\/bt-vector-1-0t-con-direccion-articulada\/","title":{"rendered":"BT Vector 1.0t con direcci\u00f3n articulada"},"content":{"rendered":"<h2>Key benefits.<\/h2>\n<ul>\n<li data-pm-slice=\"1 1 []\">\n<p data-pm-slice=\"1 1 []\">Direcci\u00f3n articulada exclusiva que permite un radio de giro reducido.<\/p>\n<\/li>\n<li data-pm-slice=\"1 1 []\">\n<p data-pm-slice=\"1 1 []\">Preparaci\u00f3n de pedidos en altura y manipulaci\u00f3n de pallets completos en pasillos guiados por cables o ra\u00edles.<\/p>\n<\/li>\n<li data-pm-slice=\"1 1 []\">\n<p data-pm-slice=\"1 1 []\">BT Optipace ajusta autom\u00e1ticamente la velocidad y el rendimiento seg\u00fan la altura de elevaci\u00f3n y el peso de la carga.<\/p>\n<\/li>\n<li data-pm-slice=\"1 1 []\">\n<p data-pm-slice=\"1 1 []\">Carretilla inteligente de f\u00e1cil conexi\u00f3n, control y optimizaci\u00f3n<\/p>\n<\/li>\n<\/ul>\n<h2>Specs.<\/h2>\n<p data-pm-slice=\"1 1 []\">Direcci\u00f3n articulada: Para una excelente maniobrabilidad, incluso en cambios r\u00e1pidos de pasillo. Permite un pasillo de transferencia hasta un metro m\u00e1s estrecho que el requerido por una carretilla no articulada. Tenga en cuenta que el sistema de elevaci\u00f3n avanzado (ALS) que muestra la imagen solo est\u00e1 disponible en la VCE150A.<\/p>","protected":false},"excerpt":{"rendered":"<p data-pm-slice=\"1 1 []\">El concepto Advanced VNA de Toyota, basado en la BT Vector serie A, incorpora soluciones avanzadas de ahorro de espacio y optimizaci\u00f3n de la productividad. Su chasis articulado ofrece gran estabilidad y minimiza el espacio requerido entre pasillos, permitiendo maximizar la capacidad de almacenamiento y alcanzar altos niveles de rendimiento.<\/p>\n<p data-pm-slice=\"1 1 []\"><em><strong>1000 kg | 10500 mm | 9,0 km\/h | Carretilla inteligente<\/strong><\/em><\/p>\n<p data-pm-slice=\"1 1 []\">Direcci\u00f3n articulada: Para una excelente maniobrabilidad, incluso en cambios r\u00e1pidos de pasillo. Permite un pasillo de transferencia hasta un metro m\u00e1s estrecho que el requerido por una carretilla no articulada. Tenga en cuenta que el sistema de elevaci\u00f3n avanzado (ALS) que muestra la imagen solo est\u00e1 disponible en la VCE150A.<\/p>","protected":false},"featured_media":3254,"template":"","meta":{"_joinchat":[]},"product_brand":[],"product_cat":[26,35],"product_tag":[],"class_list":{"0":"post-3253","1":"product","2":"type-product","3":"status-publish","4":"has-post-thumbnail","6":"product_cat-carretillas-elevadoras","7":"product_cat-carretillas-trilaterales","9":"first","10":"instock","11":"shipping-taxable","12":"product-type-simple"},"_links":{"self":[{"href":"https:\/\/repmancarretillas.es\/en\/wp-json\/wp\/v2\/product\/3253","targetHints":{"allow":["GET"]}}],"collection":[{"href":"https:\/\/repmancarretillas.es\/en\/wp-json\/wp\/v2\/product"}],"about":[{"href":"https:\/\/repmancarretillas.es\/en\/wp-json\/wp\/v2\/types\/product"}],"version-history":[{"count":1,"href":"https:\/\/repmancarretillas.es\/en\/wp-json\/wp\/v2\/product\/3253\/revisions"}],"predecessor-version":[{"id":3264,"href":"https:\/\/repmancarretillas.es\/en\/wp-json\/wp\/v2\/product\/3253\/revisions\/3264"}],"wp:featuredmedia":[{"embeddable":true,"href":"https:\/\/repmancarretillas.es\/en\/wp-json\/wp\/v2\/media\/3254"}],"wp:attachment":[{"href":"https:\/\/repmancarretillas.es\/en\/wp-json\/wp\/v2\/media?parent=3253"}],"wp:term":[{"taxonomy":"product_brand","embeddable":true,"href":"https:\/\/repmancarretillas.es\/en\/wp-json\/wp\/v2\/product_brand?post=3253"},{"taxonomy":"product_cat","embeddable":true,"href":"https:\/\/repmancarretillas.es\/en\/wp-json\/wp\/v2\/product_cat?post=3253"},{"taxonomy":"product_tag","embeddable":true,"href":"https:\/\/repmancarretillas.es\/en\/wp-json\/wp\/v2\/product_tag?post=3253"}],"curies":[{"name":"wp","href":"https:\/\/api.w.org\/{rel}","templated":true}]}}